{"id":58,"date":"2021-09-13T17:41:16","date_gmt":"2021-09-13T17:41:16","guid":{"rendered":"https:\/\/www.leoschule-luenen.de\/wordpress\/?page_id=58"},"modified":"2023-01-25T09:12:00","modified_gmt":"2023-01-25T09:12:00","slug":"corona-infoseite","status":"publish","type":"page","link":"https:\/\/www.leoschule-luenen.de\/index.php\/corona-infoseite\/","title":{"rendered":"Corona Infoseite"},"content":{"rendered":"\n<div class=\"wp-block-columns alignfull is-layout-flex wp-container-core-columns-is-layout-28f84493 wp-block-columns-is-layout-flex\">\n<div class=\"wp-block-column is-layout-flow wp-block-column-is-layout-flow\" style=\"flex-basis:100%\">\n<p>Liebe Eltern,<\/p>\n<\/div>\n<\/div>\n\n\n\n<div class=\"wp-block-columns alignfull is-layout-flex wp-container-core-columns-is-layout-28f84493 wp-block-columns-is-layout-flex\">\n<div class=\"wp-block-column is-layout-flow wp-block-column-is-layout-flow\" style=\"flex-basis:100%\">\n<p>die Coronapandemie stellt uns alle nach wie vor vor gro\u00dfe Herausforderungen, da es etwas Vergleichbares noch nie gegeben hat. Daher sehen Sie es uns bitte nach, wenn sich m\u00f6glicherweise innerhalb weniger Stunden oder Tage neue Situationen aufgrund neuer Erkenntnisse, Erlasse oder Anweisungen aus D\u00fcsseldorf, Arnsberg oder Unna ergeben. Wir werden Sie auf unserer Homepage, in der LeoApp und auf unserer Facebook-Seite schnellstm\u00f6glich \u00fcber Neuerungen informieren. E<a href=\"https:\/\/www.leoschule-luenen.de\/index.php\/quarantaene-und-mehr\/\">ine \u00dcbersicht \u00fcber die aktuellen Quarant\u00e4ne- und Isolationsregelungen finden Sie hier.<\/a><\/p>\n<\/div>\n<\/div>\n\n\n\n<p class=\"has-vivid-red-color has-light-green-cyan-background-color has-text-color has-background has-medium-font-size\"><em><strong>25.01.2023 &#8211; Schulbetrieb nach Auslaufen der Corona-Verordnungen<\/strong><\/em> &#8211; <strong>Informationen <em>des Ministeriums f\u00fcr Schule und Bildung NRW<\/em><\/strong><br><strong>Zum 01.02.2023 enden in NRW nahezu alle relevanten Ma\u00dfnahmen, die im Zusammenhang mit Corona getroffen wurden.<\/strong> Dies gilt auch f\u00fcr die Ma\u00dfnahmen, die f\u00fcr die Schulen in NRW gelten. <a href=\"https:\/\/www.leoschule-luenen.de\/wp-content\/uploads\/2023\/01\/Ende-der-Coronamassnahmen-Brief-der-Ministerin-an-die-Eltern-und-Erziehungsberechtigten.pdf\">Einen Brief der Schulministerin hierzu finden Sie hier<\/a>.<\/p>\n\n\n\n<p class=\"has-pale-cyan-blue-background-color has-background has-medium-font-size\"><em><strong>19.12.2022 &#8211; Handlungskonzept <\/strong><\/em><strong><em>Corona des Ministeriums f\u00fcr Schule und Bildung NRW<\/em><\/strong><br>Die verpflichtende Isolierung nach einem positiven Schnell- oder PCR-Test <strong>endet nunmehr automatisch nach Ablauf von f\u00fcnf vollen Tagen<\/strong> ab dem Tag der Vornahme des ersten positiven Tests. <strong>Zur Beendigung der Isolierung nach f\u00fcnf vollen Tagen bedarf es damit keines abschlie\u00dfenden negativen Testnachweises mehr.<\/strong><\/p>\n\n\n\n<pre class=\"wp-block-preformatted has-ast-global-color-1-color has-light-green-cyan-background-color has-text-color has-background has-medium-font-size\">04.08.2022\n<strong>Schreiben der Ministerin<\/strong>\n\nLiebe Eltern,\n\nunsere neue Schulministerin Dorothee Feller hat einen Elternbrief verfasst, der sich direkt an Sie als Eltern wendet. Darin werden die nun g\u00fcltigen Coronaregelungen erl\u00e4utert. \n\n<a href=\"https:\/\/www.schulministerium.nrw\/system\/files\/media\/document\/file\/brief_der_ministerin_an_die_eltern_erziehungsberechtigten_aller_sus_zu_corona-massnahmen_ab_10.08.2022.pdf\">Diesen Brief k\u00f6nnen Sie hier downloaden.<\/a> <a href=\"https:\/\/www.mags.nrw\/sites\/default\/files\/asset\/document\/corona_schaubild_140422.pdf\" target=\"_blank\" rel=\"noreferrer noopener\">\n<\/a>\n<\/pre>\n\n\n\n<pre class=\"wp-block-preformatted has-ast-global-color-1-color has-pale-pink-background-color has-text-color has-background has-medium-font-size\"><strong>Hinweise zu Quarant\u00e4ne, Isolation, \u2026<\/strong>\nDas nordrhein-westf\u00e4lische Gesundheitsministerium hat eine neue Corona-Test-und-Quarant\u00e4neverordnung ver\u00f6ffentlicht. Diese gilt ab Donnerstag, 5. Mai 2022. In der neuen Verordnung werden die Isolierungszeiten f\u00fcr infizierte Personen verk\u00fcrzt: War bisher die Freitestung erst am siebten Tag m\u00f6glich, k<strong>ann die Isolierung nun bereits durch einen fr\u00fchestens am f\u00fcnften Tag der Isolierung erfolgten negativen Test beendet werden.<\/strong> In Nordrhein-Westfalen ist f\u00fcr das Freitesten aber nach wie vor ein offizieller Test (B\u00fcrgertestung oder PCR-Test) erforderlich. Ohne Freitestung endet die Isolierung wie bisher automatisch nach zehn Tagen.\n\n<strong>F\u00fcr Kontaktpersonen besteht keine Absonderungspflicht mehr.<\/strong> Vielmehr wird die RKI-Empfehlung umgesetzt, Kontakte zu reduzieren.\n\nKinder mit Symptomen (Husten, Schnupfen, Halsschmerzen, Fieber, \u2026) kommen bitte trotzdem weiterhin generell nicht zur Schule, bis die Symptome abgeklungen sind! Es ist aber nat\u00fcrlich weiterhin freiwillig m\u00f6glich, eine Maske zu tragen!\n\n3. <a href=\"https:\/\/www.leoschule-luenen.de\/index.php\/quarantaene-und-mehr\/\">Die aktuellen Regelungen bzgl. Isolation und Quarant\u00e4ne finden Sie hier.<\/a><a href=\"https:\/\/www.mags.nrw\/sites\/default\/files\/asset\/document\/corona_schaubild_140422.pdf\" target=\"_blank\" rel=\"noreferrer noopener\">\n<\/a>\n<\/pre>\n\n\n\n<p><\/p>\n","protected":false},"excerpt":{"rendered":"<p>Liebe Eltern, die Coronapandemie stellt uns alle nach wie vor vor gro\u00dfe Herausforderungen, da es etwas Vergleichbares noch nie gegeben hat. Daher sehen Sie es uns bitte nach, wenn sich m\u00f6glicherweise innerhalb weniger Stunden oder Tage neue Situationen aufgrund neuer Erkenntnisse, Erlasse oder Anweisungen aus D\u00fcsseldorf, Arnsberg oder Unna ergeben. Wir werden Sie auf unserer [&hellip;]<\/p>\n","protected":false},"author":2,"featured_media":0,"parent":0,"menu_order":0,"comment_status":"closed","ping_status":"closed","template":"","meta":{"site-sidebar-layout":"default","site-content-layout":"default","ast-site-content-layout":"default","site-content-style":"default","site-sidebar-style":"default","ast-global-header-display":"","ast-banner-title-visibility":"","ast-main-header-display":"","ast-hfb-above-header-display":"","ast-hfb-below-header-display":"","ast-hfb-mobile-header-display":"","site-post-title":"","ast-breadcrumbs-content":"","ast-featured-img":"","footer-sml-layout":"","ast-disable-related-posts":"","theme-transparent-header-meta":"default","adv-header-id-meta":"","stick-header-meta":"","header-above-stick-meta":"","header-main-stick-meta":"","header-below-stick-meta":"","astra-migrate-meta-layouts":"default","ast-page-background-enabled":"default","ast-page-background-meta":{"desktop":{"background-color":"var(--ast-global-color-4)","background-image":"","background-repeat":"repeat","background-position":"center center","background-size":"auto","background-attachment":"scroll","background-type":"","background-media":"","overlay-type":"","overlay-color":"","overlay-opacity":"","overlay-gradient":""},"tablet":{"background-color":"","background-image":"","background-repeat":"repeat","background-position":"center center","background-size":"auto","background-attachment":"scroll","background-type":"","background-media":"","overlay-type":"","overlay-color":"","overlay-opacity":"","overlay-gradient":""},"mobile":{"background-color":"","background-image":"","background-repeat":"repeat","background-position":"center center","background-size":"auto","background-attachment":"scroll","background-type":"","background-media":"","overlay-type":"","overlay-color":"","overlay-opacity":"","overlay-gradient":""}},"ast-content-background-meta":{"desktop":{"background-color":"var(--ast-global-color-5)","background-image":"","background-repeat":"repeat","background-position":"center center","background-size":"auto","background-attachment":"scroll","background-type":"","background-media":"","overlay-type":"","overlay-color":"","overlay-opacity":"","overlay-gradient":""},"tablet":{"background-color":"var(--ast-global-color-5)","background-image":"","background-repeat":"repeat","background-position":"center center","background-size":"auto","background-attachment":"scroll","background-type":"","background-media":"","overlay-type":"","overlay-color":"","overlay-opacity":"","overlay-gradient":""},"mobile":{"background-color":"var(--ast-global-color-5)","background-image":"","background-repeat":"repeat","background-position":"center center","background-size":"auto","background-attachment":"scroll","background-type":"","background-media":"","overlay-type":"","overlay-color":"","overlay-opacity":"","overlay-gradient":""}},"footnotes":""},"class_list":["post-58","page","type-page","status-publish","hentry"],"yoast_head":"<!-- This site is optimized with the Yoast SEO plugin v27.5 - https:\/\/yoast.com\/product\/yoast-seo-wordpress\/ -->\n<title>Corona Infoseite - Leoschule L\u00fcnen<\/title>\n<meta name=\"robots\" content=\"index, follow, max-snippet:-1, max-image-preview:large, max-video-preview:-1\" \/>\n<link rel=\"canonical\" href=\"https:\/\/www.leoschule-luenen.de\/index.php\/corona-infoseite\/\" \/>\n<meta property=\"og:locale\" content=\"de_DE\" \/>\n<meta property=\"og:type\" content=\"article\" \/>\n<meta property=\"og:title\" content=\"Corona Infoseite - Leoschule L\u00fcnen\" \/>\n<meta property=\"og:description\" content=\"Liebe Eltern, die Coronapandemie stellt uns alle nach wie vor vor gro\u00dfe Herausforderungen, da es etwas Vergleichbares noch nie gegeben hat. Daher sehen Sie es uns bitte nach, wenn sich m\u00f6glicherweise innerhalb weniger Stunden oder Tage neue Situationen aufgrund neuer Erkenntnisse, Erlasse oder Anweisungen aus D\u00fcsseldorf, Arnsberg oder Unna ergeben. Wir werden Sie auf unserer [&hellip;]\" \/>\n<meta property=\"og:url\" content=\"https:\/\/www.leoschule-luenen.de\/index.php\/corona-infoseite\/\" \/>\n<meta property=\"og:site_name\" content=\"Leoschule L\u00fcnen\" \/>\n<meta property=\"article:modified_time\" content=\"2023-01-25T09:12:00+00:00\" \/>\n<meta name=\"twitter:card\" content=\"summary_large_image\" \/>\n<meta name=\"twitter:label1\" content=\"Gesch\u00e4tzte Lesezeit\" \/>\n\t<meta name=\"twitter:data1\" content=\"3\u00a0Minuten\" \/>\n<script type=\"application\/ld+json\" class=\"yoast-schema-graph\">{\"@context\":\"https:\\\/\\\/schema.org\",\"@graph\":[{\"@type\":\"WebPage\",\"@id\":\"https:\\\/\\\/www.leoschule-luenen.de\\\/index.php\\\/corona-infoseite\\\/\",\"url\":\"https:\\\/\\\/www.leoschule-luenen.de\\\/index.php\\\/corona-infoseite\\\/\",\"name\":\"Corona Infoseite - Leoschule L\u00fcnen\",\"isPartOf\":{\"@id\":\"https:\\\/\\\/www.leoschule-luenen.de\\\/#website\"},\"datePublished\":\"2021-09-13T17:41:16+00:00\",\"dateModified\":\"2023-01-25T09:12:00+00:00\",\"breadcrumb\":{\"@id\":\"https:\\\/\\\/www.leoschule-luenen.de\\\/index.php\\\/corona-infoseite\\\/#breadcrumb\"},\"inLanguage\":\"de\",\"potentialAction\":[{\"@type\":\"ReadAction\",\"target\":[\"https:\\\/\\\/www.leoschule-luenen.de\\\/index.php\\\/corona-infoseite\\\/\"]}]},{\"@type\":\"BreadcrumbList\",\"@id\":\"https:\\\/\\\/www.leoschule-luenen.de\\\/index.php\\\/corona-infoseite\\\/#breadcrumb\",\"itemListElement\":[{\"@type\":\"ListItem\",\"position\":1,\"name\":\"Startseite\",\"item\":\"https:\\\/\\\/www.leoschule-luenen.de\\\/\"},{\"@type\":\"ListItem\",\"position\":2,\"name\":\"Corona Infoseite\"}]},{\"@type\":\"WebSite\",\"@id\":\"https:\\\/\\\/www.leoschule-luenen.de\\\/#website\",\"url\":\"https:\\\/\\\/www.leoschule-luenen.de\\\/\",\"name\":\"Leoschule L\u00fcnen\",\"description\":\"St\u00e4dtische Katholische Grundschule\",\"publisher\":{\"@id\":\"https:\\\/\\\/www.leoschule-luenen.de\\\/#organization\"},\"potentialAction\":[{\"@type\":\"SearchAction\",\"target\":{\"@type\":\"EntryPoint\",\"urlTemplate\":\"https:\\\/\\\/www.leoschule-luenen.de\\\/?s={search_term_string}\"},\"query-input\":{\"@type\":\"PropertyValueSpecification\",\"valueRequired\":true,\"valueName\":\"search_term_string\"}}],\"inLanguage\":\"de\"},{\"@type\":\"Organization\",\"@id\":\"https:\\\/\\\/www.leoschule-luenen.de\\\/#organization\",\"name\":\"Leoschule\",\"url\":\"https:\\\/\\\/www.leoschule-luenen.de\\\/\",\"logo\":{\"@type\":\"ImageObject\",\"inLanguage\":\"de\",\"@id\":\"https:\\\/\\\/www.leoschule-luenen.de\\\/#\\\/schema\\\/logo\\\/image\\\/\",\"url\":\"https:\\\/\\\/www.leoschule-luenen.de\\\/wp-content\\\/uploads\\\/2021\\\/09\\\/cropped-LeoLogo-2.jpg\",\"contentUrl\":\"https:\\\/\\\/www.leoschule-luenen.de\\\/wp-content\\\/uploads\\\/2021\\\/09\\\/cropped-LeoLogo-2.jpg\",\"width\":342,\"height\":342,\"caption\":\"Leoschule\"},\"image\":{\"@id\":\"https:\\\/\\\/www.leoschule-luenen.de\\\/#\\\/schema\\\/logo\\\/image\\\/\"}}]}<\/script>\n<!-- \/ Yoast SEO plugin. -->","yoast_head_json":{"title":"Corona Infoseite - Leoschule L\u00fcnen","robots":{"index":"index","follow":"follow","max-snippet":"max-snippet:-1","max-image-preview":"max-image-preview:large","max-video-preview":"max-video-preview:-1"},"canonical":"https:\/\/www.leoschule-luenen.de\/index.php\/corona-infoseite\/","og_locale":"de_DE","og_type":"article","og_title":"Corona Infoseite - Leoschule L\u00fcnen","og_description":"Liebe Eltern, die Coronapandemie stellt uns alle nach wie vor vor gro\u00dfe Herausforderungen, da es etwas Vergleichbares noch nie gegeben hat. Daher sehen Sie es uns bitte nach, wenn sich m\u00f6glicherweise innerhalb weniger Stunden oder Tage neue Situationen aufgrund neuer Erkenntnisse, Erlasse oder Anweisungen aus D\u00fcsseldorf, Arnsberg oder Unna ergeben. Wir werden Sie auf unserer [&hellip;]","og_url":"https:\/\/www.leoschule-luenen.de\/index.php\/corona-infoseite\/","og_site_name":"Leoschule L\u00fcnen","article_modified_time":"2023-01-25T09:12:00+00:00","twitter_card":"summary_large_image","twitter_misc":{"Gesch\u00e4tzte Lesezeit":"3\u00a0Minuten"},"schema":{"@context":"https:\/\/schema.org","@graph":[{"@type":"WebPage","@id":"https:\/\/www.leoschule-luenen.de\/index.php\/corona-infoseite\/","url":"https:\/\/www.leoschule-luenen.de\/index.php\/corona-infoseite\/","name":"Corona Infoseite - Leoschule L\u00fcnen","isPartOf":{"@id":"https:\/\/www.leoschule-luenen.de\/#website"},"datePublished":"2021-09-13T17:41:16+00:00","dateModified":"2023-01-25T09:12:00+00:00","breadcrumb":{"@id":"https:\/\/www.leoschule-luenen.de\/index.php\/corona-infoseite\/#breadcrumb"},"inLanguage":"de","potentialAction":[{"@type":"ReadAction","target":["https:\/\/www.leoschule-luenen.de\/index.php\/corona-infoseite\/"]}]},{"@type":"BreadcrumbList","@id":"https:\/\/www.leoschule-luenen.de\/index.php\/corona-infoseite\/#breadcrumb","itemListElement":[{"@type":"ListItem","position":1,"name":"Startseite","item":"https:\/\/www.leoschule-luenen.de\/"},{"@type":"ListItem","position":2,"name":"Corona Infoseite"}]},{"@type":"WebSite","@id":"https:\/\/www.leoschule-luenen.de\/#website","url":"https:\/\/www.leoschule-luenen.de\/","name":"Leoschule L\u00fcnen","description":"St\u00e4dtische Katholische Grundschule","publisher":{"@id":"https:\/\/www.leoschule-luenen.de\/#organization"},"potentialAction":[{"@type":"SearchAction","target":{"@type":"EntryPoint","urlTemplate":"https:\/\/www.leoschule-luenen.de\/?s={search_term_string}"},"query-input":{"@type":"PropertyValueSpecification","valueRequired":true,"valueName":"search_term_string"}}],"inLanguage":"de"},{"@type":"Organization","@id":"https:\/\/www.leoschule-luenen.de\/#organization","name":"Leoschule","url":"https:\/\/www.leoschule-luenen.de\/","logo":{"@type":"ImageObject","inLanguage":"de","@id":"https:\/\/www.leoschule-luenen.de\/#\/schema\/logo\/image\/","url":"https:\/\/www.leoschule-luenen.de\/wp-content\/uploads\/2021\/09\/cropped-LeoLogo-2.jpg","contentUrl":"https:\/\/www.leoschule-luenen.de\/wp-content\/uploads\/2021\/09\/cropped-LeoLogo-2.jpg","width":342,"height":342,"caption":"Leoschule"},"image":{"@id":"https:\/\/www.leoschule-luenen.de\/#\/schema\/logo\/image\/"}}]}},"_links":{"self":[{"href":"https:\/\/www.leoschule-luenen.de\/index.php\/wp-json\/wp\/v2\/pages\/58","targetHints":{"allow":["GET"]}}],"collection":[{"href":"https:\/\/www.leoschule-luenen.de\/index.php\/wp-json\/wp\/v2\/pages"}],"about":[{"href":"https:\/\/www.leoschule-luenen.de\/index.php\/wp-json\/wp\/v2\/types\/page"}],"author":[{"embeddable":true,"href":"https:\/\/www.leoschule-luenen.de\/index.php\/wp-json\/wp\/v2\/users\/2"}],"replies":[{"embeddable":true,"href":"https:\/\/www.leoschule-luenen.de\/index.php\/wp-json\/wp\/v2\/comments?post=58"}],"version-history":[{"count":40,"href":"https:\/\/www.leoschule-luenen.de\/index.php\/wp-json\/wp\/v2\/pages\/58\/revisions"}],"predecessor-version":[{"id":1257,"href":"https:\/\/www.leoschule-luenen.de\/index.php\/wp-json\/wp\/v2\/pages\/58\/revisions\/1257"}],"wp:attachment":[{"href":"https:\/\/www.leoschule-luenen.de\/index.php\/wp-json\/wp\/v2\/media?parent=58"}],"curies":[{"name":"wp","href":"https:\/\/api.w.org\/{rel}","templated":true}]}}