{"id":407,"date":"2021-09-15T13:23:33","date_gmt":"2021-09-15T13:23:33","guid":{"rendered":"https:\/\/www.leoschule-luenen.de\/wordpress\/?page_id=407"},"modified":"2026-01-15T13:03:16","modified_gmt":"2026-01-15T13:03:16","slug":"foerderverein","status":"publish","type":"page","link":"https:\/\/www.leoschule-luenen.de\/index.php\/foerderverein\/","title":{"rendered":"F\u00f6rderverein Leoschule e.V."},"content":{"rendered":"\n<div class=\"wp-block-columns is-layout-flex wp-container-core-columns-is-layout-28f84493 wp-block-columns-is-layout-flex\">\n<div class=\"wp-block-column is-layout-flow wp-block-column-is-layout-flow\" style=\"flex-basis:100%\"><div id=\"pl-gb407-69e75f4871390\"  class=\"panel-layout wp-block-siteorigin-panels-layout-block\" ><div id=\"pg-gb407-69e75f4871390-0\"  class=\"panel-grid panel-no-style\" ><div id=\"pgc-gb407-69e75f4871390-0-0\"  class=\"panel-grid-cell\" ><div id=\"panel-gb407-69e75f4871390-0-0-0\" class=\"so-panel widget widget_text panel-first-child panel-last-child\" data-index=\"0\" >\t\t\t<div class=\"textwidget\"><p>Unser F\u00f6rderverein wurde 1979 von Eltern und LehrerInnen der Leoschule gegr\u00fcndet. Als einer der ersten schulischen F\u00f6rdervereine in L\u00fcnen konnte er 2019 auf 40 Jahre erfolgreiches Arbeiten zur\u00fcckblicken. Neben den inzwischen zahlreichen neuen Mitgliedern gibt es auch noch viele Gr\u00fcndungsmitglieder, die dem F\u00f6rderverein \u00fcber lange Zeit treu geblieben sind.<\/p>\n<p>Der F\u00f6rderverein hat es sich satzungsgem\u00e4\u00df zur Aufgabe gemacht, Einrichtungen und p\u00e4dagogische und wissenschaftliche Veranstaltungen der Leoschule zu f\u00f6rdern, sowie bed\u00fcrftige, f\u00f6rderungsw\u00fcrdige Sch\u00fcler dieser Schule zu unterst\u00fctzen. Besonders in Zeiten, in denen man immer wieder vom Fehlen \u00f6ffentlicher Mittel erfahren muss, ist es um so wichtiger, dass durch den F\u00f6rderverein Anschaffungen und Dinge finanziert werden k\u00f6nnen, die ansonsten nur schwerlich zu realisieren w\u00e4ren.<\/p>\n<p>Um auch weiterhin in gewohntem Ma\u00dfe t\u00e4tig sein zu k\u00f6nnen, ist die Unterst\u00fctzung Ihrerseits \u00e4u\u00dferst wertvoll f\u00fcr den F\u00f6rderverein. Wir freuen uns deshalb nat\u00fcrlich \u00fcber jede neue Mitgliedschaft. Mitglied kann dabei jede nat\u00fcrliche und juristische Person oder Personengesellschaft werden. Der Jahresbeitrag betr\u00e4gt zur Zeit mindestens 12,- Euro.<\/p>\n<p>Des Weiteren kann man den F\u00f6rderverein nat\u00fcrlich auch jederzeit durch\u00a0Spenden\u00a0unterst\u00fctzen.<\/p>\n<p><em>Gerne k\u00f6nnen Sie sich unseren Flyer herunterladen:<\/em><\/p>\n<div id=\"blockStyle2849Main260\" class=\" ccm-block-styles\"><a href=\"https:\/\/www.leoschule-luenen.de\/wp-content\/uploads\/2021\/09\/2019-Flyer_Leoschule.pdf\">Der aktuelle Flyer des F\u00f6rdervereins<\/a><\/div>\n<p><a href=\"https:\/\/www.leoschule-luenen.de\/wp-content\/uploads\/2025\/07\/Datenschutzvereinbarung2025.pdf\">Datenschutzerkl\u00e4rung des F\u00f6rdervereins Leoschule e.V.<\/a><\/p>\n<p><a href=\"https:\/\/www.leoschule-luenen.de\/wp-content\/uploads\/2022\/10\/satzung.pdf\">Satzung des F\u00f6rdervereins der Leoschule e.V.<\/a><\/p>\n<\/div>\n\t\t<\/div><\/div><\/div><\/div><\/div>\n<\/div>\n\n\n\n<div class=\"wp-block-media-text is-stacked-on-mobile\" style=\"grid-template-columns:15% auto\"><figure class=\"wp-block-media-text__media\"><a href=\"https:\/\/web.meinverein.de\/profile\/76806\/member-request-application\"><img loading=\"lazy\" decoding=\"async\" width=\"924\" height=\"1024\" src=\"https:\/\/www.leoschule-luenen.de\/wp-content\/uploads\/2026\/01\/QR-Code-FoeV-Mitglied-werden-924x1024.jpeg\" alt=\"\" class=\"wp-image-2551 size-full\" srcset=\"https:\/\/www.leoschule-luenen.de\/wp-content\/uploads\/2026\/01\/QR-Code-FoeV-Mitglied-werden-924x1024.jpeg 924w, https:\/\/www.leoschule-luenen.de\/wp-content\/uploads\/2026\/01\/QR-Code-FoeV-Mitglied-werden-271x300.jpeg 271w, https:\/\/www.leoschule-luenen.de\/wp-content\/uploads\/2026\/01\/QR-Code-FoeV-Mitglied-werden-768x851.jpeg 768w, https:\/\/www.leoschule-luenen.de\/wp-content\/uploads\/2026\/01\/QR-Code-FoeV-Mitglied-werden.jpeg 1320w\" sizes=\"auto, (max-width: 924px) 100vw, 924px\" \/><\/a><\/figure><div class=\"wp-block-media-text__content\">\n<p class=\"has-pale-cyan-blue-background-color has-background\"><a href=\"https:\/\/web.meinverein.de\/profile\/76806\/member-request-application\">Auch auf dem digitalen Weg kann man nun bei uns Mitglied werden! Scannen Sie einfach den nebenstehenden QR-Code und treten Sie dem F\u00f6rderverein bei!<\/a><\/p>\n<\/div><\/div>\n\n\n\n<div class=\"wp-block-media-text has-media-on-the-right is-stacked-on-mobile\" style=\"grid-template-columns:auto 15%\"><div class=\"wp-block-media-text__content\">\n<p class=\"has-pale-pink-background-color has-background\"><a href=\"https:\/\/web.meinverein.de\/profile\/76806?donate=true\">Sie wollen uns mit einer einmaligen Spende unterst\u00fctzen? Gerne! Scannen Sie einfach den QR-Code!<\/a><\/p>\n<\/div><figure class=\"wp-block-media-text__media\"><a href=\"https:\/\/web.meinverein.de\/profile\/76806?donate=true\"><img loading=\"lazy\" decoding=\"async\" width=\"915\" height=\"1024\" src=\"https:\/\/www.leoschule-luenen.de\/wp-content\/uploads\/2026\/01\/QR-Code-FoeV-Einmalige-Spende-1-915x1024.jpeg\" alt=\"\" class=\"wp-image-2553 size-full\" srcset=\"https:\/\/www.leoschule-luenen.de\/wp-content\/uploads\/2026\/01\/QR-Code-FoeV-Einmalige-Spende-1-915x1024.jpeg 915w, https:\/\/www.leoschule-luenen.de\/wp-content\/uploads\/2026\/01\/QR-Code-FoeV-Einmalige-Spende-1-268x300.jpeg 268w, https:\/\/www.leoschule-luenen.de\/wp-content\/uploads\/2026\/01\/QR-Code-FoeV-Einmalige-Spende-1-768x860.jpeg 768w, https:\/\/www.leoschule-luenen.de\/wp-content\/uploads\/2026\/01\/QR-Code-FoeV-Einmalige-Spende-1.jpeg 1320w\" sizes=\"auto, (max-width: 915px) 100vw, 915px\" \/><\/a><\/figure><\/div>\n\n\n\n<div class=\"wp-block-media-text alignwide is-stacked-on-mobile\" style=\"grid-template-columns:34% auto\"><figure class=\"wp-block-media-text__media\"><img loading=\"lazy\" decoding=\"async\" width=\"613\" height=\"1024\" src=\"https:\/\/www.leoschule-luenen.de\/wp-content\/uploads\/2024\/09\/PXL_20240919_174902316-613x1024.jpg\" alt=\"\" class=\"wp-image-2215 size-full\" srcset=\"https:\/\/www.leoschule-luenen.de\/wp-content\/uploads\/2024\/09\/PXL_20240919_174902316-613x1024.jpg 613w, https:\/\/www.leoschule-luenen.de\/wp-content\/uploads\/2024\/09\/PXL_20240919_174902316-180x300.jpg 180w, https:\/\/www.leoschule-luenen.de\/wp-content\/uploads\/2024\/09\/PXL_20240919_174902316-768x1283.jpg 768w, https:\/\/www.leoschule-luenen.de\/wp-content\/uploads\/2024\/09\/PXL_20240919_174902316-919x1536.jpg 919w, https:\/\/www.leoschule-luenen.de\/wp-content\/uploads\/2024\/09\/PXL_20240919_174902316-1226x2048.jpg 1226w, https:\/\/www.leoschule-luenen.de\/wp-content\/uploads\/2024\/09\/PXL_20240919_174902316-scaled.jpg 1532w\" sizes=\"auto, (max-width: 613px) 100vw, 613px\" \/><\/figure><div class=\"wp-block-media-text__content\">\n<p>Auf der letzten Jahreshauptversammlung am 19.09.2024 wurden nachfolgende Personen in den Vorstand gew\u00e4hlt:<\/p>\n\n\n\n<p>1. Vorsitzende: Anne-Katrin Pelkmann<\/p>\n\n\n\n<p>2. Vorsitzende: Judith von Bargen<\/p>\n\n\n\n<p>Schatzmeisterin: Kinga Katharina Gesterkamp <\/p>\n\n\n\n<p><\/p>\n\n\n\n<p>Kassenpr\u00fcfer: Andreas Riepe<\/p>\n\n\n\n<p>Der F\u00f6rderverein bedankt sich bei Frau Willig, Frau Miljkovic und Herrn Neveling f\u00fcr ihr langj\u00e4hriges Engagement im Vorstand des F\u00f6rdervereins!<\/p>\n\n\n\n<p>Bei Fragen und Anregungen k\u00f6nnen Sie sich per E-Mail an die Schule &nbsp;wenden. Wir leiten die Informationen dann an den Vorstand des F\u00f6rdervereins weiter. Des Weiteren erhalten Sie die Telefonnummern \u00fcber das Schulsekretariat der Leoschule.<\/p>\n<\/div><\/div>\n","protected":false},"excerpt":{"rendered":"<p>Auch auf dem digitalen Weg kann man nun bei uns Mitglied werden! Scannen Sie einfach den nebenstehenden QR-Code und treten Sie dem F\u00f6rderverein bei! Sie wollen uns mit einer einmaligen Spende unterst\u00fctzen? Gerne! Scannen Sie einfach den QR-Code! Auf der letzten Jahreshauptversammlung am 19.09.2024 wurden nachfolgende Personen in den Vorstand gew\u00e4hlt: 1. Vorsitzende: Anne-Katrin Pelkmann [&hellip;]<\/p>\n","protected":false},"author":2,"featured_media":0,"parent":0,"menu_order":0,"comment_status":"closed","ping_status":"closed","template":"","meta":{"site-sidebar-layout":"default","site-content-layout":"default","ast-site-content-layout":"default","site-content-style":"default","site-sidebar-style":"default","ast-global-header-display":"","ast-banner-title-visibility":"","ast-main-header-display":"","ast-hfb-above-header-display":"","ast-hfb-below-header-display":"","ast-hfb-mobile-header-display":"","site-post-title":"","ast-breadcrumbs-content":"","ast-featured-img":"","footer-sml-layout":"","ast-disable-related-posts":"","theme-transparent-header-meta":"default","adv-header-id-meta":"","stick-header-meta":"","header-above-stick-meta":"","header-main-stick-meta":"","header-below-stick-meta":"","astra-migrate-meta-layouts":"set","ast-page-background-enabled":"default","ast-page-background-meta":{"desktop":{"background-color":"var(--ast-global-color-4)","background-image":"","background-repeat":"repeat","background-position":"center center","background-size":"auto","background-attachment":"scroll","background-type":"","background-media":"","overlay-type":"","overlay-color":"","overlay-opacity":"","overlay-gradient":""},"tablet":{"background-color":"","background-image":"","background-repeat":"repeat","background-position":"center center","background-size":"auto","background-attachment":"scroll","background-type":"","background-media":"","overlay-type":"","overlay-color":"","overlay-opacity":"","overlay-gradient":""},"mobile":{"background-color":"","background-image":"","background-repeat":"repeat","background-position":"center center","background-size":"auto","background-attachment":"scroll","background-type":"","background-media":"","overlay-type":"","overlay-color":"","overlay-opacity":"","overlay-gradient":""}},"ast-content-background-meta":{"desktop":{"background-color":"var(--ast-global-color-5)","background-image":"","background-repeat":"repeat","background-position":"center center","background-size":"auto","background-attachment":"scroll","background-type":"","background-media":"","overlay-type":"","overlay-color":"","overlay-opacity":"","overlay-gradient":""},"tablet":{"background-color":"var(--ast-global-color-5)","background-image":"","background-repeat":"repeat","background-position":"center center","background-size":"auto","background-attachment":"scroll","background-type":"","background-media":"","overlay-type":"","overlay-color":"","overlay-opacity":"","overlay-gradient":""},"mobile":{"background-color":"var(--ast-global-color-5)","background-image":"","background-repeat":"repeat","background-position":"center center","background-size":"auto","background-attachment":"scroll","background-type":"","background-media":"","overlay-type":"","overlay-color":"","overlay-opacity":"","overlay-gradient":""}},"footnotes":""},"class_list":["post-407","page","type-page","status-publish","hentry"],"yoast_head":"<!-- This site is optimized with the Yoast SEO plugin v27.4 - https:\/\/yoast.com\/product\/yoast-seo-wordpress\/ -->\n<title>F\u00f6rderverein Leoschule e.V. - Leoschule L\u00fcnen<\/title>\n<meta name=\"robots\" content=\"index, follow, max-snippet:-1, max-image-preview:large, max-video-preview:-1\" \/>\n<link rel=\"canonical\" href=\"https:\/\/www.leoschule-luenen.de\/index.php\/foerderverein\/\" \/>\n<meta property=\"og:locale\" content=\"de_DE\" \/>\n<meta property=\"og:type\" content=\"article\" \/>\n<meta property=\"og:title\" content=\"F\u00f6rderverein Leoschule e.V. - Leoschule L\u00fcnen\" \/>\n<meta property=\"og:description\" content=\"Auch auf dem digitalen Weg kann man nun bei uns Mitglied werden! Scannen Sie einfach den nebenstehenden QR-Code und treten Sie dem F\u00f6rderverein bei! Sie wollen uns mit einer einmaligen Spende unterst\u00fctzen? Gerne! Scannen Sie einfach den QR-Code! Auf der letzten Jahreshauptversammlung am 19.09.2024 wurden nachfolgende Personen in den Vorstand gew\u00e4hlt: 1. Vorsitzende: Anne-Katrin Pelkmann [&hellip;]\" \/>\n<meta property=\"og:url\" content=\"https:\/\/www.leoschule-luenen.de\/index.php\/foerderverein\/\" \/>\n<meta property=\"og:site_name\" content=\"Leoschule L\u00fcnen\" \/>\n<meta property=\"article:modified_time\" content=\"2026-01-15T13:03:16+00:00\" \/>\n<meta property=\"og:image\" content=\"https:\/\/www.leoschule-luenen.de\/wp-content\/uploads\/2026\/01\/QR-Code-FoeV-Mitglied-werden.jpeg\" \/>\n\t<meta property=\"og:image:width\" content=\"1320\" \/>\n\t<meta property=\"og:image:height\" content=\"1463\" \/>\n\t<meta property=\"og:image:type\" content=\"image\/jpeg\" \/>\n<meta name=\"twitter:card\" content=\"summary_large_image\" \/>\n<meta name=\"twitter:label1\" content=\"Gesch\u00e4tzte Lesezeit\" \/>\n\t<meta name=\"twitter:data1\" content=\"3\u00a0Minuten\" \/>\n<script type=\"application\/ld+json\" class=\"yoast-schema-graph\">{\"@context\":\"https:\\\/\\\/schema.org\",\"@graph\":[{\"@type\":\"WebPage\",\"@id\":\"https:\\\/\\\/www.leoschule-luenen.de\\\/index.php\\\/foerderverein\\\/\",\"url\":\"https:\\\/\\\/www.leoschule-luenen.de\\\/index.php\\\/foerderverein\\\/\",\"name\":\"F\u00f6rderverein Leoschule e.V. - Leoschule L\u00fcnen\",\"isPartOf\":{\"@id\":\"https:\\\/\\\/www.leoschule-luenen.de\\\/#website\"},\"primaryImageOfPage\":{\"@id\":\"https:\\\/\\\/www.leoschule-luenen.de\\\/index.php\\\/foerderverein\\\/#primaryimage\"},\"image\":{\"@id\":\"https:\\\/\\\/www.leoschule-luenen.de\\\/index.php\\\/foerderverein\\\/#primaryimage\"},\"thumbnailUrl\":\"https:\\\/\\\/www.leoschule-luenen.de\\\/wp-content\\\/uploads\\\/2026\\\/01\\\/QR-Code-FoeV-Mitglied-werden-924x1024.jpeg\",\"datePublished\":\"2021-09-15T13:23:33+00:00\",\"dateModified\":\"2026-01-15T13:03:16+00:00\",\"breadcrumb\":{\"@id\":\"https:\\\/\\\/www.leoschule-luenen.de\\\/index.php\\\/foerderverein\\\/#breadcrumb\"},\"inLanguage\":\"de\",\"potentialAction\":[{\"@type\":\"ReadAction\",\"target\":[\"https:\\\/\\\/www.leoschule-luenen.de\\\/index.php\\\/foerderverein\\\/\"]}]},{\"@type\":\"ImageObject\",\"inLanguage\":\"de\",\"@id\":\"https:\\\/\\\/www.leoschule-luenen.de\\\/index.php\\\/foerderverein\\\/#primaryimage\",\"url\":\"https:\\\/\\\/www.leoschule-luenen.de\\\/wp-content\\\/uploads\\\/2026\\\/01\\\/QR-Code-FoeV-Mitglied-werden.jpeg\",\"contentUrl\":\"https:\\\/\\\/www.leoschule-luenen.de\\\/wp-content\\\/uploads\\\/2026\\\/01\\\/QR-Code-FoeV-Mitglied-werden.jpeg\",\"width\":1320,\"height\":1463},{\"@type\":\"BreadcrumbList\",\"@id\":\"https:\\\/\\\/www.leoschule-luenen.de\\\/index.php\\\/foerderverein\\\/#breadcrumb\",\"itemListElement\":[{\"@type\":\"ListItem\",\"position\":1,\"name\":\"Startseite\",\"item\":\"https:\\\/\\\/www.leoschule-luenen.de\\\/\"},{\"@type\":\"ListItem\",\"position\":2,\"name\":\"F\u00f6rderverein Leoschule e.V.\"}]},{\"@type\":\"WebSite\",\"@id\":\"https:\\\/\\\/www.leoschule-luenen.de\\\/#website\",\"url\":\"https:\\\/\\\/www.leoschule-luenen.de\\\/\",\"name\":\"Leoschule L\u00fcnen\",\"description\":\"St\u00e4dtische Katholische Grundschule\",\"publisher\":{\"@id\":\"https:\\\/\\\/www.leoschule-luenen.de\\\/#organization\"},\"potentialAction\":[{\"@type\":\"SearchAction\",\"target\":{\"@type\":\"EntryPoint\",\"urlTemplate\":\"https:\\\/\\\/www.leoschule-luenen.de\\\/?s={search_term_string}\"},\"query-input\":{\"@type\":\"PropertyValueSpecification\",\"valueRequired\":true,\"valueName\":\"search_term_string\"}}],\"inLanguage\":\"de\"},{\"@type\":\"Organization\",\"@id\":\"https:\\\/\\\/www.leoschule-luenen.de\\\/#organization\",\"name\":\"Leoschule\",\"url\":\"https:\\\/\\\/www.leoschule-luenen.de\\\/\",\"logo\":{\"@type\":\"ImageObject\",\"inLanguage\":\"de\",\"@id\":\"https:\\\/\\\/www.leoschule-luenen.de\\\/#\\\/schema\\\/logo\\\/image\\\/\",\"url\":\"https:\\\/\\\/www.leoschule-luenen.de\\\/wp-content\\\/uploads\\\/2021\\\/09\\\/cropped-LeoLogo-2.jpg\",\"contentUrl\":\"https:\\\/\\\/www.leoschule-luenen.de\\\/wp-content\\\/uploads\\\/2021\\\/09\\\/cropped-LeoLogo-2.jpg\",\"width\":342,\"height\":342,\"caption\":\"Leoschule\"},\"image\":{\"@id\":\"https:\\\/\\\/www.leoschule-luenen.de\\\/#\\\/schema\\\/logo\\\/image\\\/\"}}]}<\/script>\n<!-- \/ Yoast SEO plugin. -->","yoast_head_json":{"title":"F\u00f6rderverein Leoschule e.V. - Leoschule L\u00fcnen","robots":{"index":"index","follow":"follow","max-snippet":"max-snippet:-1","max-image-preview":"max-image-preview:large","max-video-preview":"max-video-preview:-1"},"canonical":"https:\/\/www.leoschule-luenen.de\/index.php\/foerderverein\/","og_locale":"de_DE","og_type":"article","og_title":"F\u00f6rderverein Leoschule e.V. - Leoschule L\u00fcnen","og_description":"Auch auf dem digitalen Weg kann man nun bei uns Mitglied werden! Scannen Sie einfach den nebenstehenden QR-Code und treten Sie dem F\u00f6rderverein bei! Sie wollen uns mit einer einmaligen Spende unterst\u00fctzen? Gerne! Scannen Sie einfach den QR-Code! Auf der letzten Jahreshauptversammlung am 19.09.2024 wurden nachfolgende Personen in den Vorstand gew\u00e4hlt: 1. Vorsitzende: Anne-Katrin Pelkmann [&hellip;]","og_url":"https:\/\/www.leoschule-luenen.de\/index.php\/foerderverein\/","og_site_name":"Leoschule L\u00fcnen","article_modified_time":"2026-01-15T13:03:16+00:00","og_image":[{"width":1320,"height":1463,"url":"https:\/\/www.leoschule-luenen.de\/wp-content\/uploads\/2026\/01\/QR-Code-FoeV-Mitglied-werden.jpeg","type":"image\/jpeg"}],"twitter_card":"summary_large_image","twitter_misc":{"Gesch\u00e4tzte Lesezeit":"3\u00a0Minuten"},"schema":{"@context":"https:\/\/schema.org","@graph":[{"@type":"WebPage","@id":"https:\/\/www.leoschule-luenen.de\/index.php\/foerderverein\/","url":"https:\/\/www.leoschule-luenen.de\/index.php\/foerderverein\/","name":"F\u00f6rderverein Leoschule e.V. - Leoschule L\u00fcnen","isPartOf":{"@id":"https:\/\/www.leoschule-luenen.de\/#website"},"primaryImageOfPage":{"@id":"https:\/\/www.leoschule-luenen.de\/index.php\/foerderverein\/#primaryimage"},"image":{"@id":"https:\/\/www.leoschule-luenen.de\/index.php\/foerderverein\/#primaryimage"},"thumbnailUrl":"https:\/\/www.leoschule-luenen.de\/wp-content\/uploads\/2026\/01\/QR-Code-FoeV-Mitglied-werden-924x1024.jpeg","datePublished":"2021-09-15T13:23:33+00:00","dateModified":"2026-01-15T13:03:16+00:00","breadcrumb":{"@id":"https:\/\/www.leoschule-luenen.de\/index.php\/foerderverein\/#breadcrumb"},"inLanguage":"de","potentialAction":[{"@type":"ReadAction","target":["https:\/\/www.leoschule-luenen.de\/index.php\/foerderverein\/"]}]},{"@type":"ImageObject","inLanguage":"de","@id":"https:\/\/www.leoschule-luenen.de\/index.php\/foerderverein\/#primaryimage","url":"https:\/\/www.leoschule-luenen.de\/wp-content\/uploads\/2026\/01\/QR-Code-FoeV-Mitglied-werden.jpeg","contentUrl":"https:\/\/www.leoschule-luenen.de\/wp-content\/uploads\/2026\/01\/QR-Code-FoeV-Mitglied-werden.jpeg","width":1320,"height":1463},{"@type":"BreadcrumbList","@id":"https:\/\/www.leoschule-luenen.de\/index.php\/foerderverein\/#breadcrumb","itemListElement":[{"@type":"ListItem","position":1,"name":"Startseite","item":"https:\/\/www.leoschule-luenen.de\/"},{"@type":"ListItem","position":2,"name":"F\u00f6rderverein Leoschule e.V."}]},{"@type":"WebSite","@id":"https:\/\/www.leoschule-luenen.de\/#website","url":"https:\/\/www.leoschule-luenen.de\/","name":"Leoschule L\u00fcnen","description":"St\u00e4dtische Katholische Grundschule","publisher":{"@id":"https:\/\/www.leoschule-luenen.de\/#organization"},"potentialAction":[{"@type":"SearchAction","target":{"@type":"EntryPoint","urlTemplate":"https:\/\/www.leoschule-luenen.de\/?s={search_term_string}"},"query-input":{"@type":"PropertyValueSpecification","valueRequired":true,"valueName":"search_term_string"}}],"inLanguage":"de"},{"@type":"Organization","@id":"https:\/\/www.leoschule-luenen.de\/#organization","name":"Leoschule","url":"https:\/\/www.leoschule-luenen.de\/","logo":{"@type":"ImageObject","inLanguage":"de","@id":"https:\/\/www.leoschule-luenen.de\/#\/schema\/logo\/image\/","url":"https:\/\/www.leoschule-luenen.de\/wp-content\/uploads\/2021\/09\/cropped-LeoLogo-2.jpg","contentUrl":"https:\/\/www.leoschule-luenen.de\/wp-content\/uploads\/2021\/09\/cropped-LeoLogo-2.jpg","width":342,"height":342,"caption":"Leoschule"},"image":{"@id":"https:\/\/www.leoschule-luenen.de\/#\/schema\/logo\/image\/"}}]}},"_links":{"self":[{"href":"https:\/\/www.leoschule-luenen.de\/index.php\/wp-json\/wp\/v2\/pages\/407","targetHints":{"allow":["GET"]}}],"collection":[{"href":"https:\/\/www.leoschule-luenen.de\/index.php\/wp-json\/wp\/v2\/pages"}],"about":[{"href":"https:\/\/www.leoschule-luenen.de\/index.php\/wp-json\/wp\/v2\/types\/page"}],"author":[{"embeddable":true,"href":"https:\/\/www.leoschule-luenen.de\/index.php\/wp-json\/wp\/v2\/users\/2"}],"replies":[{"embeddable":true,"href":"https:\/\/www.leoschule-luenen.de\/index.php\/wp-json\/wp\/v2\/comments?post=407"}],"version-history":[{"count":22,"href":"https:\/\/www.leoschule-luenen.de\/index.php\/wp-json\/wp\/v2\/pages\/407\/revisions"}],"predecessor-version":[{"id":2565,"href":"https:\/\/www.leoschule-luenen.de\/index.php\/wp-json\/wp\/v2\/pages\/407\/revisions\/2565"}],"wp:attachment":[{"href":"https:\/\/www.leoschule-luenen.de\/index.php\/wp-json\/wp\/v2\/media?parent=407"}],"curies":[{"name":"wp","href":"https:\/\/api.w.org\/{rel}","templated":true}]}}