{"id":366,"date":"2021-09-15T10:33:51","date_gmt":"2021-09-15T10:33:51","guid":{"rendered":"https:\/\/www.leoschule-luenen.de\/wordpress\/?page_id=366"},"modified":"2025-03-10T10:18:07","modified_gmt":"2025-03-10T10:18:07","slug":"rechtschreibwortschatz","status":"publish","type":"page","link":"https:\/\/www.leoschule-luenen.de\/index.php\/rechtschreibwortschatz\/","title":{"rendered":"Rechtschreibwortschatz"},"content":{"rendered":"<p><span style=\"font-size: medium;\">Der Grundwortschatz NRW enth\u00e4lt\u00a0<strong>533 W\u00f6rter, die grundlegende und damit grundschulrelevante Rechtschreibph\u00e4nomene abbilden<\/strong>.<\/span><\/p>\n<p><span style=\"font-size: medium;\">Sie sollen als\u00a0<strong>unterrichtliche Grundlage dienen, Rechtschreibung zu thematisieren<\/strong>\u00a0und den Sch\u00fclerinnen und Sch\u00fclern eine\u00a0<strong>aktive Auseinandersetzung<\/strong>\u00a0mit dem Thema zu erm\u00f6glichen.<\/span><\/p>\n<p><span style=\"font-size: medium;\">Der gesamte\u00a0<span style=\"text-decoration: underline;\"><strong>Rechtschreibwortschatz<\/strong><\/span>\u00a0der Leoschule besteht aus dem vorgegebenen Grundwortschatz NRW und dem individuellen Wortschatz der Leoschule (206 W\u00f6rter). Darin sind W\u00f6rter enthalten, die f\u00fcr die Kinder der Leoschule von Bedeutung sind, so z.B. die W\u00f6rter Kartoffel, Kirche, Nordrhein-Westfalen, Karneval, Bibel, &#8230;<\/span><\/p>\n<p><span style=\"font-size: medium;\">Der gesamte Rechtschreibwortschatz der Leoschule besteht somit aus 739 W\u00f6rtern. Diesen Rechtschreibwortschatz finden Sie unten als Download.\u00a0<\/span><\/p>\n\n\n<div data-wp-interactive=\"core\/file\" class=\"wp-block-file\"><object data-wp-bind--hidden=\"!state.hasPdfPreview\" hidden class=\"wp-block-file__embed\" data=\"https:\/\/www.leoschule-luenen.de\/wp-content\/uploads\/2021\/09\/Wortliste_-_Leogrundwortschatz_mit_Artikeln.pdf\" type=\"application\/pdf\" style=\"width:100%;height:444px\" aria-label=\"Einbettung von Wortliste_-_Leogrundwortschatz_mit_Artikeln.\"><\/object><a id=\"wp-block-file--media-91e46077-2158-433c-9d2a-79ca8e98fa23\" href=\"https:\/\/www.leoschule-luenen.de\/wp-content\/uploads\/2021\/09\/Wortliste_-_Leogrundwortschatz_mit_Artikeln.pdf\" target=\"_blank\" rel=\"noreferrer noopener\">Wortliste_-_Leogrundwortschatz_mit_Artikeln<\/a><a href=\"https:\/\/www.leoschule-luenen.de\/wp-content\/uploads\/2021\/09\/Wortliste_-_Leogrundwortschatz_mit_Artikeln.pdf\" class=\"wp-block-file__button wp-element-button\" download aria-describedby=\"wp-block-file--media-91e46077-2158-433c-9d2a-79ca8e98fa23\">Herunterladen<\/a><\/div>\n","protected":false},"excerpt":{"rendered":"<p>Der Grundwortschatz NRW enth\u00e4lt\u00a0533 W\u00f6rter, die grundlegende und damit grundschulrelevante Rechtschreibph\u00e4nomene abbilden. Sie sollen als\u00a0unterrichtliche Grundlage dienen, Rechtschreibung zu thematisieren\u00a0und den Sch\u00fclerinnen und Sch\u00fclern eine\u00a0aktive Auseinandersetzung\u00a0mit dem Thema zu erm\u00f6glichen. Der gesamte\u00a0Rechtschreibwortschatz\u00a0der Leoschule besteht aus dem vorgegebenen Grundwortschatz NRW und dem individuellen Wortschatz der Leoschule (206 W\u00f6rter). Darin sind W\u00f6rter enthalten, die f\u00fcr die Kinder [&hellip;]<\/p>\n","protected":false},"author":2,"featured_media":0,"parent":0,"menu_order":0,"comment_status":"closed","ping_status":"closed","template":"","meta":{"site-sidebar-layout":"default","site-content-layout":"default","ast-site-content-layout":"default","site-content-style":"default","site-sidebar-style":"default","ast-global-header-display":"","ast-banner-title-visibility":"","ast-main-header-display":"","ast-hfb-above-header-display":"","ast-hfb-below-header-display":"","ast-hfb-mobile-header-display":"","site-post-title":"","ast-breadcrumbs-content":"","ast-featured-img":"","footer-sml-layout":"","ast-disable-related-posts":"","theme-transparent-header-meta":"default","adv-header-id-meta":"","stick-header-meta":"","header-above-stick-meta":"","header-main-stick-meta":"","header-below-stick-meta":"","astra-migrate-meta-layouts":"set","ast-page-background-enabled":"default","ast-page-background-meta":{"desktop":{"background-color":"var(--ast-global-color-4)","background-image":"","background-repeat":"repeat","background-position":"center center","background-size":"auto","background-attachment":"scroll","background-type":"","background-media":"","overlay-type":"","overlay-color":"","overlay-opacity":"","overlay-gradient":""},"tablet":{"background-color":"","background-image":"","background-repeat":"repeat","background-position":"center center","background-size":"auto","background-attachment":"scroll","background-type":"","background-media":"","overlay-type":"","overlay-color":"","overlay-opacity":"","overlay-gradient":""},"mobile":{"background-color":"","background-image":"","background-repeat":"repeat","background-position":"center center","background-size":"auto","background-attachment":"scroll","background-type":"","background-media":"","overlay-type":"","overlay-color":"","overlay-opacity":"","overlay-gradient":""}},"ast-content-background-meta":{"desktop":{"background-color":"var(--ast-global-color-5)","background-image":"","background-repeat":"repeat","background-position":"center center","background-size":"auto","background-attachment":"scroll","background-type":"","background-media":"","overlay-type":"","overlay-color":"","overlay-opacity":"","overlay-gradient":""},"tablet":{"background-color":"var(--ast-global-color-5)","background-image":"","background-repeat":"repeat","background-position":"center center","background-size":"auto","background-attachment":"scroll","background-type":"","background-media":"","overlay-type":"","overlay-color":"","overlay-opacity":"","overlay-gradient":""},"mobile":{"background-color":"var(--ast-global-color-5)","background-image":"","background-repeat":"repeat","background-position":"center center","background-size":"auto","background-attachment":"scroll","background-type":"","background-media":"","overlay-type":"","overlay-color":"","overlay-opacity":"","overlay-gradient":""}},"footnotes":""},"class_list":["post-366","page","type-page","status-publish","hentry"],"yoast_head":"<!-- This site is optimized with the Yoast SEO plugin v27.4 - https:\/\/yoast.com\/product\/yoast-seo-wordpress\/ -->\n<title>Rechtschreibwortschatz - Leoschule L\u00fcnen<\/title>\n<meta name=\"robots\" content=\"index, follow, max-snippet:-1, max-image-preview:large, max-video-preview:-1\" \/>\n<link rel=\"canonical\" href=\"https:\/\/www.leoschule-luenen.de\/index.php\/rechtschreibwortschatz\/\" \/>\n<meta property=\"og:locale\" content=\"de_DE\" \/>\n<meta property=\"og:type\" content=\"article\" \/>\n<meta property=\"og:title\" content=\"Rechtschreibwortschatz - Leoschule L\u00fcnen\" \/>\n<meta property=\"og:description\" content=\"Der Grundwortschatz NRW enth\u00e4lt\u00a0533 W\u00f6rter, die grundlegende und damit grundschulrelevante Rechtschreibph\u00e4nomene abbilden. Sie sollen als\u00a0unterrichtliche Grundlage dienen, Rechtschreibung zu thematisieren\u00a0und den Sch\u00fclerinnen und Sch\u00fclern eine\u00a0aktive Auseinandersetzung\u00a0mit dem Thema zu erm\u00f6glichen. Der gesamte\u00a0Rechtschreibwortschatz\u00a0der Leoschule besteht aus dem vorgegebenen Grundwortschatz NRW und dem individuellen Wortschatz der Leoschule (206 W\u00f6rter). Darin sind W\u00f6rter enthalten, die f\u00fcr die Kinder [&hellip;]\" \/>\n<meta property=\"og:url\" content=\"https:\/\/www.leoschule-luenen.de\/index.php\/rechtschreibwortschatz\/\" \/>\n<meta property=\"og:site_name\" content=\"Leoschule L\u00fcnen\" \/>\n<meta property=\"article:modified_time\" content=\"2025-03-10T10:18:07+00:00\" \/>\n<meta name=\"twitter:card\" content=\"summary_large_image\" \/>\n<meta name=\"twitter:label1\" content=\"Gesch\u00e4tzte Lesezeit\" \/>\n\t<meta name=\"twitter:data1\" content=\"1\u00a0Minute\" \/>\n<script type=\"application\/ld+json\" class=\"yoast-schema-graph\">{\"@context\":\"https:\\\/\\\/schema.org\",\"@graph\":[{\"@type\":\"WebPage\",\"@id\":\"https:\\\/\\\/www.leoschule-luenen.de\\\/index.php\\\/rechtschreibwortschatz\\\/\",\"url\":\"https:\\\/\\\/www.leoschule-luenen.de\\\/index.php\\\/rechtschreibwortschatz\\\/\",\"name\":\"Rechtschreibwortschatz - Leoschule L\u00fcnen\",\"isPartOf\":{\"@id\":\"https:\\\/\\\/www.leoschule-luenen.de\\\/#website\"},\"datePublished\":\"2021-09-15T10:33:51+00:00\",\"dateModified\":\"2025-03-10T10:18:07+00:00\",\"breadcrumb\":{\"@id\":\"https:\\\/\\\/www.leoschule-luenen.de\\\/index.php\\\/rechtschreibwortschatz\\\/#breadcrumb\"},\"inLanguage\":\"de\",\"potentialAction\":[{\"@type\":\"ReadAction\",\"target\":[\"https:\\\/\\\/www.leoschule-luenen.de\\\/index.php\\\/rechtschreibwortschatz\\\/\"]}]},{\"@type\":\"BreadcrumbList\",\"@id\":\"https:\\\/\\\/www.leoschule-luenen.de\\\/index.php\\\/rechtschreibwortschatz\\\/#breadcrumb\",\"itemListElement\":[{\"@type\":\"ListItem\",\"position\":1,\"name\":\"Startseite\",\"item\":\"https:\\\/\\\/www.leoschule-luenen.de\\\/\"},{\"@type\":\"ListItem\",\"position\":2,\"name\":\"Rechtschreibwortschatz\"}]},{\"@type\":\"WebSite\",\"@id\":\"https:\\\/\\\/www.leoschule-luenen.de\\\/#website\",\"url\":\"https:\\\/\\\/www.leoschule-luenen.de\\\/\",\"name\":\"Leoschule L\u00fcnen\",\"description\":\"St\u00e4dtische Katholische Grundschule\",\"publisher\":{\"@id\":\"https:\\\/\\\/www.leoschule-luenen.de\\\/#organization\"},\"potentialAction\":[{\"@type\":\"SearchAction\",\"target\":{\"@type\":\"EntryPoint\",\"urlTemplate\":\"https:\\\/\\\/www.leoschule-luenen.de\\\/?s={search_term_string}\"},\"query-input\":{\"@type\":\"PropertyValueSpecification\",\"valueRequired\":true,\"valueName\":\"search_term_string\"}}],\"inLanguage\":\"de\"},{\"@type\":\"Organization\",\"@id\":\"https:\\\/\\\/www.leoschule-luenen.de\\\/#organization\",\"name\":\"Leoschule\",\"url\":\"https:\\\/\\\/www.leoschule-luenen.de\\\/\",\"logo\":{\"@type\":\"ImageObject\",\"inLanguage\":\"de\",\"@id\":\"https:\\\/\\\/www.leoschule-luenen.de\\\/#\\\/schema\\\/logo\\\/image\\\/\",\"url\":\"https:\\\/\\\/www.leoschule-luenen.de\\\/wp-content\\\/uploads\\\/2021\\\/09\\\/cropped-LeoLogo-2.jpg\",\"contentUrl\":\"https:\\\/\\\/www.leoschule-luenen.de\\\/wp-content\\\/uploads\\\/2021\\\/09\\\/cropped-LeoLogo-2.jpg\",\"width\":342,\"height\":342,\"caption\":\"Leoschule\"},\"image\":{\"@id\":\"https:\\\/\\\/www.leoschule-luenen.de\\\/#\\\/schema\\\/logo\\\/image\\\/\"}}]}<\/script>\n<!-- \/ Yoast SEO plugin. -->","yoast_head_json":{"title":"Rechtschreibwortschatz - Leoschule L\u00fcnen","robots":{"index":"index","follow":"follow","max-snippet":"max-snippet:-1","max-image-preview":"max-image-preview:large","max-video-preview":"max-video-preview:-1"},"canonical":"https:\/\/www.leoschule-luenen.de\/index.php\/rechtschreibwortschatz\/","og_locale":"de_DE","og_type":"article","og_title":"Rechtschreibwortschatz - Leoschule L\u00fcnen","og_description":"Der Grundwortschatz NRW enth\u00e4lt\u00a0533 W\u00f6rter, die grundlegende und damit grundschulrelevante Rechtschreibph\u00e4nomene abbilden. Sie sollen als\u00a0unterrichtliche Grundlage dienen, Rechtschreibung zu thematisieren\u00a0und den Sch\u00fclerinnen und Sch\u00fclern eine\u00a0aktive Auseinandersetzung\u00a0mit dem Thema zu erm\u00f6glichen. Der gesamte\u00a0Rechtschreibwortschatz\u00a0der Leoschule besteht aus dem vorgegebenen Grundwortschatz NRW und dem individuellen Wortschatz der Leoschule (206 W\u00f6rter). Darin sind W\u00f6rter enthalten, die f\u00fcr die Kinder [&hellip;]","og_url":"https:\/\/www.leoschule-luenen.de\/index.php\/rechtschreibwortschatz\/","og_site_name":"Leoschule L\u00fcnen","article_modified_time":"2025-03-10T10:18:07+00:00","twitter_card":"summary_large_image","twitter_misc":{"Gesch\u00e4tzte Lesezeit":"1\u00a0Minute"},"schema":{"@context":"https:\/\/schema.org","@graph":[{"@type":"WebPage","@id":"https:\/\/www.leoschule-luenen.de\/index.php\/rechtschreibwortschatz\/","url":"https:\/\/www.leoschule-luenen.de\/index.php\/rechtschreibwortschatz\/","name":"Rechtschreibwortschatz - Leoschule L\u00fcnen","isPartOf":{"@id":"https:\/\/www.leoschule-luenen.de\/#website"},"datePublished":"2021-09-15T10:33:51+00:00","dateModified":"2025-03-10T10:18:07+00:00","breadcrumb":{"@id":"https:\/\/www.leoschule-luenen.de\/index.php\/rechtschreibwortschatz\/#breadcrumb"},"inLanguage":"de","potentialAction":[{"@type":"ReadAction","target":["https:\/\/www.leoschule-luenen.de\/index.php\/rechtschreibwortschatz\/"]}]},{"@type":"BreadcrumbList","@id":"https:\/\/www.leoschule-luenen.de\/index.php\/rechtschreibwortschatz\/#breadcrumb","itemListElement":[{"@type":"ListItem","position":1,"name":"Startseite","item":"https:\/\/www.leoschule-luenen.de\/"},{"@type":"ListItem","position":2,"name":"Rechtschreibwortschatz"}]},{"@type":"WebSite","@id":"https:\/\/www.leoschule-luenen.de\/#website","url":"https:\/\/www.leoschule-luenen.de\/","name":"Leoschule L\u00fcnen","description":"St\u00e4dtische Katholische Grundschule","publisher":{"@id":"https:\/\/www.leoschule-luenen.de\/#organization"},"potentialAction":[{"@type":"SearchAction","target":{"@type":"EntryPoint","urlTemplate":"https:\/\/www.leoschule-luenen.de\/?s={search_term_string}"},"query-input":{"@type":"PropertyValueSpecification","valueRequired":true,"valueName":"search_term_string"}}],"inLanguage":"de"},{"@type":"Organization","@id":"https:\/\/www.leoschule-luenen.de\/#organization","name":"Leoschule","url":"https:\/\/www.leoschule-luenen.de\/","logo":{"@type":"ImageObject","inLanguage":"de","@id":"https:\/\/www.leoschule-luenen.de\/#\/schema\/logo\/image\/","url":"https:\/\/www.leoschule-luenen.de\/wp-content\/uploads\/2021\/09\/cropped-LeoLogo-2.jpg","contentUrl":"https:\/\/www.leoschule-luenen.de\/wp-content\/uploads\/2021\/09\/cropped-LeoLogo-2.jpg","width":342,"height":342,"caption":"Leoschule"},"image":{"@id":"https:\/\/www.leoschule-luenen.de\/#\/schema\/logo\/image\/"}}]}},"_links":{"self":[{"href":"https:\/\/www.leoschule-luenen.de\/index.php\/wp-json\/wp\/v2\/pages\/366","targetHints":{"allow":["GET"]}}],"collection":[{"href":"https:\/\/www.leoschule-luenen.de\/index.php\/wp-json\/wp\/v2\/pages"}],"about":[{"href":"https:\/\/www.leoschule-luenen.de\/index.php\/wp-json\/wp\/v2\/types\/page"}],"author":[{"embeddable":true,"href":"https:\/\/www.leoschule-luenen.de\/index.php\/wp-json\/wp\/v2\/users\/2"}],"replies":[{"embeddable":true,"href":"https:\/\/www.leoschule-luenen.de\/index.php\/wp-json\/wp\/v2\/comments?post=366"}],"version-history":[{"count":5,"href":"https:\/\/www.leoschule-luenen.de\/index.php\/wp-json\/wp\/v2\/pages\/366\/revisions"}],"predecessor-version":[{"id":2324,"href":"https:\/\/www.leoschule-luenen.de\/index.php\/wp-json\/wp\/v2\/pages\/366\/revisions\/2324"}],"wp:attachment":[{"href":"https:\/\/www.leoschule-luenen.de\/index.php\/wp-json\/wp\/v2\/media?parent=366"}],"curies":[{"name":"wp","href":"https:\/\/api.w.org\/{rel}","templated":true}]}}