{"id":356,"date":"2021-09-15T10:00:58","date_gmt":"2021-09-15T10:00:58","guid":{"rendered":"https:\/\/www.leoschule-luenen.de\/wordpress\/?page_id=356"},"modified":"2021-09-29T07:34:46","modified_gmt":"2021-09-29T07:34:46","slug":"schulordnung","status":"publish","type":"page","link":"https:\/\/www.leoschule-luenen.de\/index.php\/schulordnung\/","title":{"rendered":"Schulordnung"},"content":{"rendered":"\n<div class=\"wp-block-media-text alignwide is-stacked-on-mobile\" style=\"grid-template-columns:19% auto\"><figure class=\"wp-block-media-text__media\"><img loading=\"lazy\" decoding=\"async\" width=\"316\" height=\"361\" src=\"https:\/\/www.leoschule-luenen.de\/wp-content\/uploads\/2021\/09\/Ruecksicht.jpg\" alt=\"\" class=\"wp-image-610 size-full\" srcset=\"https:\/\/www.leoschule-luenen.de\/wp-content\/uploads\/2021\/09\/Ruecksicht.jpg 316w, https:\/\/www.leoschule-luenen.de\/wp-content\/uploads\/2021\/09\/Ruecksicht-263x300.jpg 263w\" sizes=\"auto, (max-width: 316px) 100vw, 316px\" \/><\/figure><div class=\"wp-block-media-text__content\">\n<h1 class=\"wp-block-heading\">r\u00fccksichtsvoll<\/h1>\n\n\n\n<p class=\"has-normal-font-size\">Wir nehmen R\u00fccksicht auf andere und passen auf,<br>dass wir niemandem weh tun.<\/p>\n<\/div><\/div>\n\n\n\n<div class=\"wp-block-media-text alignwide is-stacked-on-mobile\" style=\"grid-template-columns:15% auto\"><figure class=\"wp-block-media-text__media\"><img loading=\"lazy\" decoding=\"async\" width=\"283\" height=\"368\" src=\"https:\/\/www.leoschule-luenen.de\/wp-content\/uploads\/2021\/09\/Leise.jpg\" alt=\"\" class=\"wp-image-609 size-full\" srcset=\"https:\/\/www.leoschule-luenen.de\/wp-content\/uploads\/2021\/09\/Leise.jpg 283w, https:\/\/www.leoschule-luenen.de\/wp-content\/uploads\/2021\/09\/Leise-231x300.jpg 231w\" sizes=\"auto, (max-width: 283px) 100vw, 283px\" \/><\/figure><div class=\"wp-block-media-text__content\">\n<h1 class=\"wp-block-heading\">leise<\/h1>\n\n\n\n<p class=\"has-normal-font-size\">Wir sind im Schulgeb\u00e4ude leise.<\/p>\n<\/div><\/div>\n\n\n\n<div class=\"wp-block-media-text alignwide is-stacked-on-mobile\" style=\"grid-template-columns:15% auto\"><figure class=\"wp-block-media-text__media\"><img loading=\"lazy\" decoding=\"async\" width=\"285\" height=\"410\" src=\"https:\/\/www.leoschule-luenen.de\/wp-content\/uploads\/2021\/09\/Sorgfaeltig.jpg\" alt=\"\" class=\"wp-image-608 size-full\" srcset=\"https:\/\/www.leoschule-luenen.de\/wp-content\/uploads\/2021\/09\/Sorgfaeltig.jpg 285w, https:\/\/www.leoschule-luenen.de\/wp-content\/uploads\/2021\/09\/Sorgfaeltig-209x300.jpg 209w\" sizes=\"auto, (max-width: 285px) 100vw, 285px\" \/><\/figure><div class=\"wp-block-media-text__content\">\n<h1 class=\"wp-block-heading\">sorgf\u00e4ltig<\/h1>\n\n\n\n<p class=\"has-normal-font-size\">Wir gehen mit allen Schulsachen sorgsam um.<\/p>\n<\/div><\/div>\n\n\n\n<div class=\"wp-block-media-text alignwide is-stacked-on-mobile\" style=\"grid-template-columns:15% auto\"><figure class=\"wp-block-media-text__media\"><img loading=\"lazy\" decoding=\"async\" width=\"266\" height=\"420\" src=\"https:\/\/www.leoschule-luenen.de\/wp-content\/uploads\/2021\/09\/Freundlich.jpg\" alt=\"\" class=\"wp-image-607 size-full\" srcset=\"https:\/\/www.leoschule-luenen.de\/wp-content\/uploads\/2021\/09\/Freundlich.jpg 266w, https:\/\/www.leoschule-luenen.de\/wp-content\/uploads\/2021\/09\/Freundlich-190x300.jpg 190w\" sizes=\"auto, (max-width: 266px) 100vw, 266px\" \/><\/figure><div class=\"wp-block-media-text__content\">\n<h1 class=\"wp-block-heading\">freundlich<\/h1>\n\n\n\n<p class=\"has-normal-font-size\">Wir sprechen freundlich miteinander und benutzen keine Schimpfworte.<\/p>\n<\/div><\/div>\n","protected":false},"excerpt":{"rendered":"<p>r\u00fccksichtsvoll Wir nehmen R\u00fccksicht auf andere und passen auf,dass wir niemandem weh tun. leise Wir sind im Schulgeb\u00e4ude leise. sorgf\u00e4ltig Wir gehen mit allen Schulsachen sorgsam um. freundlich Wir sprechen freundlich miteinander und benutzen keine Schimpfworte.<\/p>\n","protected":false},"author":2,"featured_media":0,"parent":0,"menu_order":0,"comment_status":"closed","ping_status":"closed","template":"","meta":{"site-sidebar-layout":"default","site-content-layout":"default","ast-site-content-layout":"default","site-content-style":"default","site-sidebar-style":"default","ast-global-header-display":"","ast-banner-title-visibility":"","ast-main-header-display":"","ast-hfb-above-header-display":"","ast-hfb-below-header-display":"","ast-hfb-mobile-header-display":"","site-post-title":"","ast-breadcrumbs-content":"","ast-featured-img":"","footer-sml-layout":"","ast-disable-related-posts":"","theme-transparent-header-meta":"default","adv-header-id-meta":"","stick-header-meta":"","header-above-stick-meta":"","header-main-stick-meta":"","header-below-stick-meta":"","astra-migrate-meta-layouts":"default","ast-page-background-enabled":"default","ast-page-background-meta":{"desktop":{"background-color":"var(--ast-global-color-4)","background-image":"","background-repeat":"repeat","background-position":"center center","background-size":"auto","background-attachment":"scroll","background-type":"","background-media":"","overlay-type":"","overlay-color":"","overlay-opacity":"","overlay-gradient":""},"tablet":{"background-color":"","background-image":"","background-repeat":"repeat","background-position":"center center","background-size":"auto","background-attachment":"scroll","background-type":"","background-media":"","overlay-type":"","overlay-color":"","overlay-opacity":"","overlay-gradient":""},"mobile":{"background-color":"","background-image":"","background-repeat":"repeat","background-position":"center center","background-size":"auto","background-attachment":"scroll","background-type":"","background-media":"","overlay-type":"","overlay-color":"","overlay-opacity":"","overlay-gradient":""}},"ast-content-background-meta":{"desktop":{"background-color":"var(--ast-global-color-5)","background-image":"","background-repeat":"repeat","background-position":"center center","background-size":"auto","background-attachment":"scroll","background-type":"","background-media":"","overlay-type":"","overlay-color":"","overlay-opacity":"","overlay-gradient":""},"tablet":{"background-color":"var(--ast-global-color-5)","background-image":"","background-repeat":"repeat","background-position":"center center","background-size":"auto","background-attachment":"scroll","background-type":"","background-media":"","overlay-type":"","overlay-color":"","overlay-opacity":"","overlay-gradient":""},"mobile":{"background-color":"var(--ast-global-color-5)","background-image":"","background-repeat":"repeat","background-position":"center center","background-size":"auto","background-attachment":"scroll","background-type":"","background-media":"","overlay-type":"","overlay-color":"","overlay-opacity":"","overlay-gradient":""}},"footnotes":""},"class_list":["post-356","page","type-page","status-publish","hentry"],"yoast_head":"<!-- This site is optimized with the Yoast SEO plugin v27.4 - https:\/\/yoast.com\/product\/yoast-seo-wordpress\/ -->\n<title>Schulordnung - Leoschule L\u00fcnen<\/title>\n<meta name=\"robots\" content=\"index, follow, max-snippet:-1, max-image-preview:large, max-video-preview:-1\" \/>\n<link rel=\"canonical\" href=\"https:\/\/www.leoschule-luenen.de\/index.php\/schulordnung\/\" \/>\n<meta property=\"og:locale\" content=\"de_DE\" \/>\n<meta property=\"og:type\" content=\"article\" \/>\n<meta property=\"og:title\" content=\"Schulordnung - Leoschule L\u00fcnen\" \/>\n<meta property=\"og:description\" content=\"r\u00fccksichtsvoll Wir nehmen R\u00fccksicht auf andere und passen auf,dass wir niemandem weh tun. leise Wir sind im Schulgeb\u00e4ude leise. sorgf\u00e4ltig Wir gehen mit allen Schulsachen sorgsam um. freundlich Wir sprechen freundlich miteinander und benutzen keine Schimpfworte.\" \/>\n<meta property=\"og:url\" content=\"https:\/\/www.leoschule-luenen.de\/index.php\/schulordnung\/\" \/>\n<meta property=\"og:site_name\" content=\"Leoschule L\u00fcnen\" \/>\n<meta property=\"article:modified_time\" content=\"2021-09-29T07:34:46+00:00\" \/>\n<meta property=\"og:image\" content=\"https:\/\/www.leoschule-luenen.de\/wp-content\/uploads\/2021\/09\/Ruecksicht.jpg\" \/>\n<meta name=\"twitter:card\" content=\"summary_large_image\" \/>\n<meta name=\"twitter:label1\" content=\"Gesch\u00e4tzte Lesezeit\" \/>\n\t<meta name=\"twitter:data1\" content=\"1\u00a0Minute\" \/>\n<script type=\"application\/ld+json\" class=\"yoast-schema-graph\">{\"@context\":\"https:\\\/\\\/schema.org\",\"@graph\":[{\"@type\":\"WebPage\",\"@id\":\"https:\\\/\\\/www.leoschule-luenen.de\\\/index.php\\\/schulordnung\\\/\",\"url\":\"https:\\\/\\\/www.leoschule-luenen.de\\\/index.php\\\/schulordnung\\\/\",\"name\":\"Schulordnung - Leoschule L\u00fcnen\",\"isPartOf\":{\"@id\":\"https:\\\/\\\/www.leoschule-luenen.de\\\/#website\"},\"primaryImageOfPage\":{\"@id\":\"https:\\\/\\\/www.leoschule-luenen.de\\\/index.php\\\/schulordnung\\\/#primaryimage\"},\"image\":{\"@id\":\"https:\\\/\\\/www.leoschule-luenen.de\\\/index.php\\\/schulordnung\\\/#primaryimage\"},\"thumbnailUrl\":\"https:\\\/\\\/www.leoschule-luenen.de\\\/wp-content\\\/uploads\\\/2021\\\/09\\\/Ruecksicht.jpg\",\"datePublished\":\"2021-09-15T10:00:58+00:00\",\"dateModified\":\"2021-09-29T07:34:46+00:00\",\"breadcrumb\":{\"@id\":\"https:\\\/\\\/www.leoschule-luenen.de\\\/index.php\\\/schulordnung\\\/#breadcrumb\"},\"inLanguage\":\"de\",\"potentialAction\":[{\"@type\":\"ReadAction\",\"target\":[\"https:\\\/\\\/www.leoschule-luenen.de\\\/index.php\\\/schulordnung\\\/\"]}]},{\"@type\":\"ImageObject\",\"inLanguage\":\"de\",\"@id\":\"https:\\\/\\\/www.leoschule-luenen.de\\\/index.php\\\/schulordnung\\\/#primaryimage\",\"url\":\"https:\\\/\\\/www.leoschule-luenen.de\\\/wp-content\\\/uploads\\\/2021\\\/09\\\/Ruecksicht.jpg\",\"contentUrl\":\"https:\\\/\\\/www.leoschule-luenen.de\\\/wp-content\\\/uploads\\\/2021\\\/09\\\/Ruecksicht.jpg\",\"width\":316,\"height\":361},{\"@type\":\"BreadcrumbList\",\"@id\":\"https:\\\/\\\/www.leoschule-luenen.de\\\/index.php\\\/schulordnung\\\/#breadcrumb\",\"itemListElement\":[{\"@type\":\"ListItem\",\"position\":1,\"name\":\"Startseite\",\"item\":\"https:\\\/\\\/www.leoschule-luenen.de\\\/\"},{\"@type\":\"ListItem\",\"position\":2,\"name\":\"Schulordnung\"}]},{\"@type\":\"WebSite\",\"@id\":\"https:\\\/\\\/www.leoschule-luenen.de\\\/#website\",\"url\":\"https:\\\/\\\/www.leoschule-luenen.de\\\/\",\"name\":\"Leoschule L\u00fcnen\",\"description\":\"St\u00e4dtische Katholische Grundschule\",\"publisher\":{\"@id\":\"https:\\\/\\\/www.leoschule-luenen.de\\\/#organization\"},\"potentialAction\":[{\"@type\":\"SearchAction\",\"target\":{\"@type\":\"EntryPoint\",\"urlTemplate\":\"https:\\\/\\\/www.leoschule-luenen.de\\\/?s={search_term_string}\"},\"query-input\":{\"@type\":\"PropertyValueSpecification\",\"valueRequired\":true,\"valueName\":\"search_term_string\"}}],\"inLanguage\":\"de\"},{\"@type\":\"Organization\",\"@id\":\"https:\\\/\\\/www.leoschule-luenen.de\\\/#organization\",\"name\":\"Leoschule\",\"url\":\"https:\\\/\\\/www.leoschule-luenen.de\\\/\",\"logo\":{\"@type\":\"ImageObject\",\"inLanguage\":\"de\",\"@id\":\"https:\\\/\\\/www.leoschule-luenen.de\\\/#\\\/schema\\\/logo\\\/image\\\/\",\"url\":\"https:\\\/\\\/www.leoschule-luenen.de\\\/wp-content\\\/uploads\\\/2021\\\/09\\\/cropped-LeoLogo-2.jpg\",\"contentUrl\":\"https:\\\/\\\/www.leoschule-luenen.de\\\/wp-content\\\/uploads\\\/2021\\\/09\\\/cropped-LeoLogo-2.jpg\",\"width\":342,\"height\":342,\"caption\":\"Leoschule\"},\"image\":{\"@id\":\"https:\\\/\\\/www.leoschule-luenen.de\\\/#\\\/schema\\\/logo\\\/image\\\/\"}}]}<\/script>\n<!-- \/ Yoast SEO plugin. -->","yoast_head_json":{"title":"Schulordnung - Leoschule L\u00fcnen","robots":{"index":"index","follow":"follow","max-snippet":"max-snippet:-1","max-image-preview":"max-image-preview:large","max-video-preview":"max-video-preview:-1"},"canonical":"https:\/\/www.leoschule-luenen.de\/index.php\/schulordnung\/","og_locale":"de_DE","og_type":"article","og_title":"Schulordnung - Leoschule L\u00fcnen","og_description":"r\u00fccksichtsvoll Wir nehmen R\u00fccksicht auf andere und passen auf,dass wir niemandem weh tun. leise Wir sind im Schulgeb\u00e4ude leise. sorgf\u00e4ltig Wir gehen mit allen Schulsachen sorgsam um. freundlich Wir sprechen freundlich miteinander und benutzen keine Schimpfworte.","og_url":"https:\/\/www.leoschule-luenen.de\/index.php\/schulordnung\/","og_site_name":"Leoschule L\u00fcnen","article_modified_time":"2021-09-29T07:34:46+00:00","og_image":[{"url":"https:\/\/www.leoschule-luenen.de\/wp-content\/uploads\/2021\/09\/Ruecksicht.jpg","type":"","width":"","height":""}],"twitter_card":"summary_large_image","twitter_misc":{"Gesch\u00e4tzte Lesezeit":"1\u00a0Minute"},"schema":{"@context":"https:\/\/schema.org","@graph":[{"@type":"WebPage","@id":"https:\/\/www.leoschule-luenen.de\/index.php\/schulordnung\/","url":"https:\/\/www.leoschule-luenen.de\/index.php\/schulordnung\/","name":"Schulordnung - Leoschule L\u00fcnen","isPartOf":{"@id":"https:\/\/www.leoschule-luenen.de\/#website"},"primaryImageOfPage":{"@id":"https:\/\/www.leoschule-luenen.de\/index.php\/schulordnung\/#primaryimage"},"image":{"@id":"https:\/\/www.leoschule-luenen.de\/index.php\/schulordnung\/#primaryimage"},"thumbnailUrl":"https:\/\/www.leoschule-luenen.de\/wp-content\/uploads\/2021\/09\/Ruecksicht.jpg","datePublished":"2021-09-15T10:00:58+00:00","dateModified":"2021-09-29T07:34:46+00:00","breadcrumb":{"@id":"https:\/\/www.leoschule-luenen.de\/index.php\/schulordnung\/#breadcrumb"},"inLanguage":"de","potentialAction":[{"@type":"ReadAction","target":["https:\/\/www.leoschule-luenen.de\/index.php\/schulordnung\/"]}]},{"@type":"ImageObject","inLanguage":"de","@id":"https:\/\/www.leoschule-luenen.de\/index.php\/schulordnung\/#primaryimage","url":"https:\/\/www.leoschule-luenen.de\/wp-content\/uploads\/2021\/09\/Ruecksicht.jpg","contentUrl":"https:\/\/www.leoschule-luenen.de\/wp-content\/uploads\/2021\/09\/Ruecksicht.jpg","width":316,"height":361},{"@type":"BreadcrumbList","@id":"https:\/\/www.leoschule-luenen.de\/index.php\/schulordnung\/#breadcrumb","itemListElement":[{"@type":"ListItem","position":1,"name":"Startseite","item":"https:\/\/www.leoschule-luenen.de\/"},{"@type":"ListItem","position":2,"name":"Schulordnung"}]},{"@type":"WebSite","@id":"https:\/\/www.leoschule-luenen.de\/#website","url":"https:\/\/www.leoschule-luenen.de\/","name":"Leoschule L\u00fcnen","description":"St\u00e4dtische Katholische Grundschule","publisher":{"@id":"https:\/\/www.leoschule-luenen.de\/#organization"},"potentialAction":[{"@type":"SearchAction","target":{"@type":"EntryPoint","urlTemplate":"https:\/\/www.leoschule-luenen.de\/?s={search_term_string}"},"query-input":{"@type":"PropertyValueSpecification","valueRequired":true,"valueName":"search_term_string"}}],"inLanguage":"de"},{"@type":"Organization","@id":"https:\/\/www.leoschule-luenen.de\/#organization","name":"Leoschule","url":"https:\/\/www.leoschule-luenen.de\/","logo":{"@type":"ImageObject","inLanguage":"de","@id":"https:\/\/www.leoschule-luenen.de\/#\/schema\/logo\/image\/","url":"https:\/\/www.leoschule-luenen.de\/wp-content\/uploads\/2021\/09\/cropped-LeoLogo-2.jpg","contentUrl":"https:\/\/www.leoschule-luenen.de\/wp-content\/uploads\/2021\/09\/cropped-LeoLogo-2.jpg","width":342,"height":342,"caption":"Leoschule"},"image":{"@id":"https:\/\/www.leoschule-luenen.de\/#\/schema\/logo\/image\/"}}]}},"_links":{"self":[{"href":"https:\/\/www.leoschule-luenen.de\/index.php\/wp-json\/wp\/v2\/pages\/356","targetHints":{"allow":["GET"]}}],"collection":[{"href":"https:\/\/www.leoschule-luenen.de\/index.php\/wp-json\/wp\/v2\/pages"}],"about":[{"href":"https:\/\/www.leoschule-luenen.de\/index.php\/wp-json\/wp\/v2\/types\/page"}],"author":[{"embeddable":true,"href":"https:\/\/www.leoschule-luenen.de\/index.php\/wp-json\/wp\/v2\/users\/2"}],"replies":[{"embeddable":true,"href":"https:\/\/www.leoschule-luenen.de\/index.php\/wp-json\/wp\/v2\/comments?post=356"}],"version-history":[{"count":10,"href":"https:\/\/www.leoschule-luenen.de\/index.php\/wp-json\/wp\/v2\/pages\/356\/revisions"}],"predecessor-version":[{"id":731,"href":"https:\/\/www.leoschule-luenen.de\/index.php\/wp-json\/wp\/v2\/pages\/356\/revisions\/731"}],"wp:attachment":[{"href":"https:\/\/www.leoschule-luenen.de\/index.php\/wp-json\/wp\/v2\/media?parent=356"}],"curies":[{"name":"wp","href":"https:\/\/api.w.org\/{rel}","templated":true}]}}