{"id":340,"date":"2021-09-15T09:23:34","date_gmt":"2021-09-15T09:23:34","guid":{"rendered":"https:\/\/www.leoschule-luenen.de\/wordpress\/?page_id=340"},"modified":"2026-02-20T06:55:05","modified_gmt":"2026-02-20T06:55:05","slug":"ogata-offene-ganztagsschule","status":"publish","type":"page","link":"https:\/\/www.leoschule-luenen.de\/index.php\/ogata-offene-ganztagsschule\/","title":{"rendered":"OGATA &#8211; Offene Ganztagsschule"},"content":{"rendered":"<div id=\"pl-340\"  class=\"panel-layout\" ><div id=\"pg-340-0\"  class=\"panel-grid panel-no-style\" ><div id=\"pgc-340-0-0\"  class=\"panel-grid-cell\" ><div id=\"panel-340-0-0-0\" class=\"so-panel widget widget_sow-editor panel-first-child panel-last-child\" data-index=\"0\" ><div\n\t\t\t\n\t\t\tclass=\"so-widget-sow-editor so-widget-sow-editor-base\"\n\t\t\t\n\t\t>\n<div class=\"siteorigin-widget-tinymce textwidget\">\n\t<h1><strong><img loading=\"lazy\" decoding=\"async\" class=\"alignnone wp-image-641\" src=\"https:\/\/www.leoschule-luenen.de\/wp-content\/uploads\/2021\/09\/PXL_20210917_075530036-1-300x295.jpg\" alt=\"\" width=\"112\" height=\"111\" srcset=\"https:\/\/www.leoschule-luenen.de\/wp-content\/uploads\/2021\/09\/PXL_20210917_075530036-1-300x295.jpg 300w, https:\/\/www.leoschule-luenen.de\/wp-content\/uploads\/2021\/09\/PXL_20210917_075530036-1-1024x1008.jpg 1024w, https:\/\/www.leoschule-luenen.de\/wp-content\/uploads\/2021\/09\/PXL_20210917_075530036-1-150x150.jpg 150w, https:\/\/www.leoschule-luenen.de\/wp-content\/uploads\/2021\/09\/PXL_20210917_075530036-1-768x756.jpg 768w, https:\/\/www.leoschule-luenen.de\/wp-content\/uploads\/2021\/09\/PXL_20210917_075530036-1-1536x1512.jpg 1536w, https:\/\/www.leoschule-luenen.de\/wp-content\/uploads\/2021\/09\/PXL_20210917_075530036-1.jpg 1811w\" sizes=\"auto, (max-width: 112px) 100vw, 112px\" \/>Lernen \u2013 F\u00f6rdern \u2013 Spiele<\/strong><strong style=\"font-family: inherit; font-size: inherit;\">n<\/strong><\/h1>\n<p>Seit dem Schuljahr 2004\/05 besteht an der Leoschule das Angebot der\u00a0<a href=\"https:\/\/www.caritas-luenen.de\/familie-erziehung\/offene-ganztagsschulen\/offener-ganztag-leoschule\/\" target=\"_blank\" rel=\"noopener\">offenen Ganztagsschule unter der Tr\u00e4gerschaft des Caritasverbandes L\u00fcnen.<\/a><\/p>\n<p>Betreut werden Kinder aller Jahrg\u00e4nge (1 bis 4) t\u00e4glich von 10.40 Uhr \u2013 16.00 Uhr durch das Personal der OGATA. In den Ferien sind die Betreuungszeiten t\u00e4glich von 8.00 Uhr \u2013 16.00 Uhr (ausgenommen 3 Wochen Sommer- und 1 Woche Weihnachtsferien).<\/p>\n<p>Zun\u00e4chst wurde die OGATA f\u00fcr 2 Gruppen a 25 Kinder geplant. Doch auf Grund der starken Nachfrage wurde zum Schuljahr 2005\/06 eine dritte Gruppe er\u00f6ffnet. Auch diese Erweiterung erwies sich im Laufe der Zeit als nicht ausreichend, sodass zum Schuljahr 2011\/12 eine vierte Gruppe er\u00f6ffnet wurde und dann 100 Kinder in der OGATA betreut wurden.<\/p>\n<p>Durch eine erneute Erweiterung auf 5 Gruppen, stehen seit dem Schuljahr 2018\/19 weitere OGATA Pl\u00e4tze zur Verf\u00fcgung.<\/p>\n<p>F\u00fcr die OGATA stehen ein Speiseraum mit K\u00fcche f\u00fcr das t\u00e4gliche Mittagessen, Gruppenr\u00e4ume f\u00fcr Spiel-, Bastel- und andere Angebote und die Klassenr\u00e4ume f\u00fcr die Hausaufgaben zur Verf\u00fcgung.<br \/>\nDas Privathaus an der Einfahrt zum Lehrerparkplatz beherbergt sowohl einen Gruppenraum der OGATA als auch die Sch\u00fclerb\u00fccherei.<br \/>\nDies ist ein praktisches Beispiel der guten Zusammenarbeit von OGATA und Schule. Diese positive Vernetzung wird fortgef\u00fchrt in regelm\u00e4\u00dfigen Treffen zwischen der Leitung der OGATA und der Schulleitung zwecks gegenseitiger Informationen und Absprachen, ebenso durch Gespr\u00e4che mit den Lehrerinnen und Lehrern der Kinder.<\/p>\n<p>Neben der Betreuung der Hausaufgaben und zahlreichen Angeboten zur F\u00f6rderung des freien Spiels, zum Malen, Basteln, Zeichnen und Werken findet f\u00fcr die Kinder jeden Tag in Zusammenarbeit mit au\u00dferschulischen Kooperationspartnern ein weiteres Angebot statt.<\/p>\n<p>Informieren Sie sich \u00fcber das Angebot der OGATA direkt bei der\u00a0<a href=\"https:\/\/www.caritas-luenen.de\/familie-erziehung\/offene-ganztagsschulen\/offener-ganztag-leoschule\/\" target=\"_blank\" rel=\"noopener\">Caritas<\/a>.<\/p>\n<\/div>\n<\/div><\/div><\/div><\/div><\/div>","protected":false},"excerpt":{"rendered":"<p>Lernen \u2013 F\u00f6rdern \u2013 Spielen Seit dem Schuljahr 2004\/05 besteht an der Leoschule das Angebot der\u00a0offenen Ganztagsschule unter der Tr\u00e4gerschaft des Caritasverbandes L\u00fcnen. Betreut werden Kinder aller Jahrg\u00e4nge (1 bis 4) t\u00e4glich von 10.40 Uhr \u2013 16.00 Uhr durch das Personal der OGATA. In den Ferien sind die Betreuungszeiten t\u00e4glich von 8.00 Uhr \u2013 16.00 [&hellip;]<\/p>\n","protected":false},"author":2,"featured_media":0,"parent":0,"menu_order":0,"comment_status":"closed","ping_status":"closed","template":"","meta":{"site-sidebar-layout":"default","site-content-layout":"default","ast-site-content-layout":"default","site-content-style":"default","site-sidebar-style":"default","ast-global-header-display":"","ast-banner-title-visibility":"","ast-main-header-display":"","ast-hfb-above-header-display":"","ast-hfb-below-header-display":"","ast-hfb-mobile-header-display":"","site-post-title":"","ast-breadcrumbs-content":"","ast-featured-img":"","footer-sml-layout":"","ast-disable-related-posts":"","theme-transparent-header-meta":"default","adv-header-id-meta":"","stick-header-meta":"","header-above-stick-meta":"","header-main-stick-meta":"","header-below-stick-meta":"","astra-migrate-meta-layouts":"set","ast-page-background-enabled":"default","ast-page-background-meta":{"desktop":{"background-color":"var(--ast-global-color-4)","background-image":"","background-repeat":"repeat","background-position":"center center","background-size":"auto","background-attachment":"scroll","background-type":"","background-media":"","overlay-type":"","overlay-color":"","overlay-opacity":"","overlay-gradient":""},"tablet":{"background-color":"","background-image":"","background-repeat":"repeat","background-position":"center center","background-size":"auto","background-attachment":"scroll","background-type":"","background-media":"","overlay-type":"","overlay-color":"","overlay-opacity":"","overlay-gradient":""},"mobile":{"background-color":"","background-image":"","background-repeat":"repeat","background-position":"center center","background-size":"auto","background-attachment":"scroll","background-type":"","background-media":"","overlay-type":"","overlay-color":"","overlay-opacity":"","overlay-gradient":""}},"ast-content-background-meta":{"desktop":{"background-color":"var(--ast-global-color-5)","background-image":"","background-repeat":"repeat","background-position":"center center","background-size":"auto","background-attachment":"scroll","background-type":"","background-media":"","overlay-type":"","overlay-color":"","overlay-opacity":"","overlay-gradient":""},"tablet":{"background-color":"var(--ast-global-color-5)","background-image":"","background-repeat":"repeat","background-position":"center center","background-size":"auto","background-attachment":"scroll","background-type":"","background-media":"","overlay-type":"","overlay-color":"","overlay-opacity":"","overlay-gradient":""},"mobile":{"background-color":"var(--ast-global-color-5)","background-image":"","background-repeat":"repeat","background-position":"center center","background-size":"auto","background-attachment":"scroll","background-type":"","background-media":"","overlay-type":"","overlay-color":"","overlay-opacity":"","overlay-gradient":""}},"footnotes":""},"class_list":["post-340","page","type-page","status-publish","hentry"],"yoast_head":"<!-- This site is optimized with the Yoast SEO plugin v27.5 - https:\/\/yoast.com\/product\/yoast-seo-wordpress\/ -->\n<title>OGATA - Offene Ganztagsschule - Leoschule L\u00fcnen<\/title>\n<meta name=\"robots\" content=\"index, follow, max-snippet:-1, max-image-preview:large, max-video-preview:-1\" \/>\n<link rel=\"canonical\" href=\"https:\/\/www.leoschule-luenen.de\/index.php\/ogata-offene-ganztagsschule\/\" \/>\n<meta property=\"og:locale\" content=\"de_DE\" \/>\n<meta property=\"og:type\" content=\"article\" \/>\n<meta property=\"og:title\" content=\"OGATA - Offene Ganztagsschule - Leoschule L\u00fcnen\" \/>\n<meta property=\"og:description\" content=\"Lernen \u2013 F\u00f6rdern \u2013 Spielen Seit dem Schuljahr 2004\/05 besteht an der Leoschule das Angebot der\u00a0offenen Ganztagsschule unter der Tr\u00e4gerschaft des Caritasverbandes L\u00fcnen. Betreut werden Kinder aller Jahrg\u00e4nge (1 bis 4) t\u00e4glich von 10.40 Uhr \u2013 16.00 Uhr durch das Personal der OGATA. In den Ferien sind die Betreuungszeiten t\u00e4glich von 8.00 Uhr \u2013 16.00 [&hellip;]\" \/>\n<meta property=\"og:url\" content=\"https:\/\/www.leoschule-luenen.de\/index.php\/ogata-offene-ganztagsschule\/\" \/>\n<meta property=\"og:site_name\" content=\"Leoschule L\u00fcnen\" \/>\n<meta property=\"article:modified_time\" content=\"2026-02-20T06:55:05+00:00\" \/>\n<meta property=\"og:image\" content=\"https:\/\/www.leoschule-luenen.de\/wp-content\/uploads\/2021\/09\/PXL_20210917_075530036-1.jpg\" \/>\n\t<meta property=\"og:image:width\" content=\"1811\" \/>\n\t<meta property=\"og:image:height\" content=\"1783\" \/>\n\t<meta property=\"og:image:type\" content=\"image\/jpeg\" \/>\n<meta name=\"twitter:card\" content=\"summary_large_image\" \/>\n<meta name=\"twitter:label1\" content=\"Gesch\u00e4tzte Lesezeit\" \/>\n\t<meta name=\"twitter:data1\" content=\"2\u00a0Minuten\" \/>\n<script type=\"application\/ld+json\" class=\"yoast-schema-graph\">{\"@context\":\"https:\\\/\\\/schema.org\",\"@graph\":[{\"@type\":\"WebPage\",\"@id\":\"https:\\\/\\\/www.leoschule-luenen.de\\\/index.php\\\/ogata-offene-ganztagsschule\\\/\",\"url\":\"https:\\\/\\\/www.leoschule-luenen.de\\\/index.php\\\/ogata-offene-ganztagsschule\\\/\",\"name\":\"OGATA - Offene Ganztagsschule - Leoschule L\u00fcnen\",\"isPartOf\":{\"@id\":\"https:\\\/\\\/www.leoschule-luenen.de\\\/#website\"},\"primaryImageOfPage\":{\"@id\":\"https:\\\/\\\/www.leoschule-luenen.de\\\/index.php\\\/ogata-offene-ganztagsschule\\\/#primaryimage\"},\"image\":{\"@id\":\"https:\\\/\\\/www.leoschule-luenen.de\\\/index.php\\\/ogata-offene-ganztagsschule\\\/#primaryimage\"},\"thumbnailUrl\":\"https:\\\/\\\/www.leoschule-luenen.de\\\/wp-content\\\/uploads\\\/2021\\\/09\\\/PXL_20210917_075530036-1-300x295.jpg\",\"datePublished\":\"2021-09-15T09:23:34+00:00\",\"dateModified\":\"2026-02-20T06:55:05+00:00\",\"breadcrumb\":{\"@id\":\"https:\\\/\\\/www.leoschule-luenen.de\\\/index.php\\\/ogata-offene-ganztagsschule\\\/#breadcrumb\"},\"inLanguage\":\"de\",\"potentialAction\":[{\"@type\":\"ReadAction\",\"target\":[\"https:\\\/\\\/www.leoschule-luenen.de\\\/index.php\\\/ogata-offene-ganztagsschule\\\/\"]}]},{\"@type\":\"ImageObject\",\"inLanguage\":\"de\",\"@id\":\"https:\\\/\\\/www.leoschule-luenen.de\\\/index.php\\\/ogata-offene-ganztagsschule\\\/#primaryimage\",\"url\":\"https:\\\/\\\/www.leoschule-luenen.de\\\/wp-content\\\/uploads\\\/2021\\\/09\\\/PXL_20210917_075530036-1.jpg\",\"contentUrl\":\"https:\\\/\\\/www.leoschule-luenen.de\\\/wp-content\\\/uploads\\\/2021\\\/09\\\/PXL_20210917_075530036-1.jpg\",\"width\":1811,\"height\":1783},{\"@type\":\"BreadcrumbList\",\"@id\":\"https:\\\/\\\/www.leoschule-luenen.de\\\/index.php\\\/ogata-offene-ganztagsschule\\\/#breadcrumb\",\"itemListElement\":[{\"@type\":\"ListItem\",\"position\":1,\"name\":\"Startseite\",\"item\":\"https:\\\/\\\/www.leoschule-luenen.de\\\/\"},{\"@type\":\"ListItem\",\"position\":2,\"name\":\"OGATA &#8211; Offene Ganztagsschule\"}]},{\"@type\":\"WebSite\",\"@id\":\"https:\\\/\\\/www.leoschule-luenen.de\\\/#website\",\"url\":\"https:\\\/\\\/www.leoschule-luenen.de\\\/\",\"name\":\"Leoschule L\u00fcnen\",\"description\":\"St\u00e4dtische Katholische Grundschule\",\"publisher\":{\"@id\":\"https:\\\/\\\/www.leoschule-luenen.de\\\/#organization\"},\"potentialAction\":[{\"@type\":\"SearchAction\",\"target\":{\"@type\":\"EntryPoint\",\"urlTemplate\":\"https:\\\/\\\/www.leoschule-luenen.de\\\/?s={search_term_string}\"},\"query-input\":{\"@type\":\"PropertyValueSpecification\",\"valueRequired\":true,\"valueName\":\"search_term_string\"}}],\"inLanguage\":\"de\"},{\"@type\":\"Organization\",\"@id\":\"https:\\\/\\\/www.leoschule-luenen.de\\\/#organization\",\"name\":\"Leoschule\",\"url\":\"https:\\\/\\\/www.leoschule-luenen.de\\\/\",\"logo\":{\"@type\":\"ImageObject\",\"inLanguage\":\"de\",\"@id\":\"https:\\\/\\\/www.leoschule-luenen.de\\\/#\\\/schema\\\/logo\\\/image\\\/\",\"url\":\"https:\\\/\\\/www.leoschule-luenen.de\\\/wp-content\\\/uploads\\\/2021\\\/09\\\/cropped-LeoLogo-2.jpg\",\"contentUrl\":\"https:\\\/\\\/www.leoschule-luenen.de\\\/wp-content\\\/uploads\\\/2021\\\/09\\\/cropped-LeoLogo-2.jpg\",\"width\":342,\"height\":342,\"caption\":\"Leoschule\"},\"image\":{\"@id\":\"https:\\\/\\\/www.leoschule-luenen.de\\\/#\\\/schema\\\/logo\\\/image\\\/\"}}]}<\/script>\n<!-- \/ Yoast SEO plugin. -->","yoast_head_json":{"title":"OGATA - Offene Ganztagsschule - Leoschule L\u00fcnen","robots":{"index":"index","follow":"follow","max-snippet":"max-snippet:-1","max-image-preview":"max-image-preview:large","max-video-preview":"max-video-preview:-1"},"canonical":"https:\/\/www.leoschule-luenen.de\/index.php\/ogata-offene-ganztagsschule\/","og_locale":"de_DE","og_type":"article","og_title":"OGATA - Offene Ganztagsschule - Leoschule L\u00fcnen","og_description":"Lernen \u2013 F\u00f6rdern \u2013 Spielen Seit dem Schuljahr 2004\/05 besteht an der Leoschule das Angebot der\u00a0offenen Ganztagsschule unter der Tr\u00e4gerschaft des Caritasverbandes L\u00fcnen. Betreut werden Kinder aller Jahrg\u00e4nge (1 bis 4) t\u00e4glich von 10.40 Uhr \u2013 16.00 Uhr durch das Personal der OGATA. In den Ferien sind die Betreuungszeiten t\u00e4glich von 8.00 Uhr \u2013 16.00 [&hellip;]","og_url":"https:\/\/www.leoschule-luenen.de\/index.php\/ogata-offene-ganztagsschule\/","og_site_name":"Leoschule L\u00fcnen","article_modified_time":"2026-02-20T06:55:05+00:00","og_image":[{"width":1811,"height":1783,"url":"https:\/\/www.leoschule-luenen.de\/wp-content\/uploads\/2021\/09\/PXL_20210917_075530036-1.jpg","type":"image\/jpeg"}],"twitter_card":"summary_large_image","twitter_misc":{"Gesch\u00e4tzte Lesezeit":"2\u00a0Minuten"},"schema":{"@context":"https:\/\/schema.org","@graph":[{"@type":"WebPage","@id":"https:\/\/www.leoschule-luenen.de\/index.php\/ogata-offene-ganztagsschule\/","url":"https:\/\/www.leoschule-luenen.de\/index.php\/ogata-offene-ganztagsschule\/","name":"OGATA - Offene Ganztagsschule - Leoschule L\u00fcnen","isPartOf":{"@id":"https:\/\/www.leoschule-luenen.de\/#website"},"primaryImageOfPage":{"@id":"https:\/\/www.leoschule-luenen.de\/index.php\/ogata-offene-ganztagsschule\/#primaryimage"},"image":{"@id":"https:\/\/www.leoschule-luenen.de\/index.php\/ogata-offene-ganztagsschule\/#primaryimage"},"thumbnailUrl":"https:\/\/www.leoschule-luenen.de\/wp-content\/uploads\/2021\/09\/PXL_20210917_075530036-1-300x295.jpg","datePublished":"2021-09-15T09:23:34+00:00","dateModified":"2026-02-20T06:55:05+00:00","breadcrumb":{"@id":"https:\/\/www.leoschule-luenen.de\/index.php\/ogata-offene-ganztagsschule\/#breadcrumb"},"inLanguage":"de","potentialAction":[{"@type":"ReadAction","target":["https:\/\/www.leoschule-luenen.de\/index.php\/ogata-offene-ganztagsschule\/"]}]},{"@type":"ImageObject","inLanguage":"de","@id":"https:\/\/www.leoschule-luenen.de\/index.php\/ogata-offene-ganztagsschule\/#primaryimage","url":"https:\/\/www.leoschule-luenen.de\/wp-content\/uploads\/2021\/09\/PXL_20210917_075530036-1.jpg","contentUrl":"https:\/\/www.leoschule-luenen.de\/wp-content\/uploads\/2021\/09\/PXL_20210917_075530036-1.jpg","width":1811,"height":1783},{"@type":"BreadcrumbList","@id":"https:\/\/www.leoschule-luenen.de\/index.php\/ogata-offene-ganztagsschule\/#breadcrumb","itemListElement":[{"@type":"ListItem","position":1,"name":"Startseite","item":"https:\/\/www.leoschule-luenen.de\/"},{"@type":"ListItem","position":2,"name":"OGATA &#8211; Offene Ganztagsschule"}]},{"@type":"WebSite","@id":"https:\/\/www.leoschule-luenen.de\/#website","url":"https:\/\/www.leoschule-luenen.de\/","name":"Leoschule L\u00fcnen","description":"St\u00e4dtische Katholische Grundschule","publisher":{"@id":"https:\/\/www.leoschule-luenen.de\/#organization"},"potentialAction":[{"@type":"SearchAction","target":{"@type":"EntryPoint","urlTemplate":"https:\/\/www.leoschule-luenen.de\/?s={search_term_string}"},"query-input":{"@type":"PropertyValueSpecification","valueRequired":true,"valueName":"search_term_string"}}],"inLanguage":"de"},{"@type":"Organization","@id":"https:\/\/www.leoschule-luenen.de\/#organization","name":"Leoschule","url":"https:\/\/www.leoschule-luenen.de\/","logo":{"@type":"ImageObject","inLanguage":"de","@id":"https:\/\/www.leoschule-luenen.de\/#\/schema\/logo\/image\/","url":"https:\/\/www.leoschule-luenen.de\/wp-content\/uploads\/2021\/09\/cropped-LeoLogo-2.jpg","contentUrl":"https:\/\/www.leoschule-luenen.de\/wp-content\/uploads\/2021\/09\/cropped-LeoLogo-2.jpg","width":342,"height":342,"caption":"Leoschule"},"image":{"@id":"https:\/\/www.leoschule-luenen.de\/#\/schema\/logo\/image\/"}}]}},"_links":{"self":[{"href":"https:\/\/www.leoschule-luenen.de\/index.php\/wp-json\/wp\/v2\/pages\/340","targetHints":{"allow":["GET"]}}],"collection":[{"href":"https:\/\/www.leoschule-luenen.de\/index.php\/wp-json\/wp\/v2\/pages"}],"about":[{"href":"https:\/\/www.leoschule-luenen.de\/index.php\/wp-json\/wp\/v2\/types\/page"}],"author":[{"embeddable":true,"href":"https:\/\/www.leoschule-luenen.de\/index.php\/wp-json\/wp\/v2\/users\/2"}],"replies":[{"embeddable":true,"href":"https:\/\/www.leoschule-luenen.de\/index.php\/wp-json\/wp\/v2\/comments?post=340"}],"version-history":[{"count":21,"href":"https:\/\/www.leoschule-luenen.de\/index.php\/wp-json\/wp\/v2\/pages\/340\/revisions"}],"predecessor-version":[{"id":2614,"href":"https:\/\/www.leoschule-luenen.de\/index.php\/wp-json\/wp\/v2\/pages\/340\/revisions\/2614"}],"wp:attachment":[{"href":"https:\/\/www.leoschule-luenen.de\/index.php\/wp-json\/wp\/v2\/media?parent=340"}],"curies":[{"name":"wp","href":"https:\/\/api.w.org\/{rel}","templated":true}]}}