{"id":2722,"date":"2026-04-29T05:09:14","date_gmt":"2026-04-29T05:09:14","guid":{"rendered":"https:\/\/www.leoschule-luenen.de\/?page_id=2722"},"modified":"2026-04-29T05:11:29","modified_gmt":"2026-04-29T05:11:29","slug":"autorenlesung-2026-mit-guido-kasmann","status":"publish","type":"page","link":"https:\/\/www.leoschule-luenen.de\/index.php\/autorenlesung-2026-mit-guido-kasmann\/","title":{"rendered":"Autorenlesung 2026 mit Guido Kasmann"},"content":{"rendered":"\n<p>Der Kinderbuchautor Guido Kasmann war zum dritten Mal zu Gast in der Leoschule.<br>Kasmann, der fr\u00fcher selbst als Grundschullehrer gearbeitet hat und auch als Musiker aktiv ist, gestaltete zwei Lesungen. Im Mittelpunkt standen sein Buch \u201eAppetit auf Blutorangen&#8220; sowie der Nachfolgeroman \u201eDas Schweigen des Grafen&#8220;. Darin erlebt die Figur Kathi mit dem Gespenst Gregor zahlreiche Abenteuer.<br>Die beiden lernen sich passend zum Thema auf einer Geisterbahn kennen. Gregor verf\u00fcgt \u00fcber die F\u00e4higkeit, Stimmen t\u00e4uschend echt nachzuahmen. Kathi nutzt die F\u00e4higkeit, um in einer Mathematikarbeit zu schummeln. Gleichzeitig bringt Gregor sie immer wie der in Verlegenheit, etwa im<br>Umgang mit ihrem Klassenkameraden Thorsten, in den sie heimlich verliebt ist. Ein Klassenausflug zu einer Burg entwickelt sich schlie\u00dflich zu einem Abenteuer.<br>W\u00e4hrend der Lesungen gelang es Kasmann, die Kinder mit seiner lebendigen Vortragsweise zu fesseln. Unter-st\u00fctzt wurde dies durch eine Handpuppe: Das Gespenst Gregor war pers\u00f6nlich&#8220; da-bei und wurde f\u00fcr die Kinder unmittelbar erlebbar.<br>Auch musikalisch band der Autor sein Publikum ein. Mit der Gitarre pr\u00e4sentierte er St\u00fccke aus seinen B\u00fcchern und erg\u00e4nzte so die Lesung um eine weitere Ebene. Im Anschluss hatten die Kinder Gelegenheit, Fragen zu stellen und mit dem Autor ins Gespr\u00e4ch zu kommen.<br><strong>Erm\u00f6glicht wurde die Lesung durch eine Spende der L\u00fcner Dreik\u00f6nigsstiftung.<\/strong><br><\/p>\n\n\n\n<script src=\"https:\/\/cdn.jsdelivr.net\/npm\/publicalbum@latest\/embed-ui.min.js\" async><\/script>\n<div class=\"pa-gallery-player-widget\" style=\"width:100%; height:480px; display:none;\"\n  data-link=\"https:\/\/photos.app.goo.gl\/LNvRwMzJTVmDdQL87\"\n  data-title=\"Autorenlesung Guido Kasmann 4\/2026 \u00b7 Apr 16\u2009\u2013\u200917 \ud83d\udcf8\"\n  data-description=\"Shared album \u00b7 Tap to view!\">\n  <object data=\"https:\/\/lh3.googleusercontent.com\/pw\/AP1GczNWibjCKmwjkes-QOzeEZgCZmCSqIldrKWT0nNuy8LqrN2GrYanYBhpZ-Fm9rCTHDMG2-EMiQyaIxisPiDxSvJ-wWfDgUAuyaJeRkxxVsvbrhwxCg0=w1920-h1080\"><\/object>\n  <object data=\"https:\/\/lh3.googleusercontent.com\/pw\/AP1GczNidRvL1jGUWbJLj_3TXHlzBMacK5oUVNvKvqNLSaGsAubKMI1EMRAcyKDPbpClC56kmNyIyQanWVhbZe98rwT0dnA-u0SVM7LWhPMsF257-GRqkZc=w1920-h1080\"><\/object>\n  <object data=\"https:\/\/lh3.googleusercontent.com\/pw\/AP1GczMjg0zo1ejjvaEoDLk6DQpan9GVjn3Pnhw00znE70Oo8qRk6jmmTzzN8TuhdKTLBG9tHIF97GiqcpUqy8zltVNtZSN0NuzlXYROTVxx3XrI925kW68=w1920-h1080\"><\/object>\n  <object data=\"https:\/\/lh3.googleusercontent.com\/pw\/AP1GczOF2St6uFYJEpSs_3NtfucigsEDnLImzpjU_tX5zP85aTYRjjbi8pffBlx9J7TbkUj-48DZU4YgYo6K3M86GJviuaF86EL7sl8KJJ-A87dPG4r6ykU=w1920-h1080\"><\/object>\n  <object data=\"https:\/\/lh3.googleusercontent.com\/pw\/AP1GczONaRVX8QbdenwseD7Go9ShIEFW8VQkeSNu-aIH0rv_uH44z3fL5mr7d87uuyJSXB_aWe4OQMGVm6wFUCbhuwS4Sh8C_D4WisE9TUKZVmjpqi9DTTU=w1920-h1080\"><\/object>\n  <object data=\"https:\/\/lh3.googleusercontent.com\/pw\/AP1GczNQNtrGHXzrDLJi2CwR4oVHkV9etJChUvpkz1agKi2C3G80AoMHNMWvOnNC88d_4QmvmvRZfUOPIxFOIL6xSkQmeOYB8i8NRbIkH5Of98Q7mFrbymo=w1920-h1080\"><\/object>\n  <object data=\"https:\/\/lh3.googleusercontent.com\/pw\/AP1GczMp8wh7FIwaPsSc4sj8DIxbghj3HaO0wiWcmmLfyw8RSnHeKtvIytHqHVIZktcpH4u390-E45J64bvPcf4hIfuOnRAtqXoUigwdopBEw4CEub0l8p4=w1920-h1080\"><\/object>\n  <object data=\"https:\/\/lh3.googleusercontent.com\/pw\/AP1GczM0_yU9vIteBO-7iFnj5sZFP_1ZPuRmiCEI0vSXfucQbfUN_z5_k93Y6vYTcZto59z33xMD5AqTsh8uTxKo4GJpE9SgUBZyNB8LtYHW0I7ZN60_VHI=w1920-h1080\"><\/object>\n  <object data=\"https:\/\/lh3.googleusercontent.com\/pw\/AP1GczPAUkN59dCiAyhWSlqWRP0c-W2hl2pBm1GPQkMB0Mqe2VKCoONgPtixE4W2JKri7Nkrn8QVcIRRxuBelyFsAYax3rTlH9GHXnY1fvdlTgi9KjUB3bk=w1920-h1080\"><\/object>\n  <object data=\"https:\/\/lh3.googleusercontent.com\/pw\/AP1GczP0Qh7rQGtjXtaTWP14aRBJba1HBeDuestVyRJxZ3-NOXAdeqKZfYVQUviaEqAInvjQox3AeDcBr0UXvEVuoyDIJSVRDGvCfakD47_FiAcubwzjL6s=w1920-h1080\"><\/object>\n  <object data=\"https:\/\/lh3.googleusercontent.com\/pw\/AP1GczMkYUd5cfLLcm5gThVByueKEjFK15QVtzhld9vC8ZO22zJpBt5ggoZvJtkfwCGyWnbr6vn9bhIikzKdIZQFaG9PaDSze_t1yNzI31Oir2N3oQiKC5k=w1920-h1080\"><\/object>\n  <object data=\"https:\/\/lh3.googleusercontent.com\/pw\/AP1GczOYw5r4e_0VvxcZyyhITWwBG8kwwXiUHqXxSaOi_11i4zhxQZc0Ps_kKaSBdsR0n9qz1IcQ0xhJYhJgoQ1mTmhpavg0TDtPDoOcjSkOlB8p6R9zXho=w1920-h1080\"><\/object>\n  <object data=\"https:\/\/lh3.googleusercontent.com\/pw\/AP1GczOemjrZCPxYLDQ85E19J7JwbenP_61vGhbSFpkPCRM7U_edRzB8SHStn2fXk7SO1jR2lwc_agXSha1djShAwDPPZo6P_s5F4KvkGJCNnI90INPA9Ns=w1920-h1080\"><\/object>\n  <object data=\"https:\/\/lh3.googleusercontent.com\/pw\/AP1GczNerAiRQ1xs_DpwgkTDxb5zWVMm1I0gYUx32G-dNSI5H8yESggfXAP2qb44atR7Lbwcz-MtPwSKZnFn-Mr-J18B8tB8jeOIaTsxgAAm6_YBtVCH4lU=w1920-h1080\"><\/object>\n  <object data=\"https:\/\/lh3.googleusercontent.com\/pw\/AP1GczPaJ1mJla4KqOYMTR_NB_sDuQzBMvOc4ZiybB4Gomjaq6nTPdrt3vXoTHLKfpfZHAIZsDq7fIzgk_BQsja0NCF-IiggeSe5e4YWKYNho5biha9tvh8=w1920-h1080\"><\/object>\n  <object data=\"https:\/\/lh3.googleusercontent.com\/pw\/AP1GczNhbqQPGzJ37rxLM18j7MOOimLatH9ELRqYGyZdstRFzWdYw7p5_t2pTLFO_9ZQQEmvXq4qppAkaYOk4ii2-egGXMVtf7_nCD1iOuzXn7jB7NzZdvA=w1920-h1080\"><\/object>\n  <object data=\"https:\/\/lh3.googleusercontent.com\/pw\/AP1GczOJthN40upOkc-PhmqqfnC6zSCwi4GybABkNlbaM3YOZKo28UxHBJcuVlMUzYqfbCn4w75lZU3zN96K5fv462frp8WeYF4E3M92mTgjiJg2pK7gE2o=w1920-h1080\"><\/object>\n  <object data=\"https:\/\/lh3.googleusercontent.com\/pw\/AP1GczNdURRYn9szp_Wzdga5awPgYm2IMfEyJ4DKIguzuuZhjsyNLUgxT6zDAYvr3TPTVuBBvRRzRWl6RwQM9gY8rxsinDTGpqpLhFu0zNPsALkYmqR6ocw=w1920-h1080\"><\/object>\n  <object data=\"https:\/\/lh3.googleusercontent.com\/pw\/AP1GczPbw3QzOpFmswSC9r7xZUBxAqGdpCY0Uv3i8-2S4dJRZ4BZ0p85OIzieqPALTstqH0G4cUxx-8_JfeBYdFnVqum1WMAwCcWlTKAEO5fxZkYmyrT19I=w1920-h1080\"><\/object>\n  <object data=\"https:\/\/lh3.googleusercontent.com\/pw\/AP1GczNynMkPH6uZZkuNBv_kBMvlkaeX5wxmmy232O76kcPuEisHDMu97OyISp_bHr1eXy8NfbrVch3ZI0y9rlJv92NAcWe_41tuqZOYZAd-DFfhSYD4GaY=w1920-h1080\"><\/object>\n  <object data=\"https:\/\/lh3.googleusercontent.com\/pw\/AP1GczMPopGgmg5YFUK1UvE_1gvvs_NqOMm2AwpSJp-Qfv1ZbNol_tsCC1erH7UTadyJ45i3fTb3hrgm-lRQTyd6VQPX1hWzPaeX12Z9MdH16X1HbaJMHKk=w1920-h1080\"><\/object>\n  <object data=\"https:\/\/lh3.googleusercontent.com\/pw\/AP1GczPNFIsBEOlFQMPtJRUmCutTAzDtpcvZ9bU3hfA6o47CD2HgK10pc9sZi2C--As8LlbBhVn_nZRrIs0WXqMOkFsiuq7d-_iYsepFgClE4N6VE-u6KcI=w1920-h1080\"><\/object>\n  <object data=\"https:\/\/lh3.googleusercontent.com\/pw\/AP1GczNRsiSNYXA2Lk9TFBPBSnfYmmW6HheGXnkpZjAHOJU9dSrh0YSGTSBke9VZgx_-J3jo0C20xSLQpse_0M0EF37NtQYfSVHVmsrRElxQZS1PeLRNhps=w1920-h1080\"><\/object>\n  <object data=\"https:\/\/lh3.googleusercontent.com\/pw\/AP1GczMHecG-65BVnNXI50u3iNiNUhhh0SenzzzVXf4XTEhsze947NaGVUMDMyN1av4KxDPeiZh-oIV7wQM0gUTff3O50TX3iNuA1YbSWQDeKnJm8EEYz04=w1920-h1080\"><\/object>\n  <object data=\"https:\/\/lh3.googleusercontent.com\/pw\/AP1GczMCqyVX-FzATKIdWLeQ48Hk56NydNs6f90mhBMZ6g8UKsJQSI1bBK52AFETSxTDvxGslTUSXcEzc6mcab32owUpGERbDV7KrJhEt30J4CzhsovhYU0=w1920-h1080\"><\/object>\n  <object data=\"https:\/\/lh3.googleusercontent.com\/pw\/AP1GczOmUJRHWkN2F6q6FBgFSEc0myr5zjRsXbmOGAGh0iejmCwiV0DOru2HpB8308d2oSNeXGNGniXKZLZ_dQ5V0F2Np1p_BUMQeb4lIUTfiS4nMXg_uUU=w1920-h1080\"><\/object>\n  <object data=\"https:\/\/lh3.googleusercontent.com\/pw\/AP1GczMSGp3Ow-3ahrmIrdQyqhjuDUEx6Xzodl2LAnA33AzUT25nFfHjIouLcpTOLoBUwQpHKioW0tcJHOFS8iIw1stOTYkUhzugR4CbufVpZhemPfoVQKg=w1920-h1080\"><\/object>\n  <object data=\"https:\/\/lh3.googleusercontent.com\/pw\/AP1GczMngrG5UPl63VSI0C62L2ddVNmOMI7CCqUo5c4kYO_UiRpZtuX4OcLRd3Dar6pKKDsEf6_ALgReVPdsv3lXKOZ3fbe-8QckHTwDw1xMCWlQnQwykoc=w1920-h1080\"><\/object>\n  <object data=\"https:\/\/lh3.googleusercontent.com\/pw\/AP1GczNzLqM2XGqO4rLJKfhvlSx1G5W4mqtgAeZGqEtTSoz0k4XXHK8v96dg6o5Qol8nzqOlfqii8YL6PjhiSiAdZ9pt_oU6hO1m7rr97woiCUuMLLi_S0w=w1920-h1080\"><\/object>\n  <object data=\"https:\/\/lh3.googleusercontent.com\/pw\/AP1GczPmUlqLgigd83ckSbqlDp-oXz7MZlkvD3c1RTXnLRgNVJfVNVt175R8Y3o3wDa6c5iL-SgeqCOQeHuw8oW3PhlTdOaO5PjD_mGJNj1sTwaEJTpjyEI=w1920-h1080\"><\/object>\n  <object data=\"https:\/\/lh3.googleusercontent.com\/pw\/AP1GczNryDYS9FYOa6W9GZiElgL9D7e04bFt_gdztqI7TzWfEO5lkUs1NJSpRZRJ3t3HwJ68AiO-LKJ8lTJLEU9eVY93JJjRRPkCmIKMiOOel058rtICfxs=w1920-h1080\"><\/object>\n  <object data=\"https:\/\/lh3.googleusercontent.com\/pw\/AP1GczMuplWV5xVTbTAh1Zf9XsuTn3nkMKIB_yNjvYqHlesWo8sPYImYYBz0WItUGt35ezPaAJPc8SDNkZhBffie6JwVo29eqG0ZkdsAp09_r4SLJpE7A8g=w1920-h1080\"><\/object>\n  <object data=\"https:\/\/lh3.googleusercontent.com\/pw\/AP1GczM9J9dlt6fPYwwPvZ-ywwGOUib9Pd0Q4qDcGN3YX3F8gIhVIK_Us6yeHmKj0d6yDzTnRJVnW7BY8LtfrjFPp1Oxd7KLBvBYrLIqpnN85nSzKD4LEPw=w1920-h1080\"><\/object>\n  <object data=\"https:\/\/lh3.googleusercontent.com\/pw\/AP1GczNEaP9gpN7vGc65ZD2X7gT3mOFJ-o960kGLExoQAM9BLo8VxpooBCYM3ZO-gzD9bg4E8_dfeK6tE61fmjqxe3h5VlnnTUAAdxyH1_0S6DoGzi9TuKo=w1920-h1080\"><\/object>\n  <object data=\"https:\/\/lh3.googleusercontent.com\/pw\/AP1GczNHWN-GEz0AgBc1Zz2V-WFyO_ErgSDpZHCNTnpdEHKJ6lNmQt6CP4iL3m7L9v79jNtIK8WauXI9S_0g2rFhqyDLOleeSNQ4yXX_o6g1PirK4X7F924=w1920-h1080\"><\/object>\n  <object data=\"https:\/\/lh3.googleusercontent.com\/pw\/AP1GczO19Wjucsy-kJ4MkDAVIerwTlMifgrsbnSHjWuvl6eb5RQVeCB0u9gieMeKuUA0Qdu7dXNDYRV9oFXOhm6KcM9Ar-XjXEWILnwqlaOyl69D--cyvjU=w1920-h1080\"><\/object>\n  <object data=\"https:\/\/lh3.googleusercontent.com\/pw\/AP1GczPoYjCO9RtjHkrUMFH-v_it1J-VgCgQRFfgAfLB14sUS-ghvdrz55TlnSpLPo71_id7oXp28c3IlHU-2hR0Fkjexb_v-eAHrdVlASdySAvvJKCdEVk=w1920-h1080\"><\/object>\n  <object data=\"https:\/\/lh3.googleusercontent.com\/pw\/AP1GczPa6dQs1Wi6lmF9QaLQEWevmOMOh46FPM_PwweeND70Aloag_GnIGQwJJXEw7zm9a4pJsdrOonnSxreUv_He6d0mNoqBsrDLaDH49Ho2YvnRR6uFMs=w1920-h1080\"><\/object>\n  <object data=\"https:\/\/lh3.googleusercontent.com\/pw\/AP1GczOLi-cLryqk1MFCG3an-f9SQQCSklvZdkD9RZNfpDtWi5gQuvRuM2jt-eLirRGLXl2R3HAZ3wd0mvq2Jt7WMAPgmiMKk8jHifJc4JY_jS5XowBaC9s=w1920-h1080\"><\/object>\n  <object data=\"https:\/\/lh3.googleusercontent.com\/pw\/AP1GczPQq0_jByTMhEmsZPbdsxvJ6CKJIJlUj8HuYZmcHsh9ooz8zj1MUtS_ZyIMFzzXT_RioxmBZ8WkZv9uTrjQguB6id4bbqzlCn-epiBmYFp64NSpFCE=w1920-h1080\"><\/object>\n  <object data=\"https:\/\/lh3.googleusercontent.com\/pw\/AP1GczNsI8mvNjtCOlZsy5hjehy0xSsI2wCF1tnaVLQ-hecxBSPyQWN3xDEanEdwCrZGaeLly8vF5SpHcyPaHMWU1Ysxgk5HR3WGlAh-dLHq_ZSDJktU55E=w1920-h1080\"><\/object>\n  <object data=\"https:\/\/lh3.googleusercontent.com\/pw\/AP1GczN1BqmVaD7UCtClO6DEunu_bP57KzrNTpZSV2qPBirDy5BDCHkAH5emH4d3t6vlHtOcwc2l2QL07q9L60yCgE4iRlJiglTx1CNj7mfkUtUTTdvt2ug=w1920-h1080\"><\/object>\n<\/div>\n","protected":false},"excerpt":{"rendered":"<p>Der Kinderbuchautor Guido Kasmann war zum dritten Mal zu Gast in der Leoschule.Kasmann, der fr\u00fcher selbst als Grundschullehrer gearbeitet hat und auch als Musiker aktiv ist, gestaltete zwei Lesungen. Im Mittelpunkt standen sein Buch \u201eAppetit auf Blutorangen&#8220; sowie der Nachfolgeroman \u201eDas Schweigen des Grafen&#8220;. Darin erlebt die Figur Kathi mit dem Gespenst Gregor zahlreiche Abenteuer.Die [&hellip;]<\/p>\n","protected":false},"author":2,"featured_media":0,"parent":0,"menu_order":0,"comment_status":"closed","ping_status":"closed","template":"","meta":{"site-sidebar-layout":"default","site-content-layout":"","ast-site-content-layout":"default","site-content-style":"default","site-sidebar-style":"default","ast-global-header-display":"","ast-banner-title-visibility":"","ast-main-header-display":"","ast-hfb-above-header-display":"","ast-hfb-below-header-display":"","ast-hfb-mobile-header-display":"","site-post-title":"","ast-breadcrumbs-content":"","ast-featured-img":"","footer-sml-layout":"","ast-disable-related-posts":"","theme-transparent-header-meta":"","adv-header-id-meta":"","stick-header-meta":"","header-above-stick-meta":"","header-main-stick-meta":"","header-below-stick-meta":"","astra-migrate-meta-layouts":"set","ast-page-background-enabled":"default","ast-page-background-meta":{"desktop":{"background-color":"var(--ast-global-color-4)","background-image":"","background-repeat":"repeat","background-position":"center center","background-size":"auto","background-attachment":"scroll","background-type":"","background-media":"","overlay-type":"","overlay-color":"","overlay-opacity":"","overlay-gradient":""},"tablet":{"background-color":"","background-image":"","background-repeat":"repeat","background-position":"center center","background-size":"auto","background-attachment":"scroll","background-type":"","background-media":"","overlay-type":"","overlay-color":"","overlay-opacity":"","overlay-gradient":""},"mobile":{"background-color":"","background-image":"","background-repeat":"repeat","background-position":"center center","background-size":"auto","background-attachment":"scroll","background-type":"","background-media":"","overlay-type":"","overlay-color":"","overlay-opacity":"","overlay-gradient":""}},"ast-content-background-meta":{"desktop":{"background-color":"var(--ast-global-color-5)","background-image":"","background-repeat":"repeat","background-position":"center center","background-size":"auto","background-attachment":"scroll","background-type":"","background-media":"","overlay-type":"","overlay-color":"","overlay-opacity":"","overlay-gradient":""},"tablet":{"background-color":"var(--ast-global-color-5)","background-image":"","background-repeat":"repeat","background-position":"center center","background-size":"auto","background-attachment":"scroll","background-type":"","background-media":"","overlay-type":"","overlay-color":"","overlay-opacity":"","overlay-gradient":""},"mobile":{"background-color":"var(--ast-global-color-5)","background-image":"","background-repeat":"repeat","background-position":"center center","background-size":"auto","background-attachment":"scroll","background-type":"","background-media":"","overlay-type":"","overlay-color":"","overlay-opacity":"","overlay-gradient":""}},"footnotes":""},"class_list":["post-2722","page","type-page","status-publish","hentry"],"yoast_head":"<!-- This site is optimized with the Yoast SEO plugin v27.5 - https:\/\/yoast.com\/product\/yoast-seo-wordpress\/ -->\n<title>Autorenlesung 2026 mit Guido Kasmann - Leoschule L\u00fcnen<\/title>\n<meta name=\"robots\" content=\"index, follow, max-snippet:-1, max-image-preview:large, max-video-preview:-1\" \/>\n<link rel=\"canonical\" href=\"https:\/\/www.leoschule-luenen.de\/index.php\/autorenlesung-2026-mit-guido-kasmann\/\" \/>\n<meta property=\"og:locale\" content=\"de_DE\" \/>\n<meta property=\"og:type\" content=\"article\" \/>\n<meta property=\"og:title\" content=\"Autorenlesung 2026 mit Guido Kasmann - Leoschule L\u00fcnen\" \/>\n<meta property=\"og:description\" content=\"Der Kinderbuchautor Guido Kasmann war zum dritten Mal zu Gast in der Leoschule.Kasmann, der fr\u00fcher selbst als Grundschullehrer gearbeitet hat und auch als Musiker aktiv ist, gestaltete zwei Lesungen. Im Mittelpunkt standen sein Buch \u201eAppetit auf Blutorangen&#8220; sowie der Nachfolgeroman \u201eDas Schweigen des Grafen&#8220;. Darin erlebt die Figur Kathi mit dem Gespenst Gregor zahlreiche Abenteuer.Die [&hellip;]\" \/>\n<meta property=\"og:url\" content=\"https:\/\/www.leoschule-luenen.de\/index.php\/autorenlesung-2026-mit-guido-kasmann\/\" \/>\n<meta property=\"og:site_name\" content=\"Leoschule L\u00fcnen\" \/>\n<meta property=\"article:modified_time\" content=\"2026-04-29T05:11:29+00:00\" \/>\n<meta name=\"twitter:card\" content=\"summary_large_image\" \/>\n<meta name=\"twitter:label1\" content=\"Gesch\u00e4tzte Lesezeit\" \/>\n\t<meta name=\"twitter:data1\" content=\"2\u00a0Minuten\" \/>\n<script type=\"application\/ld+json\" class=\"yoast-schema-graph\">{\"@context\":\"https:\\\/\\\/schema.org\",\"@graph\":[{\"@type\":\"WebPage\",\"@id\":\"https:\\\/\\\/www.leoschule-luenen.de\\\/index.php\\\/autorenlesung-2026-mit-guido-kasmann\\\/\",\"url\":\"https:\\\/\\\/www.leoschule-luenen.de\\\/index.php\\\/autorenlesung-2026-mit-guido-kasmann\\\/\",\"name\":\"Autorenlesung 2026 mit Guido Kasmann - Leoschule L\u00fcnen\",\"isPartOf\":{\"@id\":\"https:\\\/\\\/www.leoschule-luenen.de\\\/#website\"},\"datePublished\":\"2026-04-29T05:09:14+00:00\",\"dateModified\":\"2026-04-29T05:11:29+00:00\",\"breadcrumb\":{\"@id\":\"https:\\\/\\\/www.leoschule-luenen.de\\\/index.php\\\/autorenlesung-2026-mit-guido-kasmann\\\/#breadcrumb\"},\"inLanguage\":\"de\",\"potentialAction\":[{\"@type\":\"ReadAction\",\"target\":[\"https:\\\/\\\/www.leoschule-luenen.de\\\/index.php\\\/autorenlesung-2026-mit-guido-kasmann\\\/\"]}]},{\"@type\":\"BreadcrumbList\",\"@id\":\"https:\\\/\\\/www.leoschule-luenen.de\\\/index.php\\\/autorenlesung-2026-mit-guido-kasmann\\\/#breadcrumb\",\"itemListElement\":[{\"@type\":\"ListItem\",\"position\":1,\"name\":\"Startseite\",\"item\":\"https:\\\/\\\/www.leoschule-luenen.de\\\/\"},{\"@type\":\"ListItem\",\"position\":2,\"name\":\"Autorenlesung 2026 mit Guido Kasmann\"}]},{\"@type\":\"WebSite\",\"@id\":\"https:\\\/\\\/www.leoschule-luenen.de\\\/#website\",\"url\":\"https:\\\/\\\/www.leoschule-luenen.de\\\/\",\"name\":\"Leoschule L\u00fcnen\",\"description\":\"St\u00e4dtische Katholische Grundschule\",\"publisher\":{\"@id\":\"https:\\\/\\\/www.leoschule-luenen.de\\\/#organization\"},\"potentialAction\":[{\"@type\":\"SearchAction\",\"target\":{\"@type\":\"EntryPoint\",\"urlTemplate\":\"https:\\\/\\\/www.leoschule-luenen.de\\\/?s={search_term_string}\"},\"query-input\":{\"@type\":\"PropertyValueSpecification\",\"valueRequired\":true,\"valueName\":\"search_term_string\"}}],\"inLanguage\":\"de\"},{\"@type\":\"Organization\",\"@id\":\"https:\\\/\\\/www.leoschule-luenen.de\\\/#organization\",\"name\":\"Leoschule\",\"url\":\"https:\\\/\\\/www.leoschule-luenen.de\\\/\",\"logo\":{\"@type\":\"ImageObject\",\"inLanguage\":\"de\",\"@id\":\"https:\\\/\\\/www.leoschule-luenen.de\\\/#\\\/schema\\\/logo\\\/image\\\/\",\"url\":\"https:\\\/\\\/www.leoschule-luenen.de\\\/wp-content\\\/uploads\\\/2021\\\/09\\\/cropped-LeoLogo-2.jpg\",\"contentUrl\":\"https:\\\/\\\/www.leoschule-luenen.de\\\/wp-content\\\/uploads\\\/2021\\\/09\\\/cropped-LeoLogo-2.jpg\",\"width\":342,\"height\":342,\"caption\":\"Leoschule\"},\"image\":{\"@id\":\"https:\\\/\\\/www.leoschule-luenen.de\\\/#\\\/schema\\\/logo\\\/image\\\/\"}}]}<\/script>\n<!-- \/ Yoast SEO plugin. -->","yoast_head_json":{"title":"Autorenlesung 2026 mit Guido Kasmann - Leoschule L\u00fcnen","robots":{"index":"index","follow":"follow","max-snippet":"max-snippet:-1","max-image-preview":"max-image-preview:large","max-video-preview":"max-video-preview:-1"},"canonical":"https:\/\/www.leoschule-luenen.de\/index.php\/autorenlesung-2026-mit-guido-kasmann\/","og_locale":"de_DE","og_type":"article","og_title":"Autorenlesung 2026 mit Guido Kasmann - Leoschule L\u00fcnen","og_description":"Der Kinderbuchautor Guido Kasmann war zum dritten Mal zu Gast in der Leoschule.Kasmann, der fr\u00fcher selbst als Grundschullehrer gearbeitet hat und auch als Musiker aktiv ist, gestaltete zwei Lesungen. Im Mittelpunkt standen sein Buch \u201eAppetit auf Blutorangen&#8220; sowie der Nachfolgeroman \u201eDas Schweigen des Grafen&#8220;. Darin erlebt die Figur Kathi mit dem Gespenst Gregor zahlreiche Abenteuer.Die [&hellip;]","og_url":"https:\/\/www.leoschule-luenen.de\/index.php\/autorenlesung-2026-mit-guido-kasmann\/","og_site_name":"Leoschule L\u00fcnen","article_modified_time":"2026-04-29T05:11:29+00:00","twitter_card":"summary_large_image","twitter_misc":{"Gesch\u00e4tzte Lesezeit":"2\u00a0Minuten"},"schema":{"@context":"https:\/\/schema.org","@graph":[{"@type":"WebPage","@id":"https:\/\/www.leoschule-luenen.de\/index.php\/autorenlesung-2026-mit-guido-kasmann\/","url":"https:\/\/www.leoschule-luenen.de\/index.php\/autorenlesung-2026-mit-guido-kasmann\/","name":"Autorenlesung 2026 mit Guido Kasmann - Leoschule L\u00fcnen","isPartOf":{"@id":"https:\/\/www.leoschule-luenen.de\/#website"},"datePublished":"2026-04-29T05:09:14+00:00","dateModified":"2026-04-29T05:11:29+00:00","breadcrumb":{"@id":"https:\/\/www.leoschule-luenen.de\/index.php\/autorenlesung-2026-mit-guido-kasmann\/#breadcrumb"},"inLanguage":"de","potentialAction":[{"@type":"ReadAction","target":["https:\/\/www.leoschule-luenen.de\/index.php\/autorenlesung-2026-mit-guido-kasmann\/"]}]},{"@type":"BreadcrumbList","@id":"https:\/\/www.leoschule-luenen.de\/index.php\/autorenlesung-2026-mit-guido-kasmann\/#breadcrumb","itemListElement":[{"@type":"ListItem","position":1,"name":"Startseite","item":"https:\/\/www.leoschule-luenen.de\/"},{"@type":"ListItem","position":2,"name":"Autorenlesung 2026 mit Guido Kasmann"}]},{"@type":"WebSite","@id":"https:\/\/www.leoschule-luenen.de\/#website","url":"https:\/\/www.leoschule-luenen.de\/","name":"Leoschule L\u00fcnen","description":"St\u00e4dtische Katholische Grundschule","publisher":{"@id":"https:\/\/www.leoschule-luenen.de\/#organization"},"potentialAction":[{"@type":"SearchAction","target":{"@type":"EntryPoint","urlTemplate":"https:\/\/www.leoschule-luenen.de\/?s={search_term_string}"},"query-input":{"@type":"PropertyValueSpecification","valueRequired":true,"valueName":"search_term_string"}}],"inLanguage":"de"},{"@type":"Organization","@id":"https:\/\/www.leoschule-luenen.de\/#organization","name":"Leoschule","url":"https:\/\/www.leoschule-luenen.de\/","logo":{"@type":"ImageObject","inLanguage":"de","@id":"https:\/\/www.leoschule-luenen.de\/#\/schema\/logo\/image\/","url":"https:\/\/www.leoschule-luenen.de\/wp-content\/uploads\/2021\/09\/cropped-LeoLogo-2.jpg","contentUrl":"https:\/\/www.leoschule-luenen.de\/wp-content\/uploads\/2021\/09\/cropped-LeoLogo-2.jpg","width":342,"height":342,"caption":"Leoschule"},"image":{"@id":"https:\/\/www.leoschule-luenen.de\/#\/schema\/logo\/image\/"}}]}},"_links":{"self":[{"href":"https:\/\/www.leoschule-luenen.de\/index.php\/wp-json\/wp\/v2\/pages\/2722","targetHints":{"allow":["GET"]}}],"collection":[{"href":"https:\/\/www.leoschule-luenen.de\/index.php\/wp-json\/wp\/v2\/pages"}],"about":[{"href":"https:\/\/www.leoschule-luenen.de\/index.php\/wp-json\/wp\/v2\/types\/page"}],"author":[{"embeddable":true,"href":"https:\/\/www.leoschule-luenen.de\/index.php\/wp-json\/wp\/v2\/users\/2"}],"replies":[{"embeddable":true,"href":"https:\/\/www.leoschule-luenen.de\/index.php\/wp-json\/wp\/v2\/comments?post=2722"}],"version-history":[{"count":4,"href":"https:\/\/www.leoschule-luenen.de\/index.php\/wp-json\/wp\/v2\/pages\/2722\/revisions"}],"predecessor-version":[{"id":2729,"href":"https:\/\/www.leoschule-luenen.de\/index.php\/wp-json\/wp\/v2\/pages\/2722\/revisions\/2729"}],"wp:attachment":[{"href":"https:\/\/www.leoschule-luenen.de\/index.php\/wp-json\/wp\/v2\/media?parent=2722"}],"curies":[{"name":"wp","href":"https:\/\/api.w.org\/{rel}","templated":true}]}}