{"id":2408,"date":"2025-06-15T12:11:52","date_gmt":"2025-06-15T12:11:52","guid":{"rendered":"https:\/\/www.leoschule-luenen.de\/?page_id=2408"},"modified":"2025-06-15T12:11:52","modified_gmt":"2025-06-15T12:11:52","slug":"maus-christoph-an-der-leoschule","status":"publish","type":"page","link":"https:\/\/www.leoschule-luenen.de\/index.php\/maus-christoph-an-der-leoschule\/","title":{"rendered":"&#8222;Maus-Christoph&#8220; an der Leoschule"},"content":{"rendered":"\n<p>Zum mittlerweile vierzehnten Mal fand am Freitag, 13.06.2025 die j\u00e4hrliche Kinderbuchautorenlesung an der Leoschule statt.<\/p>\n\n\n\n<p>Diesmal stand sie ganz im Zeichen der \u201eSendung mit der Maus\u201c.<br>Christoph Biemann, den die Kinder als den Christoph mit dem gr\u00fcnen Pulli aus der Sendung mit der Maus kennen, war zu Gast in der Leoschule.<\/p>\n\n\n\n<p>Was hat Bernstein mit Elektrizit\u00e4t zu tun? Warum schwimmt Knete manchmal und manchmal nicht? In zwei Lesungen schlug Christoph Biemann den Bogen von den ersten Experimenten der Menschheit mit dem Feuer, \u00fcber Archimedes, hin zu der Erfindung der Elektrizit\u00e4t.<\/p>\n\n\n\n<p>All das nat\u00fcrlich nicht, indem er aus seinen Experimentierb\u00fcchern vorlas, sondern anschaulich, kindgerecht und lebendig. So musste der Experimentiertisch nach der ersten Veranstaltung gr\u00fcndlich gereinigt werden, da Wasser, schwarzer Tee, Eierschalen, Konfetti und vieles mehr die B\u00fchne der Pausenhalle in ein gro\u00dfes Labor verwandelt hatten. Begleitet von vielen \u201eOhhs\u201c und \u201eAhhs\u201c folgte ein Experiment auf das n\u00e4chste und die Kinder folgten gebannt den dazu passenden Erz\u00e4hlungen von Christoph, den viele Kinder aus der \u201eSendung mit der Maus\u201c oder \u201eFrag doch mal die Maus\u201c bereits kannten. Nat\u00fcrlich gab es nach den beiden sehr ungew\u00f6hnlichen Autorenlesungen viel Applaus und Christoph musste unendlich viele Autogramme geben.<\/p>\n\n\n\n<p>Erm\u00f6glicht wurde diese au\u00dfergew\u00f6hnliche Autorenlesung von der L\u00fcner Dreik\u00f6nigsstiftung, die seit vielen Jahren die j\u00e4hrlich stattfindenden Lesungen in der Leoschule finanziell unterst\u00fctzt.<\/p>\n\n\n\n<script src=\"https:\/\/cdn.jsdelivr.net\/npm\/publicalbum@latest\/embed-ui.min.js\" async><\/script>\n<div class=\"pa-gallery-player-widget\" style=\"width:100%; height:480px; display:none;\"\n  data-link=\"https:\/\/photos.app.goo.gl\/LrFLmi2V17A2wJui8\"\n  data-title=\"Autorenlesung 2025 mit Christoph Biemann \u00b7 Friday, Jun 13 \ud83d\udcf8\"\n  data-description=\"Shared album \u00b7 Tap to view!\">\n  <object data=\"https:\/\/lh3.googleusercontent.com\/pw\/AP1GczNPi3xEip_xlWVWeft1R55GEL4cf4S2A2WIbIaKd1fdiRgIiMnzpJ82bUkNOqtnIeU_2uQY3i9X1cxl51ptqEHHuSFnKpBSSsG0oBqoFWv-A98jg8g=w1920-h1080\"><\/object>\n  <object data=\"https:\/\/lh3.googleusercontent.com\/pw\/AP1GczOI7tdnDfMIYFURmmb_02xy-FtffDevFIYjTDGnrOxvup4Rsyg8IarvZLOt25actRGsrmKApmsqFC__d_5EuuOwHjOu_zLUOB-Gd-prHTb0GiHO4uo=w1920-h1080\"><\/object>\n  <object data=\"https:\/\/lh3.googleusercontent.com\/pw\/AP1GczMchJnEdgdHk30a29ysZBlHZe8lp03YCz61KKkXVZLlmYLjFaayJ9r6ZvN9EX1ReP9o5CDG0YDACyM-diGIb8Bxy1_nMXsLDNCyQFNpfOWIqlzIY4g=w1920-h1080\"><\/object>\n  <object data=\"https:\/\/lh3.googleusercontent.com\/pw\/AP1GczPmH8YA4e-Ye8o0bG9cGGzpbwqlvDU4s210W2EyyFGCOeM8Jh4ffEhA65pDxTenrFlKHvegE1zrIeIeqXaH6xRy1yc750qs54G5lKDJNS_pFlmDnBg=w1920-h1080\"><\/object>\n  <object data=\"https:\/\/lh3.googleusercontent.com\/pw\/AP1GczPzF6BWEwu3zQP6KKsXAUAaZMaoXVVrbk0_EnAhVdxBQcwWHgYMow09_PQubmAGItFwLO0rr9pB94XCa2VbeN8pYeg9yXylurUbtPXBOV08rlnfx3c=w1920-h1080\"><\/object>\n  <object data=\"https:\/\/lh3.googleusercontent.com\/pw\/AP1GczNByZb9iyqz4t9-jJVRImL1_npxFJC3gXf3BX7qirIidl20cZ3Y7e4ZjIgo6Uz8x2Q0V9BkGRTzxCQU-UJgoK6_SyqU7EF42Dcbh4g4KiKvashYU3E=w1920-h1080\"><\/object>\n  <object data=\"https:\/\/lh3.googleusercontent.com\/pw\/AP1GczPyZbUBOUaP9pNrBZf72bexon2c6IyvuObdjcrWL8b9Fx5Nb8V_VFuTn1oOy8hX9GldJ48a1NaLmKXiqXDPIux0_gZJ4f3SfdOXykGMvpINmkgale8=w1920-h1080\"><\/object>\n  <object data=\"https:\/\/lh3.googleusercontent.com\/pw\/AP1GczPL_mHV9fNhQg0wtciQddEuFOo26reNdrvkAtbVopm-PsfojE7gwO_QHNoeM0RCfNE1U-HctVadO0IbgV7ALMc684nwfmDHlIAlsFBNPOuELmle54M=w1920-h1080\"><\/object>\n  <object data=\"https:\/\/lh3.googleusercontent.com\/pw\/AP1GczMh2HzuCn4uCt-UTRXfG-NRMCzxEsuItyvawWN14uPymGPg5crcI-XBvcZKUpYkkXLsRiURrlbNi911KfI2aATbSXaDWoqHlOWjud5P8DplIGurbtI=w1920-h1080\"><\/object>\n  <object data=\"https:\/\/lh3.googleusercontent.com\/pw\/AP1GczNKQm_71jqvMJL1K9JATs0TfGyi063PRw8JQPsNghszRVD8U72-zLoc4oT7Ky5Y_Xd5blhvGW85lE7pOy3UyOQQSSb7PnHUzhrY_BCicGmNKGzQXOs=w1920-h1080\"><\/object>\n  <object data=\"https:\/\/lh3.googleusercontent.com\/pw\/AP1GczMxiu6Q76mEwG-U8U_P_CyzDT3peIoqMfT3zz-0xmpS9R2gWm9tDm6Mi40HRrdvm-fDWQFeeuZe9f88eXfc87GweYqpiZqEsLI-loUoVbtbNBVDC0A=w1920-h1080\"><\/object>\n  <object data=\"https:\/\/lh3.googleusercontent.com\/pw\/AP1GczNhCXNzHOoaCLF5y3rVe_KZI667tmOIT-myHYcjCI6Qe3Mlj_0UrEh6yXQ3C8w1ix8xG9ml0GmvvFDrAxRsFF8QEg9GJ9hAzLQOCfb64L8ihhpuRJQ=w1920-h1080\"><\/object>\n  <object data=\"https:\/\/lh3.googleusercontent.com\/pw\/AP1GczMXzjg0iMRW-GhM72SieQFLvWmI-YX2t1Qe8qRpsuW63vjEIOYQqpmlUdov391Ox29KDoyJ89KA5woMZ4EtydkXnMb-wJY-Seq6CU14SUAS03dMapk=w1920-h1080\"><\/object>\n  <object data=\"https:\/\/lh3.googleusercontent.com\/pw\/AP1GczPhFKiuDexJGUsBtWBeeQXlEaxL4vshw4yw7SLDgt6nlBljQ4pT3IvBDsd9xlE_gXUG6gsTtouNo0ldB-np5CtGn87pngr4LPYyhtNr2xbt-qu8uFc=w1920-h1080\"><\/object>\n  <object data=\"https:\/\/lh3.googleusercontent.com\/pw\/AP1GczMwJxQBd6PLNzrheYRwG5-ixFYV4zVFEcstOzSwqEgNVMjPtCkNnhC2TmofIUUWUkbM4RP-kbfOUen3CMfJ49Br9yVmjn2DD5xSSyg2ypcXD-IjKS0=w1920-h1080\"><\/object>\n  <object data=\"https:\/\/lh3.googleusercontent.com\/pw\/AP1GczOlss-u4L1f2KzBueAyMwXsw1ypfQd7Z6vbJF7qCpE4U8_rO5QQInZoB-i910SZKFe2TC0ntxfh0WFQ9CjVhqSGReeQn9E03Pt1Vd8BGyMhVg1iXFk=w1920-h1080\"><\/object>\n  <object data=\"https:\/\/lh3.googleusercontent.com\/pw\/AP1GczNU1bOlxZTna_kcAQQnz5sFF-bWcW9xsTc521rY8aENTSFTA2EvLxTnlafvJTqxqCvIzTGiy872_NMMEGuZXqRwVM6PNrMlZGbghQe7sIGPkmoi9I0=w1920-h1080\"><\/object>\n  <object data=\"https:\/\/lh3.googleusercontent.com\/pw\/AP1GczO3n1crqNfoZhi76ooKk0D6-ejb12ZYHaral1tsI1KTr3ctsPS_8ACM_DmojBbggmlhg8hwkj2e4OB33A70rSmQdvROnU2VLWGrvCr0OMZO3GqTUrw=w1920-h1080\"><\/object>\n  <object data=\"https:\/\/lh3.googleusercontent.com\/pw\/AP1GczO3nlyp7vUctLjRoGNCp_TEXdxoy_aW0eJYMiGKLoB7Qr8-QpsumbU09hkZq7ogxG-YitLyfhsS7L18mhpk5Bv-X7CLAOxOzcG4TxEZ3nejfIuRmY4=w1920-h1080\"><\/object>\n  <object data=\"https:\/\/lh3.googleusercontent.com\/pw\/AP1GczPHyPWyWPL9IsfT6IZB--kA9wUpOf8H_m-lRaWRLv7iWbYZIzgGq4rcxWHIXxrqe7Um8IWOf-MzvE1c4nAbRxSB_Kr7plaRrk2fkobXAoP14DLuE6Y=w1920-h1080\"><\/object>\n  <object data=\"https:\/\/lh3.googleusercontent.com\/pw\/AP1GczOVk6vX1EPw0W0b0Sb2Zy2d8mvqUD4For9cFjdJU7Fs0SUdyQjYwlgMuy82PnwVovzXA22_2m0zglaVzPb9fWylsE1mVUvx9mbygYt8T6Cc_aCor_Q=w1920-h1080\"><\/object>\n  <object data=\"https:\/\/lh3.googleusercontent.com\/pw\/AP1GczOO88W-fzrPUCEs0KupuiQ4ZWIcmlaoYUiPuPYG2TEm0_1-M8lncCOeMrNeFcHtitniImhRXW8ajYR6b0gYODyVLz_EPtbjZv4ICW53EHmeiYDhgp0=w1920-h1080\"><\/object>\n  <object data=\"https:\/\/lh3.googleusercontent.com\/pw\/AP1GczOFc11pj5VlEhseyHtEs4d67GDPmH6oerCQnohNE5n_NdBjPcl7jA-l6CXBNSrvFcPyVBGQ44weaLY5-0EbvIV05jv3n8Kfc_85GK5sS7uszInpBAM=w1920-h1080\"><\/object>\n  <object data=\"https:\/\/lh3.googleusercontent.com\/pw\/AP1GczNlOit_bglp2YAeduEauuwXA3hVcHwcaDlVTW0OtnDNy46O9p5FdAxiEL4YluQyJl-rB5UGTD0sc64JtEzsEoLGtclgjC_U8rAiII9Z0dUlpigbLqI=w1920-h1080\"><\/object>\n  <object data=\"https:\/\/lh3.googleusercontent.com\/pw\/AP1GczMihIH5wKr7odKsboP8GTg5jdS_oBG-5cd9NF8d07vT73wj2CzJpniVqWcNxfbj8dWyil2RkxfLNtY-fBEUEH5_KymaB4vGlsAhJl7lMXFUBsq2qF0=w1920-h1080\"><\/object>\n  <object data=\"https:\/\/lh3.googleusercontent.com\/pw\/AP1GczOkA-87COGFURRpFxefcIsxF-uUn6-Q6HX27EJOQHjORTFRNufQBXFkEar6XL7wA0M-WG7DyykIVBtnYvHf0mKOz30i3L42K5m2gHgjTDea8G64YII=w1920-h1080\"><\/object>\n  <object data=\"https:\/\/lh3.googleusercontent.com\/pw\/AP1GczNcO78lbY6ym6BHEwbmun4G5QaWntEHDIYugJ8epGYjt0H-drXVtrNJGuON_jV-_odOaO4ItRA8jVetEbyAXMSX-Hl1O7JNRQ5Rx3PqQ2Ya6yHfWiA=w1920-h1080\"><\/object>\n  <object data=\"https:\/\/lh3.googleusercontent.com\/pw\/AP1GczNDFSWl9STXfGNaDdQm03PMOETNT6-qxh6y9o4BOJyHA36Rvdphpr25Sf1eGK8cLI8sSKpaXrnGck3x2lLrYzwjRelwMCf-jp7J6nNYEntDw2Itfqw=w1920-h1080\"><\/object>\n  <object data=\"https:\/\/lh3.googleusercontent.com\/pw\/AP1GczN401F9vG9aTMY6PbySxLBUwwIUpvwgO-8ON2PQF6EpsTlzUWCuDVswigGGNuBvEv5TXXUunoP3em-vJ4I0LAJol5t28TL828jIfcpvHd31gM7k6oc=w1920-h1080\"><\/object>\n  <object data=\"https:\/\/lh3.googleusercontent.com\/pw\/AP1GczPmk2ApyquvI-pFB11MMwcyP4OsqQZaUhGrVuYH7rLFeCzlWtdRYoU4HmOvhUf-ZwgYyUJ_FkhUiQ-u25N1nuI8sQGpQnQgyYTyouqyxzYKZUVJhyg=w1920-h1080\"><\/object>\n  <object data=\"https:\/\/lh3.googleusercontent.com\/pw\/AP1GczMZXVofSl-5vTgtuN0hQw9GaMgzPwXOmkC0b_iDOV0zgwMyPdQoTmK7hvRaZAVMqGtrwwTqRCQk8RAA0M0vo0MLhXUaqSpt_oNWWamKRL3O7qeFko8=w1920-h1080\"><\/object>\n  <object data=\"https:\/\/lh3.googleusercontent.com\/pw\/AP1GczPNiR1WjbyJ_ejwULeF3AxhvJgdhGnE3ol_WsVW3l7LegjCSTSeti2xwvhBCo0C-6fkst-mU1Q8J4B6mSC4Vz6oxTQTZ5qqSUGZH2o2309sqQo7ODs=w1920-h1080\"><\/object>\n  <object data=\"https:\/\/lh3.googleusercontent.com\/pw\/AP1GczPk8xYSU8fwnElPdRLh1vjxnUsB0QUuSL6aPUqU1I-Ghui3TbFf-cmVrXLiNC1Jhv7fmvohX-xPCBtdaym7qSipIjjbtlXiqFUPYvwnORyKd-7zsYA=w1920-h1080\"><\/object>\n  <object data=\"https:\/\/lh3.googleusercontent.com\/pw\/AP1GczPfceGMwIsejkYEat7_sC0IzkA_KbseeptUuUIMDuA5YxeL6f4_BAcQIsZTT4-SYdh9ZYJKGnEH7tp0X_FTxt96W7STxpxjFotDvFiEzEWCGDMff9c=w1920-h1080\"><\/object>\n  <object data=\"https:\/\/lh3.googleusercontent.com\/pw\/AP1GczPPXWcxOu52l7aOX1xjdswl4dWnIe09puSSPdzerX6jYBza4h8-ppTjtxe9v2PPwb_-JT5Rkwa3Mx7noodI7Y9cYCpH0dDvb29MWOAKLGPnCNioXBw=w1920-h1080\"><\/object>\n  <object data=\"https:\/\/lh3.googleusercontent.com\/pw\/AP1GczOkeT0uJfTNaE4EWw69VbEZ95hkJQq5oDZ_mCWVv7cNUaUb7uhP3h6-aff92HN_j7zvtSjMvzcBtBv3AGd3GKJIcJQ3P17vyIWJxhCpHw4HC8bRu_s=w1920-h1080\"><\/object>\n  <object data=\"https:\/\/lh3.googleusercontent.com\/pw\/AP1GczOznQofkQot9kOqoCG-Q9RVkUX6P9QpW6XG0CwhbsM2dg9hzbIrVJv8VWN3MMtE0Wx2zvQBa5WrFFvTUOSzrPJJsDrehURbN5dgQ_Pj0dSh3mB1OmQ=w1920-h1080\"><\/object>\n  <object data=\"https:\/\/lh3.googleusercontent.com\/pw\/AP1GczPjhA-dmjAhKX5o3d9UvXhiNIoIImzDzg4mHUsqadyjbxSIA0bjG6-9htxSgNWdjTmSRSXg7MYJPKcvKzC2l0gKxJALXkWQnQHxs8x8zJcryA5NyH8=w1920-h1080\"><\/object>\n  <object data=\"https:\/\/lh3.googleusercontent.com\/pw\/AP1GczOZh7_iKvwO1_yyiM1UU55wF4K5-Ol36S01Afudazn-bY73IrB6xMM8PnrnZ4FnwubL7dJrr8OSCAGyYxeyZqS1BJGOpAc1VlpmyPE7IFv9xBSsIc8=w1920-h1080\"><\/object>\n  <object data=\"https:\/\/lh3.googleusercontent.com\/pw\/AP1GczMyBZW7_8mdqe6YjiWkNTl4iVuNULr-WHjBiVaCCOa6KTwImml2qK9uuqdh-EFS62OG32gibeXiJR_WIDp5-FTlUMbnR9oBzwBbi4YtJaZLdokJhI4=w1920-h1080\"><\/object>\n  <object data=\"https:\/\/lh3.googleusercontent.com\/pw\/AP1GczNjNne4tZ07Vvupcvc0cJuOHRCamfxdo2u36Q7GpCVSk8_dVfFG9LpJvQUEAjKUHfjSkNoYGa8M5tV0UtDn5sfUtF3bhfTw3BaJHtonUVukBbVI7Jo=w1920-h1080\"><\/object>\n  <object data=\"https:\/\/lh3.googleusercontent.com\/pw\/AP1GczO6j7_GGF5debRMfWSvqkJ5zsMkmVhGIF7EiB44WN0Rs8K82MP4uENj1Ccid0F2L4T4qVTcmTySmTGlWI2oQhhIYvjfkYUCqReSJyDDbkrZB_id4lw=w1920-h1080\"><\/object>\n  <object data=\"https:\/\/lh3.googleusercontent.com\/pw\/AP1GczMlfK7M8QDxlB-MHGLl4S38RVSR4WyvO-iL6pBZnLT6sDXw5jtKvgu5cVVxIbgcao2eeIdBzBKs61s_6iK6-Ygiicmi_61NUsRuRTF7TFJJjnXysm8=w1920-h1080\"><\/object>\n  <object data=\"https:\/\/lh3.googleusercontent.com\/pw\/AP1GczOqXOhgF8-reke9QmExTr78P8oyB0yapyqPp0flwqVc-EnfiA7V9eAV0WzD2BvwQXmuuJB_2kUt2_-dICBVSguSu3dZuLVqJkIRJXcSCK0WuV_S79E=w1920-h1080\"><\/object>\n  <object data=\"https:\/\/lh3.googleusercontent.com\/pw\/AP1GczPzy8_eXD1hJRwx9aBxDCb3lFiJbGbVfExfE9RRu8lJOaQgQy0yyzWdNpMOYw6qL9HTm2Pb2OhU8I_sYRhOeRFobPnwTXKsnPMYwysL0rOsJ2Kisoc=w1920-h1080\"><\/object>\n  <object data=\"https:\/\/lh3.googleusercontent.com\/pw\/AP1GczNKi7DZIJ1EWh653G2ghBsiDh75Z4sg34SHVrIk7gkxEsnemMPBZh3CfWAbO0sXrApNxE6p32aSzHckpoZRlSzKj8sEbt76NN-DVUx2Gd82wmZTSMw=w1920-h1080\"><\/object>\n  <object data=\"https:\/\/lh3.googleusercontent.com\/pw\/AP1GczMcnmEr0Gs-9T1UroeVk8HQUa5n8UhNTAVhKTpGFb65dB0skPrdCeYvQYONEH3PVJChBokSxNGSlLlwER-0m_RIaqn69308iKsu-bCNedMxc5HFK7I=w1920-h1080\"><\/object>\n  <object data=\"https:\/\/lh3.googleusercontent.com\/pw\/AP1GczNFSno2FfHvsFuB-ajbTlSoFs2uCd1ZfkXfBmbsxCNZ5-QiJzWCKEfZVVxd_FFMVmY6NZmb_qyhi5V-0iAuXXDgja6j-VKZXucVFrpOKugBVkbPKhA=w1920-h1080\"><\/object>\n<\/div>\n\n","protected":false},"excerpt":{"rendered":"<p>Zum mittlerweile vierzehnten Mal fand am Freitag, 13.06.2025 die j\u00e4hrliche Kinderbuchautorenlesung an der Leoschule statt. Diesmal stand sie ganz im Zeichen der \u201eSendung mit der Maus\u201c.Christoph Biemann, den die Kinder als den Christoph mit dem gr\u00fcnen Pulli aus der Sendung mit der Maus kennen, war zu Gast in der Leoschule. Was hat Bernstein mit Elektrizit\u00e4t [&hellip;]<\/p>\n","protected":false},"author":2,"featured_media":0,"parent":0,"menu_order":0,"comment_status":"closed","ping_status":"closed","template":"","meta":{"site-sidebar-layout":"default","site-content-layout":"","ast-site-content-layout":"default","site-content-style":"default","site-sidebar-style":"default","ast-global-header-display":"","ast-banner-title-visibility":"","ast-main-header-display":"","ast-hfb-above-header-display":"","ast-hfb-below-header-display":"","ast-hfb-mobile-header-display":"","site-post-title":"","ast-breadcrumbs-content":"","ast-featured-img":"","footer-sml-layout":"","ast-disable-related-posts":"","theme-transparent-header-meta":"","adv-header-id-meta":"","stick-header-meta":"","header-above-stick-meta":"","header-main-stick-meta":"","header-below-stick-meta":"","astra-migrate-meta-layouts":"set","ast-page-background-enabled":"default","ast-page-background-meta":{"desktop":{"background-color":"var(--ast-global-color-4)","background-image":"","background-repeat":"repeat","background-position":"center center","background-size":"auto","background-attachment":"scroll","background-type":"","background-media":"","overlay-type":"","overlay-color":"","overlay-opacity":"","overlay-gradient":""},"tablet":{"background-color":"","background-image":"","background-repeat":"repeat","background-position":"center center","background-size":"auto","background-attachment":"scroll","background-type":"","background-media":"","overlay-type":"","overlay-color":"","overlay-opacity":"","overlay-gradient":""},"mobile":{"background-color":"","background-image":"","background-repeat":"repeat","background-position":"center center","background-size":"auto","background-attachment":"scroll","background-type":"","background-media":"","overlay-type":"","overlay-color":"","overlay-opacity":"","overlay-gradient":""}},"ast-content-background-meta":{"desktop":{"background-color":"var(--ast-global-color-5)","background-image":"","background-repeat":"repeat","background-position":"center center","background-size":"auto","background-attachment":"scroll","background-type":"","background-media":"","overlay-type":"","overlay-color":"","overlay-opacity":"","overlay-gradient":""},"tablet":{"background-color":"var(--ast-global-color-5)","background-image":"","background-repeat":"repeat","background-position":"center center","background-size":"auto","background-attachment":"scroll","background-type":"","background-media":"","overlay-type":"","overlay-color":"","overlay-opacity":"","overlay-gradient":""},"mobile":{"background-color":"var(--ast-global-color-5)","background-image":"","background-repeat":"repeat","background-position":"center center","background-size":"auto","background-attachment":"scroll","background-type":"","background-media":"","overlay-type":"","overlay-color":"","overlay-opacity":"","overlay-gradient":""}},"footnotes":""},"class_list":["post-2408","page","type-page","status-publish","hentry"],"yoast_head":"<!-- This site is optimized with the Yoast SEO plugin v27.4 - https:\/\/yoast.com\/product\/yoast-seo-wordpress\/ -->\n<title>&quot;Maus-Christoph&quot; an der Leoschule - Leoschule L\u00fcnen<\/title>\n<meta name=\"robots\" content=\"index, follow, max-snippet:-1, max-image-preview:large, max-video-preview:-1\" \/>\n<link rel=\"canonical\" href=\"https:\/\/www.leoschule-luenen.de\/index.php\/maus-christoph-an-der-leoschule\/\" \/>\n<meta property=\"og:locale\" content=\"de_DE\" \/>\n<meta property=\"og:type\" content=\"article\" \/>\n<meta property=\"og:title\" content=\"&quot;Maus-Christoph&quot; an der Leoschule - Leoschule L\u00fcnen\" \/>\n<meta property=\"og:description\" content=\"Zum mittlerweile vierzehnten Mal fand am Freitag, 13.06.2025 die j\u00e4hrliche Kinderbuchautorenlesung an der Leoschule statt. Diesmal stand sie ganz im Zeichen der \u201eSendung mit der Maus\u201c.Christoph Biemann, den die Kinder als den Christoph mit dem gr\u00fcnen Pulli aus der Sendung mit der Maus kennen, war zu Gast in der Leoschule. Was hat Bernstein mit Elektrizit\u00e4t [&hellip;]\" \/>\n<meta property=\"og:url\" content=\"https:\/\/www.leoschule-luenen.de\/index.php\/maus-christoph-an-der-leoschule\/\" \/>\n<meta property=\"og:site_name\" content=\"Leoschule L\u00fcnen\" \/>\n<meta name=\"twitter:card\" content=\"summary_large_image\" \/>\n<meta name=\"twitter:label1\" content=\"Gesch\u00e4tzte Lesezeit\" \/>\n\t<meta name=\"twitter:data1\" content=\"2\u00a0Minuten\" \/>\n<script type=\"application\/ld+json\" class=\"yoast-schema-graph\">{\"@context\":\"https:\\\/\\\/schema.org\",\"@graph\":[{\"@type\":\"WebPage\",\"@id\":\"https:\\\/\\\/www.leoschule-luenen.de\\\/index.php\\\/maus-christoph-an-der-leoschule\\\/\",\"url\":\"https:\\\/\\\/www.leoschule-luenen.de\\\/index.php\\\/maus-christoph-an-der-leoschule\\\/\",\"name\":\"\\\"Maus-Christoph\\\" an der Leoschule - Leoschule L\u00fcnen\",\"isPartOf\":{\"@id\":\"https:\\\/\\\/www.leoschule-luenen.de\\\/#website\"},\"datePublished\":\"2025-06-15T12:11:52+00:00\",\"breadcrumb\":{\"@id\":\"https:\\\/\\\/www.leoschule-luenen.de\\\/index.php\\\/maus-christoph-an-der-leoschule\\\/#breadcrumb\"},\"inLanguage\":\"de\",\"potentialAction\":[{\"@type\":\"ReadAction\",\"target\":[\"https:\\\/\\\/www.leoschule-luenen.de\\\/index.php\\\/maus-christoph-an-der-leoschule\\\/\"]}]},{\"@type\":\"BreadcrumbList\",\"@id\":\"https:\\\/\\\/www.leoschule-luenen.de\\\/index.php\\\/maus-christoph-an-der-leoschule\\\/#breadcrumb\",\"itemListElement\":[{\"@type\":\"ListItem\",\"position\":1,\"name\":\"Startseite\",\"item\":\"https:\\\/\\\/www.leoschule-luenen.de\\\/\"},{\"@type\":\"ListItem\",\"position\":2,\"name\":\"&#8222;Maus-Christoph&#8220; an der Leoschule\"}]},{\"@type\":\"WebSite\",\"@id\":\"https:\\\/\\\/www.leoschule-luenen.de\\\/#website\",\"url\":\"https:\\\/\\\/www.leoschule-luenen.de\\\/\",\"name\":\"Leoschule L\u00fcnen\",\"description\":\"St\u00e4dtische Katholische Grundschule\",\"publisher\":{\"@id\":\"https:\\\/\\\/www.leoschule-luenen.de\\\/#organization\"},\"potentialAction\":[{\"@type\":\"SearchAction\",\"target\":{\"@type\":\"EntryPoint\",\"urlTemplate\":\"https:\\\/\\\/www.leoschule-luenen.de\\\/?s={search_term_string}\"},\"query-input\":{\"@type\":\"PropertyValueSpecification\",\"valueRequired\":true,\"valueName\":\"search_term_string\"}}],\"inLanguage\":\"de\"},{\"@type\":\"Organization\",\"@id\":\"https:\\\/\\\/www.leoschule-luenen.de\\\/#organization\",\"name\":\"Leoschule\",\"url\":\"https:\\\/\\\/www.leoschule-luenen.de\\\/\",\"logo\":{\"@type\":\"ImageObject\",\"inLanguage\":\"de\",\"@id\":\"https:\\\/\\\/www.leoschule-luenen.de\\\/#\\\/schema\\\/logo\\\/image\\\/\",\"url\":\"https:\\\/\\\/www.leoschule-luenen.de\\\/wp-content\\\/uploads\\\/2021\\\/09\\\/cropped-LeoLogo-2.jpg\",\"contentUrl\":\"https:\\\/\\\/www.leoschule-luenen.de\\\/wp-content\\\/uploads\\\/2021\\\/09\\\/cropped-LeoLogo-2.jpg\",\"width\":342,\"height\":342,\"caption\":\"Leoschule\"},\"image\":{\"@id\":\"https:\\\/\\\/www.leoschule-luenen.de\\\/#\\\/schema\\\/logo\\\/image\\\/\"}}]}<\/script>\n<!-- \/ Yoast SEO plugin. -->","yoast_head_json":{"title":"\"Maus-Christoph\" an der Leoschule - Leoschule L\u00fcnen","robots":{"index":"index","follow":"follow","max-snippet":"max-snippet:-1","max-image-preview":"max-image-preview:large","max-video-preview":"max-video-preview:-1"},"canonical":"https:\/\/www.leoschule-luenen.de\/index.php\/maus-christoph-an-der-leoschule\/","og_locale":"de_DE","og_type":"article","og_title":"\"Maus-Christoph\" an der Leoschule - Leoschule L\u00fcnen","og_description":"Zum mittlerweile vierzehnten Mal fand am Freitag, 13.06.2025 die j\u00e4hrliche Kinderbuchautorenlesung an der Leoschule statt. Diesmal stand sie ganz im Zeichen der \u201eSendung mit der Maus\u201c.Christoph Biemann, den die Kinder als den Christoph mit dem gr\u00fcnen Pulli aus der Sendung mit der Maus kennen, war zu Gast in der Leoschule. Was hat Bernstein mit Elektrizit\u00e4t [&hellip;]","og_url":"https:\/\/www.leoschule-luenen.de\/index.php\/maus-christoph-an-der-leoschule\/","og_site_name":"Leoschule L\u00fcnen","twitter_card":"summary_large_image","twitter_misc":{"Gesch\u00e4tzte Lesezeit":"2\u00a0Minuten"},"schema":{"@context":"https:\/\/schema.org","@graph":[{"@type":"WebPage","@id":"https:\/\/www.leoschule-luenen.de\/index.php\/maus-christoph-an-der-leoschule\/","url":"https:\/\/www.leoschule-luenen.de\/index.php\/maus-christoph-an-der-leoschule\/","name":"\"Maus-Christoph\" an der Leoschule - Leoschule L\u00fcnen","isPartOf":{"@id":"https:\/\/www.leoschule-luenen.de\/#website"},"datePublished":"2025-06-15T12:11:52+00:00","breadcrumb":{"@id":"https:\/\/www.leoschule-luenen.de\/index.php\/maus-christoph-an-der-leoschule\/#breadcrumb"},"inLanguage":"de","potentialAction":[{"@type":"ReadAction","target":["https:\/\/www.leoschule-luenen.de\/index.php\/maus-christoph-an-der-leoschule\/"]}]},{"@type":"BreadcrumbList","@id":"https:\/\/www.leoschule-luenen.de\/index.php\/maus-christoph-an-der-leoschule\/#breadcrumb","itemListElement":[{"@type":"ListItem","position":1,"name":"Startseite","item":"https:\/\/www.leoschule-luenen.de\/"},{"@type":"ListItem","position":2,"name":"&#8222;Maus-Christoph&#8220; an der Leoschule"}]},{"@type":"WebSite","@id":"https:\/\/www.leoschule-luenen.de\/#website","url":"https:\/\/www.leoschule-luenen.de\/","name":"Leoschule L\u00fcnen","description":"St\u00e4dtische Katholische Grundschule","publisher":{"@id":"https:\/\/www.leoschule-luenen.de\/#organization"},"potentialAction":[{"@type":"SearchAction","target":{"@type":"EntryPoint","urlTemplate":"https:\/\/www.leoschule-luenen.de\/?s={search_term_string}"},"query-input":{"@type":"PropertyValueSpecification","valueRequired":true,"valueName":"search_term_string"}}],"inLanguage":"de"},{"@type":"Organization","@id":"https:\/\/www.leoschule-luenen.de\/#organization","name":"Leoschule","url":"https:\/\/www.leoschule-luenen.de\/","logo":{"@type":"ImageObject","inLanguage":"de","@id":"https:\/\/www.leoschule-luenen.de\/#\/schema\/logo\/image\/","url":"https:\/\/www.leoschule-luenen.de\/wp-content\/uploads\/2021\/09\/cropped-LeoLogo-2.jpg","contentUrl":"https:\/\/www.leoschule-luenen.de\/wp-content\/uploads\/2021\/09\/cropped-LeoLogo-2.jpg","width":342,"height":342,"caption":"Leoschule"},"image":{"@id":"https:\/\/www.leoschule-luenen.de\/#\/schema\/logo\/image\/"}}]}},"_links":{"self":[{"href":"https:\/\/www.leoschule-luenen.de\/index.php\/wp-json\/wp\/v2\/pages\/2408","targetHints":{"allow":["GET"]}}],"collection":[{"href":"https:\/\/www.leoschule-luenen.de\/index.php\/wp-json\/wp\/v2\/pages"}],"about":[{"href":"https:\/\/www.leoschule-luenen.de\/index.php\/wp-json\/wp\/v2\/types\/page"}],"author":[{"embeddable":true,"href":"https:\/\/www.leoschule-luenen.de\/index.php\/wp-json\/wp\/v2\/users\/2"}],"replies":[{"embeddable":true,"href":"https:\/\/www.leoschule-luenen.de\/index.php\/wp-json\/wp\/v2\/comments?post=2408"}],"version-history":[{"count":1,"href":"https:\/\/www.leoschule-luenen.de\/index.php\/wp-json\/wp\/v2\/pages\/2408\/revisions"}],"predecessor-version":[{"id":2411,"href":"https:\/\/www.leoschule-luenen.de\/index.php\/wp-json\/wp\/v2\/pages\/2408\/revisions\/2411"}],"wp:attachment":[{"href":"https:\/\/www.leoschule-luenen.de\/index.php\/wp-json\/wp\/v2\/media?parent=2408"}],"curies":[{"name":"wp","href":"https:\/\/api.w.org\/{rel}","templated":true}]}}