{"id":2328,"date":"2025-03-13T07:20:27","date_gmt":"2025-03-13T07:20:27","guid":{"rendered":"https:\/\/www.leoschule-luenen.de\/?page_id=2328"},"modified":"2025-09-05T07:27:55","modified_gmt":"2025-09-05T07:27:55","slug":"digitales","status":"publish","type":"page","link":"https:\/\/www.leoschule-luenen.de\/index.php\/digitales\/","title":{"rendered":"Digitales"},"content":{"rendered":"\n<p style=\"font-size:15px\">An der Leoschule gibt es seit einigen Jahren keine klassischen Kreidetafeln mehr. Unsere digitalen Tafeln sind interaktive <strong>Touchscreen-Bildschirme<\/strong> und k\u00f6nnen z.B. mittels AppleTV die Bildschirme der Lehrer- und Sch\u00fcler-<strong>iPads<\/strong> wiedergeben. So k\u00f6nnen wir unterschiedlichste Lineaturen, Bilder, Fotos, Videos,,\u2026 ohne gro\u00dfen Aufwand auf den Tafeln darstellen. So lernen die Kinder bei uns im t\u00e4glichen Unterricht den Umgang mit digitalen Medien kennen. Diese digitalen Medien nutzen wir in der Schule, neben den klassischen Medien wie Heft und Buch. An der Leoschule wird also analog und digital gelernt. <\/p>\n\n\n\n<p class=\"has-medium-font-size\"><strong>Smartphones u.\u00e4.<\/strong><\/p>\n\n\n\n<p><\/p>\n\n\n\n<div class=\"wp-block-media-text is-stacked-on-mobile\" style=\"grid-template-columns:15% auto\"><figure class=\"wp-block-media-text__media\"><img loading=\"lazy\" decoding=\"async\" width=\"614\" height=\"626\" src=\"https:\/\/www.leoschule-luenen.de\/wp-content\/uploads\/2025\/03\/Screenshot-2025-03-13-084952.png\" alt=\"\" class=\"wp-image-2336 size-full\" srcset=\"https:\/\/www.leoschule-luenen.de\/wp-content\/uploads\/2025\/03\/Screenshot-2025-03-13-084952.png 614w, https:\/\/www.leoschule-luenen.de\/wp-content\/uploads\/2025\/03\/Screenshot-2025-03-13-084952-294x300.png 294w\" sizes=\"auto, (max-width: 614px) 100vw, 614px\" \/><\/figure><div class=\"wp-block-media-text__content\">\n<p class=\"has-vivid-red-color has-text-color has-link-color wp-elements-7afe7198cdf88a878f90ceb2f3bda34c\" style=\"font-size:15px\"><strong>F\u00fcr Kinder herrscht an der Leoschule jedoch durch einen Schulkonferenzbeschluss aus dem Jahre 2011 ein <\/strong><em><strong>striktes Handyverbot!<\/strong><\/em> Dieses Verbot schlie\u00dft auch Smartwatches u.\u00e4. mit ein! Das gilt auch f\u00fcr Handys oder Smartwatches, die im sogenannten Schulmodus sind!<\/p>\n\n\n\n<p class=\"has-vivid-red-color has-text-color has-link-color wp-elements-41029a272ab165ec77f75f25cdde1cc5\" style=\"font-size:15px\">In Schulen bringen Smartphones und -watches viele Probleme mit sich. So verf\u00fcgen sie teilweise \u00fcber Funktionen, die im Schulalltag zu Konflikten und datenschutzrechtlichen Problemen f\u00fchren k\u00f6nnen. Darunter fallen beispielsweise Foto-, Video- und Telefonfunktionen, die zu unerlaubten Aufnahmen f\u00fchren k\u00f6nnen. Modelle mancher Hersteller enthalten versteckte Mikrofone, die das Aufzeichnen s\u00e4mtlicher Ger\u00e4usche oder Gespr\u00e4che in der Umgebung erm\u00f6glichen. Diese Aufnahmen k\u00f6nnen auf der Smartwatch direkt an ein beliebiges Handy \u00fcbertragen werden.<\/p>\n\n\n\n<p>Auch das Argument \u201edie Uhr ist aber doch im Schulmodus\u201c ist keineswegs zielf\u00fchrend. Wir k\u00f6nnen nicht bei allen m\u00f6glichen Smartwachmodellen kontrollieren oder erkennen, ob das jeweilige Modell ordnungsgem\u00e4\u00df ausgeschaltet bzw. im \u201eSchulmodus\u201c ist. Wir wollen ungest\u00f6rt unterrichten und die Kinder sollten ungest\u00f6rt lernen k\u00f6nnen!<\/p>\n\n\n\n<p>Durch das Verbot sind <\/p>\n\n\n\n<ul class=\"wp-block-list\">\n<li>wir von jeglicher Haftung freigestellt, <span style=\"color: var(--ast-global-color-3); font-size: 1rem; font-weight: inherit; background-color: var(--ast-global-color-5);\">falls ein solches Ger\u00e4t abhandenkommen sollte<\/span>.<\/li>\n\n\n\n<li>wir von jeglicher Haftung freigestellt, falls mit dem Ger\u00e4t Foto-, Video- oder Tonaufnahmen gemacht werden sollten und dadurch ggf. Datenschutzverletzungen begangen werden.<\/li>\n<\/ul>\n\n\n\n<ul class=\"wp-block-list\">\n<li>die Kolleginnen und Kollegen vor Dienstaufsichtsbeschwerden wegen Verletzung der Aufsichts- und F\u00fcrsorgepflicht gesch\u00fctzt, falls es zu unerlaubten und unbemerkten Handlungen durch Sch\u00fclerinnen und Sch\u00fcler mit solchen Endger\u00e4ten kommen sollte.<\/li>\n<\/ul>\n\n\n\n<p>Abgesehen davon ist es auch in mehreren Studien belegt, dass eine Smartwatch ebenso wie Smartphones eine allzu gro\u00dfe Ablenkung f\u00fcr ein Kind im Grundschulalter darstellen kann.<\/p>\n\n\n\n<p>Zudem st\u00f6ren Anrufe und Tonger\u00e4usche den Unterricht. <\/p>\n\n\n\n<p>Anrufe auf den Ger\u00e4ten oder Ger\u00e4usche von den Ger\u00e4ten gab es in der Vergangenheit leider immer wieder, weil das Ger\u00e4t eben nicht im \u201eSchulmodus\u201c war oder das Kind das Handy doch mal eben eingeschaltete hatte, \u2026.<\/p>\n\n\n\n<p class=\"has-vivid-red-color has-text-color has-link-color wp-elements-8cf5177cba54b5e07eedd774e053a98b\" style=\"font-size:15px\">Wenn Sie Ihr Kind w\u00e4hrend der Schulzeit erreichen m\u00fcssen, haben Sie die M\u00f6glichkeit Kontakt mit dem Sekretariat oder der OGTATA aufzunehmen. Die Kinder k\u00f6nnen sich im Sekretariat oder in der OGATA melden, falls sie zuhause anrufen m\u00fcssen.<\/p>\n\n\n\n<p class=\"has-vivid-red-color has-text-color has-link-color wp-elements-056f88e35eb9e298dbf0ed58cd2afbd0\" style=\"font-size:15px\">N\u00e4here Erl\u00e4uterungen dazu finden Sie in den folgenden Elternbriefen:<\/p>\n<\/div><\/div>\n\n\n\n<ol class=\"wp-block-list\">\n<li><a href=\"https:\/\/www.leoschule-luenen.de\/wp-content\/uploads\/2024\/10\/Elternbrief-06-Mediennutzung-Smartphone.pdf\">WhatsApp und Co.<\/a><\/li>\n\n\n\n<li><a href=\"https:\/\/www.leoschule-luenen.de\/wp-content\/uploads\/2025\/03\/Elternbrief-09-Smartphone-Smartwatch.pdf\">Smartwatch, Smartphone<\/a><\/li>\n\n\n\n<li><a href=\"https:\/\/www.leoschule-luenen.de\/wp-content\/uploads\/2022\/02\/Bildschirmnutzung.pdf\">Bildschirmnutzung bei Kindern<\/a><\/li>\n<\/ol>\n\n\n\n<p><\/p>\n","protected":false},"excerpt":{"rendered":"<p>An der Leoschule gibt es seit einigen Jahren keine klassischen Kreidetafeln mehr. Unsere digitalen Tafeln sind interaktive Touchscreen-Bildschirme und k\u00f6nnen z.B. mittels AppleTV die Bildschirme der Lehrer- und Sch\u00fcler-iPads wiedergeben. So k\u00f6nnen wir unterschiedlichste Lineaturen, Bilder, Fotos, Videos,,\u2026 ohne gro\u00dfen Aufwand auf den Tafeln darstellen. So lernen die Kinder bei uns im t\u00e4glichen Unterricht den [&hellip;]<\/p>\n","protected":false},"author":2,"featured_media":0,"parent":0,"menu_order":0,"comment_status":"closed","ping_status":"closed","template":"","meta":{"site-sidebar-layout":"default","site-content-layout":"","ast-site-content-layout":"default","site-content-style":"default","site-sidebar-style":"default","ast-global-header-display":"","ast-banner-title-visibility":"","ast-main-header-display":"","ast-hfb-above-header-display":"","ast-hfb-below-header-display":"","ast-hfb-mobile-header-display":"","site-post-title":"","ast-breadcrumbs-content":"","ast-featured-img":"","footer-sml-layout":"","ast-disable-related-posts":"","theme-transparent-header-meta":"","adv-header-id-meta":"","stick-header-meta":"","header-above-stick-meta":"","header-main-stick-meta":"","header-below-stick-meta":"","astra-migrate-meta-layouts":"set","ast-page-background-enabled":"default","ast-page-background-meta":{"desktop":{"background-color":"var(--ast-global-color-4)","background-image":"","background-repeat":"repeat","background-position":"center center","background-size":"auto","background-attachment":"scroll","background-type":"","background-media":"","overlay-type":"","overlay-color":"","overlay-opacity":"","overlay-gradient":""},"tablet":{"background-color":"","background-image":"","background-repeat":"repeat","background-position":"center center","background-size":"auto","background-attachment":"scroll","background-type":"","background-media":"","overlay-type":"","overlay-color":"","overlay-opacity":"","overlay-gradient":""},"mobile":{"background-color":"","background-image":"","background-repeat":"repeat","background-position":"center center","background-size":"auto","background-attachment":"scroll","background-type":"","background-media":"","overlay-type":"","overlay-color":"","overlay-opacity":"","overlay-gradient":""}},"ast-content-background-meta":{"desktop":{"background-color":"var(--ast-global-color-5)","background-image":"","background-repeat":"repeat","background-position":"center center","background-size":"auto","background-attachment":"scroll","background-type":"","background-media":"","overlay-type":"","overlay-color":"","overlay-opacity":"","overlay-gradient":""},"tablet":{"background-color":"var(--ast-global-color-5)","background-image":"","background-repeat":"repeat","background-position":"center center","background-size":"auto","background-attachment":"scroll","background-type":"","background-media":"","overlay-type":"","overlay-color":"","overlay-opacity":"","overlay-gradient":""},"mobile":{"background-color":"var(--ast-global-color-5)","background-image":"","background-repeat":"repeat","background-position":"center center","background-size":"auto","background-attachment":"scroll","background-type":"","background-media":"","overlay-type":"","overlay-color":"","overlay-opacity":"","overlay-gradient":""}},"footnotes":""},"class_list":["post-2328","page","type-page","status-publish","hentry"],"yoast_head":"<!-- This site is optimized with the Yoast SEO plugin v27.4 - https:\/\/yoast.com\/product\/yoast-seo-wordpress\/ -->\n<title>Digitales - Leoschule L\u00fcnen<\/title>\n<meta name=\"robots\" content=\"index, follow, max-snippet:-1, max-image-preview:large, max-video-preview:-1\" \/>\n<link rel=\"canonical\" href=\"https:\/\/www.leoschule-luenen.de\/index.php\/digitales\/\" \/>\n<meta property=\"og:locale\" content=\"de_DE\" \/>\n<meta property=\"og:type\" content=\"article\" \/>\n<meta property=\"og:title\" content=\"Digitales - Leoschule L\u00fcnen\" \/>\n<meta property=\"og:description\" content=\"An der Leoschule gibt es seit einigen Jahren keine klassischen Kreidetafeln mehr. Unsere digitalen Tafeln sind interaktive Touchscreen-Bildschirme und k\u00f6nnen z.B. mittels AppleTV die Bildschirme der Lehrer- und Sch\u00fcler-iPads wiedergeben. So k\u00f6nnen wir unterschiedlichste Lineaturen, Bilder, Fotos, Videos,,\u2026 ohne gro\u00dfen Aufwand auf den Tafeln darstellen. So lernen die Kinder bei uns im t\u00e4glichen Unterricht den [&hellip;]\" \/>\n<meta property=\"og:url\" content=\"https:\/\/www.leoschule-luenen.de\/index.php\/digitales\/\" \/>\n<meta property=\"og:site_name\" content=\"Leoschule L\u00fcnen\" \/>\n<meta property=\"article:modified_time\" content=\"2025-09-05T07:27:55+00:00\" \/>\n<meta property=\"og:image\" content=\"https:\/\/www.leoschule-luenen.de\/wp-content\/uploads\/2025\/03\/Screenshot-2025-03-13-084952.png\" \/>\n\t<meta property=\"og:image:width\" content=\"614\" \/>\n\t<meta property=\"og:image:height\" content=\"626\" \/>\n\t<meta property=\"og:image:type\" content=\"image\/png\" \/>\n<meta name=\"twitter:card\" content=\"summary_large_image\" \/>\n<meta name=\"twitter:label1\" content=\"Gesch\u00e4tzte Lesezeit\" \/>\n\t<meta name=\"twitter:data1\" content=\"3\u00a0Minuten\" \/>\n<script type=\"application\/ld+json\" class=\"yoast-schema-graph\">{\"@context\":\"https:\\\/\\\/schema.org\",\"@graph\":[{\"@type\":\"WebPage\",\"@id\":\"https:\\\/\\\/www.leoschule-luenen.de\\\/index.php\\\/digitales\\\/\",\"url\":\"https:\\\/\\\/www.leoschule-luenen.de\\\/index.php\\\/digitales\\\/\",\"name\":\"Digitales - Leoschule L\u00fcnen\",\"isPartOf\":{\"@id\":\"https:\\\/\\\/www.leoschule-luenen.de\\\/#website\"},\"primaryImageOfPage\":{\"@id\":\"https:\\\/\\\/www.leoschule-luenen.de\\\/index.php\\\/digitales\\\/#primaryimage\"},\"image\":{\"@id\":\"https:\\\/\\\/www.leoschule-luenen.de\\\/index.php\\\/digitales\\\/#primaryimage\"},\"thumbnailUrl\":\"https:\\\/\\\/www.leoschule-luenen.de\\\/wp-content\\\/uploads\\\/2025\\\/03\\\/Screenshot-2025-03-13-084952.png\",\"datePublished\":\"2025-03-13T07:20:27+00:00\",\"dateModified\":\"2025-09-05T07:27:55+00:00\",\"breadcrumb\":{\"@id\":\"https:\\\/\\\/www.leoschule-luenen.de\\\/index.php\\\/digitales\\\/#breadcrumb\"},\"inLanguage\":\"de\",\"potentialAction\":[{\"@type\":\"ReadAction\",\"target\":[\"https:\\\/\\\/www.leoschule-luenen.de\\\/index.php\\\/digitales\\\/\"]}]},{\"@type\":\"ImageObject\",\"inLanguage\":\"de\",\"@id\":\"https:\\\/\\\/www.leoschule-luenen.de\\\/index.php\\\/digitales\\\/#primaryimage\",\"url\":\"https:\\\/\\\/www.leoschule-luenen.de\\\/wp-content\\\/uploads\\\/2025\\\/03\\\/Screenshot-2025-03-13-084952.png\",\"contentUrl\":\"https:\\\/\\\/www.leoschule-luenen.de\\\/wp-content\\\/uploads\\\/2025\\\/03\\\/Screenshot-2025-03-13-084952.png\",\"width\":614,\"height\":626},{\"@type\":\"BreadcrumbList\",\"@id\":\"https:\\\/\\\/www.leoschule-luenen.de\\\/index.php\\\/digitales\\\/#breadcrumb\",\"itemListElement\":[{\"@type\":\"ListItem\",\"position\":1,\"name\":\"Startseite\",\"item\":\"https:\\\/\\\/www.leoschule-luenen.de\\\/\"},{\"@type\":\"ListItem\",\"position\":2,\"name\":\"Digitales\"}]},{\"@type\":\"WebSite\",\"@id\":\"https:\\\/\\\/www.leoschule-luenen.de\\\/#website\",\"url\":\"https:\\\/\\\/www.leoschule-luenen.de\\\/\",\"name\":\"Leoschule L\u00fcnen\",\"description\":\"St\u00e4dtische Katholische Grundschule\",\"publisher\":{\"@id\":\"https:\\\/\\\/www.leoschule-luenen.de\\\/#organization\"},\"potentialAction\":[{\"@type\":\"SearchAction\",\"target\":{\"@type\":\"EntryPoint\",\"urlTemplate\":\"https:\\\/\\\/www.leoschule-luenen.de\\\/?s={search_term_string}\"},\"query-input\":{\"@type\":\"PropertyValueSpecification\",\"valueRequired\":true,\"valueName\":\"search_term_string\"}}],\"inLanguage\":\"de\"},{\"@type\":\"Organization\",\"@id\":\"https:\\\/\\\/www.leoschule-luenen.de\\\/#organization\",\"name\":\"Leoschule\",\"url\":\"https:\\\/\\\/www.leoschule-luenen.de\\\/\",\"logo\":{\"@type\":\"ImageObject\",\"inLanguage\":\"de\",\"@id\":\"https:\\\/\\\/www.leoschule-luenen.de\\\/#\\\/schema\\\/logo\\\/image\\\/\",\"url\":\"https:\\\/\\\/www.leoschule-luenen.de\\\/wp-content\\\/uploads\\\/2021\\\/09\\\/cropped-LeoLogo-2.jpg\",\"contentUrl\":\"https:\\\/\\\/www.leoschule-luenen.de\\\/wp-content\\\/uploads\\\/2021\\\/09\\\/cropped-LeoLogo-2.jpg\",\"width\":342,\"height\":342,\"caption\":\"Leoschule\"},\"image\":{\"@id\":\"https:\\\/\\\/www.leoschule-luenen.de\\\/#\\\/schema\\\/logo\\\/image\\\/\"}}]}<\/script>\n<!-- \/ Yoast SEO plugin. -->","yoast_head_json":{"title":"Digitales - Leoschule L\u00fcnen","robots":{"index":"index","follow":"follow","max-snippet":"max-snippet:-1","max-image-preview":"max-image-preview:large","max-video-preview":"max-video-preview:-1"},"canonical":"https:\/\/www.leoschule-luenen.de\/index.php\/digitales\/","og_locale":"de_DE","og_type":"article","og_title":"Digitales - Leoschule L\u00fcnen","og_description":"An der Leoschule gibt es seit einigen Jahren keine klassischen Kreidetafeln mehr. Unsere digitalen Tafeln sind interaktive Touchscreen-Bildschirme und k\u00f6nnen z.B. mittels AppleTV die Bildschirme der Lehrer- und Sch\u00fcler-iPads wiedergeben. So k\u00f6nnen wir unterschiedlichste Lineaturen, Bilder, Fotos, Videos,,\u2026 ohne gro\u00dfen Aufwand auf den Tafeln darstellen. So lernen die Kinder bei uns im t\u00e4glichen Unterricht den [&hellip;]","og_url":"https:\/\/www.leoschule-luenen.de\/index.php\/digitales\/","og_site_name":"Leoschule L\u00fcnen","article_modified_time":"2025-09-05T07:27:55+00:00","og_image":[{"width":614,"height":626,"url":"https:\/\/www.leoschule-luenen.de\/wp-content\/uploads\/2025\/03\/Screenshot-2025-03-13-084952.png","type":"image\/png"}],"twitter_card":"summary_large_image","twitter_misc":{"Gesch\u00e4tzte Lesezeit":"3\u00a0Minuten"},"schema":{"@context":"https:\/\/schema.org","@graph":[{"@type":"WebPage","@id":"https:\/\/www.leoschule-luenen.de\/index.php\/digitales\/","url":"https:\/\/www.leoschule-luenen.de\/index.php\/digitales\/","name":"Digitales - Leoschule L\u00fcnen","isPartOf":{"@id":"https:\/\/www.leoschule-luenen.de\/#website"},"primaryImageOfPage":{"@id":"https:\/\/www.leoschule-luenen.de\/index.php\/digitales\/#primaryimage"},"image":{"@id":"https:\/\/www.leoschule-luenen.de\/index.php\/digitales\/#primaryimage"},"thumbnailUrl":"https:\/\/www.leoschule-luenen.de\/wp-content\/uploads\/2025\/03\/Screenshot-2025-03-13-084952.png","datePublished":"2025-03-13T07:20:27+00:00","dateModified":"2025-09-05T07:27:55+00:00","breadcrumb":{"@id":"https:\/\/www.leoschule-luenen.de\/index.php\/digitales\/#breadcrumb"},"inLanguage":"de","potentialAction":[{"@type":"ReadAction","target":["https:\/\/www.leoschule-luenen.de\/index.php\/digitales\/"]}]},{"@type":"ImageObject","inLanguage":"de","@id":"https:\/\/www.leoschule-luenen.de\/index.php\/digitales\/#primaryimage","url":"https:\/\/www.leoschule-luenen.de\/wp-content\/uploads\/2025\/03\/Screenshot-2025-03-13-084952.png","contentUrl":"https:\/\/www.leoschule-luenen.de\/wp-content\/uploads\/2025\/03\/Screenshot-2025-03-13-084952.png","width":614,"height":626},{"@type":"BreadcrumbList","@id":"https:\/\/www.leoschule-luenen.de\/index.php\/digitales\/#breadcrumb","itemListElement":[{"@type":"ListItem","position":1,"name":"Startseite","item":"https:\/\/www.leoschule-luenen.de\/"},{"@type":"ListItem","position":2,"name":"Digitales"}]},{"@type":"WebSite","@id":"https:\/\/www.leoschule-luenen.de\/#website","url":"https:\/\/www.leoschule-luenen.de\/","name":"Leoschule L\u00fcnen","description":"St\u00e4dtische Katholische Grundschule","publisher":{"@id":"https:\/\/www.leoschule-luenen.de\/#organization"},"potentialAction":[{"@type":"SearchAction","target":{"@type":"EntryPoint","urlTemplate":"https:\/\/www.leoschule-luenen.de\/?s={search_term_string}"},"query-input":{"@type":"PropertyValueSpecification","valueRequired":true,"valueName":"search_term_string"}}],"inLanguage":"de"},{"@type":"Organization","@id":"https:\/\/www.leoschule-luenen.de\/#organization","name":"Leoschule","url":"https:\/\/www.leoschule-luenen.de\/","logo":{"@type":"ImageObject","inLanguage":"de","@id":"https:\/\/www.leoschule-luenen.de\/#\/schema\/logo\/image\/","url":"https:\/\/www.leoschule-luenen.de\/wp-content\/uploads\/2021\/09\/cropped-LeoLogo-2.jpg","contentUrl":"https:\/\/www.leoschule-luenen.de\/wp-content\/uploads\/2021\/09\/cropped-LeoLogo-2.jpg","width":342,"height":342,"caption":"Leoschule"},"image":{"@id":"https:\/\/www.leoschule-luenen.de\/#\/schema\/logo\/image\/"}}]}},"_links":{"self":[{"href":"https:\/\/www.leoschule-luenen.de\/index.php\/wp-json\/wp\/v2\/pages\/2328","targetHints":{"allow":["GET"]}}],"collection":[{"href":"https:\/\/www.leoschule-luenen.de\/index.php\/wp-json\/wp\/v2\/pages"}],"about":[{"href":"https:\/\/www.leoschule-luenen.de\/index.php\/wp-json\/wp\/v2\/types\/page"}],"author":[{"embeddable":true,"href":"https:\/\/www.leoschule-luenen.de\/index.php\/wp-json\/wp\/v2\/users\/2"}],"replies":[{"embeddable":true,"href":"https:\/\/www.leoschule-luenen.de\/index.php\/wp-json\/wp\/v2\/comments?post=2328"}],"version-history":[{"count":17,"href":"https:\/\/www.leoschule-luenen.de\/index.php\/wp-json\/wp\/v2\/pages\/2328\/revisions"}],"predecessor-version":[{"id":2462,"href":"https:\/\/www.leoschule-luenen.de\/index.php\/wp-json\/wp\/v2\/pages\/2328\/revisions\/2462"}],"wp:attachment":[{"href":"https:\/\/www.leoschule-luenen.de\/index.php\/wp-json\/wp\/v2\/media?parent=2328"}],"curies":[{"name":"wp","href":"https:\/\/api.w.org\/{rel}","templated":true}]}}