{"id":2,"date":"2021-09-13T16:22:47","date_gmt":"2021-09-13T16:22:47","guid":{"rendered":"https:\/\/www.leoschule-luenen.de\/wordpress\/?page_id=2"},"modified":"2026-04-16T05:17:41","modified_gmt":"2026-04-16T05:17:41","slug":"sample-page","status":"publish","type":"page","link":"https:\/\/www.leoschule-luenen.de\/index.php\/sample-page\/","title":{"rendered":"Informationen zur Anmeldung f\u00fcr das Schuljahr 2027\/28"},"content":{"rendered":"\n<p>Hier finden Sie die wichtigsten Informationen zur Anmeldung Ihres Kindes an der Leoschule:&nbsp;<\/p>\n\n\n\n<figure class=\"wp-block-image size-full is-resized\"><img loading=\"lazy\" decoding=\"async\" width=\"300\" height=\"176\" src=\"https:\/\/www.leoschule-luenen.de\/wp-content\/uploads\/2021\/09\/bed197abed9c3bec371eba1489220184_f3409.jpg\" alt=\"\" class=\"wp-image-48\" style=\"width:196px;height:115px\"\/><\/figure>\n\n\n\n<ol class=\"wp-block-list\">\n<li class=\"has-medium-font-size\" style=\"font-style:italic;font-weight:500;text-decoration:none\">Die Anmeldewochen f\u00fcr alle Grundschulen in L\u00fcnen sind vom 28.09. &#8211; 09.10.2026<br><\/li>\n\n\n\n<li>&nbsp;Schulpflichtig werden Kinder, die zwischen dem 01. Oktober 2020 und dem 30. September 2021 geboren wurden.&nbsp;&nbsp;<br><\/li>\n\n\n\n<li>J\u00fcngere Kinder k\u00f6nnen ggf. auf Antrag der Eltern eingeschult werden. Die Entscheidung \u00fcber die vorzeitige Einschulung trifft die Schulleitung unter Ber\u00fccksichtigung des schul\u00e4rztlichen Gutachtens und nach R\u00fccksprache mit der Kindertageseinrichtung.<br><\/li>\n\n\n\n<li>Wie auch in den vergangenen Jahren haben interessierte Eltern die M\u00f6glichkeit sich im Vorfeld der Anmeldung individuelle Termine bei der Schulleitung geben zu lassen, um sich \u00fcber die Leoschule zu informieren. Sie haben dann die M\u00f6glichkeit Fragen zu stellen, sich die Schule anzusehen und mit der Schulleitung individuell ins Gespr\u00e4ch zu kommen.<br><\/li>\n\n\n\n<li><strong><mark style=\"background-color:rgba(0, 0, 0, 0);color:#a30078\" class=\"has-inline-color\">Als katholische Grundschule nehmen wir grunds\u00e4tzlich Kinder aller Konfessionen und Glaubensrichtungen auf!<\/mark><\/strong> Die Eltern erkl\u00e4ren sich damit einverstanden, dass die Kinder an der Leoschule nach den Grunds\u00e4tzen des katholischen Bekenntnisses unterrichtet und erzogen werden. Lediglich f\u00fcr den Fall, dass wir zu viele Anmeldungen erhalten, spielt die Konfession eine Rolle, da dann zun\u00e4chst die katholischen Kinder aufgenommen werden.<\/li>\n<\/ol>\n\n\n\n<h2 class=\"wp-block-heading\"><a href=\"https:\/\/www.leoschule-luenen.de\/wp-content\/uploads\/2025\/03\/Schulanfaenger-ABC-Leoschule-26-27.pdf\" target=\"_blank\" rel=\"noreferrer noopener\">Umfangreiche Informationen zur Leoschule finden Sie in unserem Eltern-ABC.<\/a><\/h2>\n\n\n\n<figure class=\"wp-block-image size-full is-resized\"><a href=\"https:\/\/www.leoschule-luenen.de\/wp-content\/uploads\/2026\/04\/Broschuere_Grundschule_Stand_09-2025-1.pdf\"><img loading=\"lazy\" decoding=\"async\" width=\"803\" height=\"726\" src=\"https:\/\/www.leoschule-luenen.de\/wp-content\/uploads\/2026\/04\/image.png\" alt=\"\" class=\"wp-image-2707\" style=\"aspect-ratio:1.1060866945030348;width:203px;height:auto\" srcset=\"https:\/\/www.leoschule-luenen.de\/wp-content\/uploads\/2026\/04\/image.png 803w, https:\/\/www.leoschule-luenen.de\/wp-content\/uploads\/2026\/04\/image-300x271.png 300w, https:\/\/www.leoschule-luenen.de\/wp-content\/uploads\/2026\/04\/image-768x694.png 768w\" sizes=\"auto, (max-width: 803px) 100vw, 803px\" \/><\/a><\/figure>\n\n\n\n<p class=\"has-medium-font-size\">Die \u00dcbersicht \u00fcber das Anmeldeverfahren und \u00fcber die L\u00fcner Grundschulen finden Sie in einem Flyer der Stadt L\u00fcnen, der zurzeit aktualisiert wird. Sobald er verf\u00fcgbar ist, finden Sie in hier.<\/p>\n","protected":false},"excerpt":{"rendered":"<p>Hier finden Sie die wichtigsten Informationen zur Anmeldung Ihres Kindes an der Leoschule:&nbsp; Umfangreiche Informationen zur Leoschule finden Sie in unserem Eltern-ABC. Die \u00dcbersicht \u00fcber das Anmeldeverfahren und \u00fcber die L\u00fcner Grundschulen finden Sie in einem Flyer der Stadt L\u00fcnen, der zurzeit aktualisiert wird. Sobald er verf\u00fcgbar ist, finden Sie in hier.<\/p>\n","protected":false},"author":1,"featured_media":0,"parent":0,"menu_order":0,"comment_status":"closed","ping_status":"closed","template":"","meta":{"site-sidebar-layout":"default","site-content-layout":"default","ast-site-content-layout":"default","site-content-style":"default","site-sidebar-style":"default","ast-global-header-display":"","ast-banner-title-visibility":"","ast-main-header-display":"","ast-hfb-above-header-display":"","ast-hfb-below-header-display":"","ast-hfb-mobile-header-display":"","site-post-title":"","ast-breadcrumbs-content":"","ast-featured-img":"","footer-sml-layout":"","ast-disable-related-posts":"","theme-transparent-header-meta":"default","adv-header-id-meta":"","stick-header-meta":"","header-above-stick-meta":"","header-main-stick-meta":"","header-below-stick-meta":"","astra-migrate-meta-layouts":"set","ast-page-background-enabled":"default","ast-page-background-meta":{"desktop":{"background-color":"var(--ast-global-color-4)","background-image":"","background-repeat":"repeat","background-position":"center center","background-size":"auto","background-attachment":"scroll","background-type":"","background-media":"","overlay-type":"","overlay-color":"","overlay-opacity":"","overlay-gradient":""},"tablet":{"background-color":"","background-image":"","background-repeat":"repeat","background-position":"center center","background-size":"auto","background-attachment":"scroll","background-type":"","background-media":"","overlay-type":"","overlay-color":"","overlay-opacity":"","overlay-gradient":""},"mobile":{"background-color":"","background-image":"","background-repeat":"repeat","background-position":"center center","background-size":"auto","background-attachment":"scroll","background-type":"","background-media":"","overlay-type":"","overlay-color":"","overlay-opacity":"","overlay-gradient":""}},"ast-content-background-meta":{"desktop":{"background-color":"var(--ast-global-color-5)","background-image":"","background-repeat":"repeat","background-position":"center center","background-size":"auto","background-attachment":"scroll","background-type":"","background-media":"","overlay-type":"","overlay-color":"","overlay-opacity":"","overlay-gradient":""},"tablet":{"background-color":"var(--ast-global-color-5)","background-image":"","background-repeat":"repeat","background-position":"center center","background-size":"auto","background-attachment":"scroll","background-type":"","background-media":"","overlay-type":"","overlay-color":"","overlay-opacity":"","overlay-gradient":""},"mobile":{"background-color":"var(--ast-global-color-5)","background-image":"","background-repeat":"repeat","background-position":"center center","background-size":"auto","background-attachment":"scroll","background-type":"","background-media":"","overlay-type":"","overlay-color":"","overlay-opacity":"","overlay-gradient":""}},"footnotes":""},"class_list":["post-2","page","type-page","status-publish","hentry"],"yoast_head":"<!-- This site is optimized with the Yoast SEO plugin v27.4 - https:\/\/yoast.com\/product\/yoast-seo-wordpress\/ -->\n<title>Informationen zur Anmeldung f\u00fcr das Schuljahr 2027\/28 - Leoschule L\u00fcnen<\/title>\n<meta name=\"robots\" content=\"index, follow, max-snippet:-1, max-image-preview:large, max-video-preview:-1\" \/>\n<link rel=\"canonical\" href=\"https:\/\/www.leoschule-luenen.de\/index.php\/sample-page\/\" \/>\n<meta property=\"og:locale\" content=\"de_DE\" \/>\n<meta property=\"og:type\" content=\"article\" \/>\n<meta property=\"og:title\" content=\"Informationen zur Anmeldung f\u00fcr das Schuljahr 2027\/28 - Leoschule L\u00fcnen\" \/>\n<meta property=\"og:description\" content=\"Hier finden Sie die wichtigsten Informationen zur Anmeldung Ihres Kindes an der Leoschule:&nbsp; Umfangreiche Informationen zur Leoschule finden Sie in unserem Eltern-ABC. Die \u00dcbersicht \u00fcber das Anmeldeverfahren und \u00fcber die L\u00fcner Grundschulen finden Sie in einem Flyer der Stadt L\u00fcnen, der zurzeit aktualisiert wird. Sobald er verf\u00fcgbar ist, finden Sie in hier.\" \/>\n<meta property=\"og:url\" content=\"https:\/\/www.leoschule-luenen.de\/index.php\/sample-page\/\" \/>\n<meta property=\"og:site_name\" content=\"Leoschule L\u00fcnen\" \/>\n<meta property=\"article:modified_time\" content=\"2026-04-16T05:17:41+00:00\" \/>\n<meta property=\"og:image\" content=\"https:\/\/www.leoschule-luenen.de\/wp-content\/uploads\/2021\/09\/bed197abed9c3bec371eba1489220184_f3409.jpg\" \/>\n\t<meta property=\"og:image:width\" content=\"300\" \/>\n\t<meta property=\"og:image:height\" content=\"176\" \/>\n\t<meta property=\"og:image:type\" content=\"image\/jpeg\" \/>\n<meta name=\"twitter:card\" content=\"summary_large_image\" \/>\n<meta name=\"twitter:label1\" content=\"Gesch\u00e4tzte Lesezeit\" \/>\n\t<meta name=\"twitter:data1\" content=\"2\u00a0Minuten\" \/>\n<script type=\"application\/ld+json\" class=\"yoast-schema-graph\">{\"@context\":\"https:\\\/\\\/schema.org\",\"@graph\":[{\"@type\":\"WebPage\",\"@id\":\"https:\\\/\\\/www.leoschule-luenen.de\\\/index.php\\\/sample-page\\\/\",\"url\":\"https:\\\/\\\/www.leoschule-luenen.de\\\/index.php\\\/sample-page\\\/\",\"name\":\"Informationen zur Anmeldung f\u00fcr das Schuljahr 2027\\\/28 - Leoschule L\u00fcnen\",\"isPartOf\":{\"@id\":\"https:\\\/\\\/www.leoschule-luenen.de\\\/#website\"},\"primaryImageOfPage\":{\"@id\":\"https:\\\/\\\/www.leoschule-luenen.de\\\/index.php\\\/sample-page\\\/#primaryimage\"},\"image\":{\"@id\":\"https:\\\/\\\/www.leoschule-luenen.de\\\/index.php\\\/sample-page\\\/#primaryimage\"},\"thumbnailUrl\":\"https:\\\/\\\/www.leoschule-luenen.de\\\/wp-content\\\/uploads\\\/2021\\\/09\\\/bed197abed9c3bec371eba1489220184_f3409.jpg\",\"datePublished\":\"2021-09-13T16:22:47+00:00\",\"dateModified\":\"2026-04-16T05:17:41+00:00\",\"breadcrumb\":{\"@id\":\"https:\\\/\\\/www.leoschule-luenen.de\\\/index.php\\\/sample-page\\\/#breadcrumb\"},\"inLanguage\":\"de\",\"potentialAction\":[{\"@type\":\"ReadAction\",\"target\":[\"https:\\\/\\\/www.leoschule-luenen.de\\\/index.php\\\/sample-page\\\/\"]}]},{\"@type\":\"ImageObject\",\"inLanguage\":\"de\",\"@id\":\"https:\\\/\\\/www.leoschule-luenen.de\\\/index.php\\\/sample-page\\\/#primaryimage\",\"url\":\"https:\\\/\\\/www.leoschule-luenen.de\\\/wp-content\\\/uploads\\\/2021\\\/09\\\/bed197abed9c3bec371eba1489220184_f3409.jpg\",\"contentUrl\":\"https:\\\/\\\/www.leoschule-luenen.de\\\/wp-content\\\/uploads\\\/2021\\\/09\\\/bed197abed9c3bec371eba1489220184_f3409.jpg\",\"width\":300,\"height\":176},{\"@type\":\"BreadcrumbList\",\"@id\":\"https:\\\/\\\/www.leoschule-luenen.de\\\/index.php\\\/sample-page\\\/#breadcrumb\",\"itemListElement\":[{\"@type\":\"ListItem\",\"position\":1,\"name\":\"Startseite\",\"item\":\"https:\\\/\\\/www.leoschule-luenen.de\\\/\"},{\"@type\":\"ListItem\",\"position\":2,\"name\":\"Informationen zur Anmeldung f\u00fcr das Schuljahr 2027\\\/28\"}]},{\"@type\":\"WebSite\",\"@id\":\"https:\\\/\\\/www.leoschule-luenen.de\\\/#website\",\"url\":\"https:\\\/\\\/www.leoschule-luenen.de\\\/\",\"name\":\"Leoschule L\u00fcnen\",\"description\":\"St\u00e4dtische Katholische Grundschule\",\"publisher\":{\"@id\":\"https:\\\/\\\/www.leoschule-luenen.de\\\/#organization\"},\"potentialAction\":[{\"@type\":\"SearchAction\",\"target\":{\"@type\":\"EntryPoint\",\"urlTemplate\":\"https:\\\/\\\/www.leoschule-luenen.de\\\/?s={search_term_string}\"},\"query-input\":{\"@type\":\"PropertyValueSpecification\",\"valueRequired\":true,\"valueName\":\"search_term_string\"}}],\"inLanguage\":\"de\"},{\"@type\":\"Organization\",\"@id\":\"https:\\\/\\\/www.leoschule-luenen.de\\\/#organization\",\"name\":\"Leoschule\",\"url\":\"https:\\\/\\\/www.leoschule-luenen.de\\\/\",\"logo\":{\"@type\":\"ImageObject\",\"inLanguage\":\"de\",\"@id\":\"https:\\\/\\\/www.leoschule-luenen.de\\\/#\\\/schema\\\/logo\\\/image\\\/\",\"url\":\"https:\\\/\\\/www.leoschule-luenen.de\\\/wp-content\\\/uploads\\\/2021\\\/09\\\/cropped-LeoLogo-2.jpg\",\"contentUrl\":\"https:\\\/\\\/www.leoschule-luenen.de\\\/wp-content\\\/uploads\\\/2021\\\/09\\\/cropped-LeoLogo-2.jpg\",\"width\":342,\"height\":342,\"caption\":\"Leoschule\"},\"image\":{\"@id\":\"https:\\\/\\\/www.leoschule-luenen.de\\\/#\\\/schema\\\/logo\\\/image\\\/\"}}]}<\/script>\n<!-- \/ Yoast SEO plugin. -->","yoast_head_json":{"title":"Informationen zur Anmeldung f\u00fcr das Schuljahr 2027\/28 - Leoschule L\u00fcnen","robots":{"index":"index","follow":"follow","max-snippet":"max-snippet:-1","max-image-preview":"max-image-preview:large","max-video-preview":"max-video-preview:-1"},"canonical":"https:\/\/www.leoschule-luenen.de\/index.php\/sample-page\/","og_locale":"de_DE","og_type":"article","og_title":"Informationen zur Anmeldung f\u00fcr das Schuljahr 2027\/28 - Leoschule L\u00fcnen","og_description":"Hier finden Sie die wichtigsten Informationen zur Anmeldung Ihres Kindes an der Leoschule:&nbsp; Umfangreiche Informationen zur Leoschule finden Sie in unserem Eltern-ABC. Die \u00dcbersicht \u00fcber das Anmeldeverfahren und \u00fcber die L\u00fcner Grundschulen finden Sie in einem Flyer der Stadt L\u00fcnen, der zurzeit aktualisiert wird. Sobald er verf\u00fcgbar ist, finden Sie in hier.","og_url":"https:\/\/www.leoschule-luenen.de\/index.php\/sample-page\/","og_site_name":"Leoschule L\u00fcnen","article_modified_time":"2026-04-16T05:17:41+00:00","og_image":[{"width":300,"height":176,"url":"https:\/\/www.leoschule-luenen.de\/wp-content\/uploads\/2021\/09\/bed197abed9c3bec371eba1489220184_f3409.jpg","type":"image\/jpeg"}],"twitter_card":"summary_large_image","twitter_misc":{"Gesch\u00e4tzte Lesezeit":"2\u00a0Minuten"},"schema":{"@context":"https:\/\/schema.org","@graph":[{"@type":"WebPage","@id":"https:\/\/www.leoschule-luenen.de\/index.php\/sample-page\/","url":"https:\/\/www.leoschule-luenen.de\/index.php\/sample-page\/","name":"Informationen zur Anmeldung f\u00fcr das Schuljahr 2027\/28 - Leoschule L\u00fcnen","isPartOf":{"@id":"https:\/\/www.leoschule-luenen.de\/#website"},"primaryImageOfPage":{"@id":"https:\/\/www.leoschule-luenen.de\/index.php\/sample-page\/#primaryimage"},"image":{"@id":"https:\/\/www.leoschule-luenen.de\/index.php\/sample-page\/#primaryimage"},"thumbnailUrl":"https:\/\/www.leoschule-luenen.de\/wp-content\/uploads\/2021\/09\/bed197abed9c3bec371eba1489220184_f3409.jpg","datePublished":"2021-09-13T16:22:47+00:00","dateModified":"2026-04-16T05:17:41+00:00","breadcrumb":{"@id":"https:\/\/www.leoschule-luenen.de\/index.php\/sample-page\/#breadcrumb"},"inLanguage":"de","potentialAction":[{"@type":"ReadAction","target":["https:\/\/www.leoschule-luenen.de\/index.php\/sample-page\/"]}]},{"@type":"ImageObject","inLanguage":"de","@id":"https:\/\/www.leoschule-luenen.de\/index.php\/sample-page\/#primaryimage","url":"https:\/\/www.leoschule-luenen.de\/wp-content\/uploads\/2021\/09\/bed197abed9c3bec371eba1489220184_f3409.jpg","contentUrl":"https:\/\/www.leoschule-luenen.de\/wp-content\/uploads\/2021\/09\/bed197abed9c3bec371eba1489220184_f3409.jpg","width":300,"height":176},{"@type":"BreadcrumbList","@id":"https:\/\/www.leoschule-luenen.de\/index.php\/sample-page\/#breadcrumb","itemListElement":[{"@type":"ListItem","position":1,"name":"Startseite","item":"https:\/\/www.leoschule-luenen.de\/"},{"@type":"ListItem","position":2,"name":"Informationen zur Anmeldung f\u00fcr das Schuljahr 2027\/28"}]},{"@type":"WebSite","@id":"https:\/\/www.leoschule-luenen.de\/#website","url":"https:\/\/www.leoschule-luenen.de\/","name":"Leoschule L\u00fcnen","description":"St\u00e4dtische Katholische Grundschule","publisher":{"@id":"https:\/\/www.leoschule-luenen.de\/#organization"},"potentialAction":[{"@type":"SearchAction","target":{"@type":"EntryPoint","urlTemplate":"https:\/\/www.leoschule-luenen.de\/?s={search_term_string}"},"query-input":{"@type":"PropertyValueSpecification","valueRequired":true,"valueName":"search_term_string"}}],"inLanguage":"de"},{"@type":"Organization","@id":"https:\/\/www.leoschule-luenen.de\/#organization","name":"Leoschule","url":"https:\/\/www.leoschule-luenen.de\/","logo":{"@type":"ImageObject","inLanguage":"de","@id":"https:\/\/www.leoschule-luenen.de\/#\/schema\/logo\/image\/","url":"https:\/\/www.leoschule-luenen.de\/wp-content\/uploads\/2021\/09\/cropped-LeoLogo-2.jpg","contentUrl":"https:\/\/www.leoschule-luenen.de\/wp-content\/uploads\/2021\/09\/cropped-LeoLogo-2.jpg","width":342,"height":342,"caption":"Leoschule"},"image":{"@id":"https:\/\/www.leoschule-luenen.de\/#\/schema\/logo\/image\/"}}]}},"_links":{"self":[{"href":"https:\/\/www.leoschule-luenen.de\/index.php\/wp-json\/wp\/v2\/pages\/2","targetHints":{"allow":["GET"]}}],"collection":[{"href":"https:\/\/www.leoschule-luenen.de\/index.php\/wp-json\/wp\/v2\/pages"}],"about":[{"href":"https:\/\/www.leoschule-luenen.de\/index.php\/wp-json\/wp\/v2\/types\/page"}],"author":[{"embeddable":true,"href":"https:\/\/www.leoschule-luenen.de\/index.php\/wp-json\/wp\/v2\/users\/1"}],"replies":[{"embeddable":true,"href":"https:\/\/www.leoschule-luenen.de\/index.php\/wp-json\/wp\/v2\/comments?post=2"}],"version-history":[{"count":29,"href":"https:\/\/www.leoschule-luenen.de\/index.php\/wp-json\/wp\/v2\/pages\/2\/revisions"}],"predecessor-version":[{"id":2712,"href":"https:\/\/www.leoschule-luenen.de\/index.php\/wp-json\/wp\/v2\/pages\/2\/revisions\/2712"}],"wp:attachment":[{"href":"https:\/\/www.leoschule-luenen.de\/index.php\/wp-json\/wp\/v2\/media?parent=2"}],"curies":[{"name":"wp","href":"https:\/\/api.w.org\/{rel}","templated":true}]}}